{"id":5491,"date":"2024-11-15T14:39:50","date_gmt":"2024-11-15T11:39:50","guid":{"rendered":"https:\/\/andreibarseanu.ro\/?page_id=5491"},"modified":"2025-01-14T11:39:12","modified_gmt":"2025-01-14T08:39:12","slug":"prezentare","status":"publish","type":"page","link":"https:\/\/andreibarseanu.ro\/en\/prezentare\/","title":{"rendered":"Presentation"},"content":{"rendered":"<div class=\"fusion-fullwidth fullwidth-box fusion-builder-row-1 fusion-flex-container has-pattern-background has-mask-background nonhundred-percent-fullwidth non-hundred-percent-height-scrolling fusion-animated\" style=\"--awb-background-position:left top;--awb-background-blend-mode:screen;--awb-border-sizes-top:0px;--awb-border-sizes-bottom:0px;--awb-border-sizes-left:0px;--awb-border-sizes-right:0px;--awb-border-color:var(--awb-color3);--awb-border-radius-top-left:0px;--awb-border-radius-top-right:0px;--awb-border-radius-bottom-right:0px;--awb-border-radius-bottom-left:0px;--awb-padding-top:200px;--awb-padding-right:0px;--awb-padding-bottom:10px;--awb-padding-left:0px;--awb-padding-top-medium:0px;--awb-padding-bottom-medium:0px;--awb-padding-top-small:30px;--awb-padding-right-small:30px;--awb-padding-left-small:30px;--awb-margin-top:-120px;--awb-margin-bottom:20px;--awb-margin-top-medium:-80px;--awb-margin-bottom-medium:80px;--awb-margin-top-small:-60px;--awb-margin-bottom-small:60px;--awb-background-color:var(--awb-color1);--awb-flex-wrap:wrap;\" data-animationtype=\"fadeInUp\" data-animationduration=\"1.3\" data-animationoffset=\"top-into-view\" ><div class=\"fusion-builder-row fusion-row fusion-flex-align-items-stretch fusion-flex-justify-content-center fusion-flex-content-wrap\" style=\"max-width:calc( 1320px + 0px );margin-left: calc(-0px \/ 2 );margin-right: calc(-0px \/ 2 );\"><div class=\"fusion-layout-column fusion_builder_column fusion-builder-column-0 fusion_builder_column_1_1 1_1 fusion-flex-column\" style=\"--awb-bg-size:cover;--awb-width-large:100%;--awb-margin-top-large:60px;--awb-spacing-right-large:0px;--awb-margin-bottom-large:0px;--awb-spacing-left-large:0px;--awb-width-medium:100%;--awb-order-medium:0;--awb-spacing-right-medium:0px;--awb-spacing-left-medium:0px;--awb-width-small:100%;--awb-order-small:0;--awb-spacing-right-small:0px;--awb-spacing-left-small:0px;\" data-scroll-devices=\"small-visibility,medium-visibility,large-visibility\"><div class=\"fusion-column-wrapper fusion-column-has-shadow fusion-flex-justify-content-flex-start fusion-content-layout-column\"><div class=\"fusion-text fusion-text-1\" style=\"--awb-content-alignment:center;--awb-font-size:22px;--awb-text-color:var(--awb-color5);\"><p>Presentation<\/p>\n<\/div><\/div><\/div><div class=\"fusion-layout-column fusion_builder_column fusion-builder-column-1 fusion_builder_column_1_1 1_1 fusion-flex-column fusion-animated\" style=\"--awb-padding-top:30px;--awb-padding-right:4vw;--awb-padding-left:4vw;--awb-padding-top-small:0px;--awb-padding-right-small:0px;--awb-padding-bottom-small:0px;--awb-padding-left-small:0px;--awb-bg-color:var(--awb-color1);--awb-bg-color-hover:var(--awb-color1);--awb-bg-size:cover;--awb-width-large:100%;--awb-margin-top-large:0px;--awb-spacing-right-large:calc( 0.022 * calc( 100% - 0 ) );--awb-margin-bottom-large:0px;--awb-spacing-left-large:0px;--awb-width-medium:100%;--awb-order-medium:0;--awb-spacing-right-medium:calc( 0.022 * calc( 100% - 0 ) );--awb-spacing-left-medium:0px;--awb-width-small:100%;--awb-order-small:1;--awb-spacing-right-small:0px;--awb-spacing-left-small:0px;\" data-animationtype=\"fadeInUp\" data-animationduration=\"1.3\" data-animationoffset=\"top-into-view\" data-scroll-devices=\"small-visibility,medium-visibility,large-visibility\"><div class=\"fusion-column-wrapper fusion-column-has-shadow fusion-flex-justify-content-flex-start fusion-content-layout-column\"><div class=\"fusion-text fusion-text-2\"><p>The history of the \"Andrei Barseanu\" Hidhschool reflects the tradition of education in the region the Tarnava River. Founded in the academic year 1946\/1947, the highschool has its roots in the Public Secondary School \"Andrei Barseanu\", located on  Republicii Street  no 90.<\/p>\n<p>Its origin can be tracked back to the year 1888, when a school girl was founded, to which a civil boys school was added in 1900. In 1919 these institutions were reunited and afterwards divised in 1922, becoming distinct secondary schools: The Secondary School for girls \"Oltea Doamna\" and the Secondary School for boys \"Andrei Barseanu\".<\/p>\n<p>The changing of the mixt secondary school into highschool was influenced by the economic development of the town. The first  11- grade graduaters of the highschool completed their studies in 1948\/1949. Throughout the years, the educational system underwent various changes, establishing the current duration of 12 years starting with the year 1968.<\/p>\n<p>Since 1960 the highschool has been functioning in a modern building located on Republicii Street no 15, equipped wit classrooms, labs, school library and sports facilities. The material state has been gradually extended, including computer science, physics-chemistry, biology and romanian language labs.<\/p>\n<p>The highschool has had different names throughout the years, reflecting the historical changes: \"Alexandru Sahia\"( 1948-1964), \"Secondary School no.1\" (1964), \"Science and Humanist Highschool no.1\" (1965) and since 1990 \" Andrei Barseanu Highschool\".<\/p>\n<p>The school  prestige is owed to the teachers and the students who have contributed at the performance of the institute. Teachers such as: Oproescu Petre, Francu Constantin and Covrig Ionel had a significant impact together with many other devoted teachers.<\/p>\n<p>The highschool history is marked by the constant transfer of knowledge and values, a process that continues to enliven the classrooms and to form new generations of students.<\/p>\n<\/div><\/div><\/div><div class=\"fusion-layout-column fusion_builder_column fusion-builder-column-2 fusion_builder_column_1_2 1_2 fusion-flex-column fusion-animated\" style=\"--awb-padding-top:30px;--awb-padding-right:4vw;--awb-padding-left:4vw;--awb-padding-top-small:0px;--awb-padding-right-small:0px;--awb-padding-bottom-small:0px;--awb-padding-left-small:0px;--awb-bg-color:var(--awb-color1);--awb-bg-color-hover:var(--awb-color1);--awb-bg-size:cover;--awb-width-large:50%;--awb-margin-top-large:0px;--awb-spacing-right-large:calc( 0.044 * calc( 100% - 0 ) );--awb-margin-bottom-large:0px;--awb-spacing-left-large:0px;--awb-width-medium:50%;--awb-order-medium:0;--awb-spacing-right-medium:calc( 0.044 * calc( 100% - 0 ) );--awb-spacing-left-medium:0px;--awb-width-small:100%;--awb-order-small:1;--awb-spacing-right-small:0px;--awb-spacing-left-small:0px;\" data-animationtype=\"fadeInUp\" data-animationduration=\"1.3\" data-animationoffset=\"top-into-view\" data-scroll-devices=\"small-visibility,medium-visibility,large-visibility\"><div class=\"fusion-column-wrapper fusion-column-has-shadow fusion-flex-justify-content-flex-start fusion-content-layout-column\"><div class=\"fusion-text fusion-text-3\"><p><strong>The illustrious teacher who gave us fame<\/strong><\/p>\n<p align=\"justify\">Andrei Barseanu was born in 1858, at Darste, near Brasov. He accomplished his studies in Brasov, then he went to Vienna and Munchen, where between 1878 and 1881, he finished his university studies. He joined the students` organization \"The Young Romania\".<\/p>\n<p align=\"justify\">During his studies in Vienna he met Jan Urban Jarnik, the next to be philologist and philoromanian with czech origin, an honour member of The Romanian Academy.<\/p>\n<p align=\"justify\">He came back to Transylvania, first in Brasov, where he taught in the Romanian Highschool. He became a reviser and then a dirigent of the superior school. He moved to Sibiu where he was appointed the headmaster of education. He edited the educational journal `` The school and the family`` in 1887. He became a member of the Romanian Academy  and in 1912 he was elected vicepresident. A year before he was elected president of ASTRA, being in this position until 1922. In the same period of time he became regional headmaster of schools.<\/p>\n<\/div><\/div><\/div><div class=\"fusion-layout-column fusion_builder_column fusion-builder-column-3 fusion_builder_column_1_2 1_2 fusion-flex-column fusion-animated\" style=\"--awb-padding-top:30px;--awb-padding-right:4vw;--awb-padding-bottom:2vw;--awb-padding-left:4vw;--awb-padding-top-small:30px;--awb-padding-right-small:0px;--awb-padding-bottom-small:30px;--awb-padding-left-small:0px;--awb-bg-color:var(--awb-color1);--awb-bg-color-hover:var(--awb-color1);--awb-bg-size:cover;--awb-width-large:50%;--awb-margin-top-large:0px;--awb-spacing-right-large:calc( 0.044 * calc( 100% - 0 ) );--awb-margin-bottom-large:0px;--awb-spacing-left-large:0px;--awb-width-medium:50%;--awb-order-medium:0;--awb-spacing-right-medium:calc( 0.044 * calc( 100% - 0 ) );--awb-spacing-left-medium:0px;--awb-width-small:100%;--awb-order-small:1;--awb-spacing-right-small:0px;--awb-spacing-left-small:0px;\" data-animationtype=\"fadeInUp\" data-animationduration=\"1.3\" data-animationoffset=\"top-into-view\" data-scroll-devices=\"small-visibility,medium-visibility,large-visibility\"><div class=\"fusion-column-wrapper fusion-column-has-shadow fusion-flex-justify-content-flex-start fusion-content-layout-column\"><div class=\"fusion-image-element\" style=\"--awb-caption-title-font-family:var(--h2_typography-font-family);--awb-caption-title-font-weight:var(--h2_typography-font-weight);--awb-caption-title-font-style:var(--h2_typography-font-style);--awb-caption-title-size:var(--h2_typography-font-size);--awb-caption-title-transform:var(--h2_typography-text-transform);--awb-caption-title-line-height:var(--h2_typography-line-height);--awb-caption-title-letter-spacing:var(--h2_typography-letter-spacing);\"><span class=\"fusion-imageframe imageframe-none imageframe-1 hover-type-none\"><img decoding=\"async\" width=\"600\" height=\"600\" title=\"andreibarseanu\" src=\"https:\/\/andreibarseanu.ro\/wp-content\/uploads\/2024\/11\/andreibarseanu.jpg\" data-orig-src=\"https:\/\/andreibarseanu.ro\/wp-content\/uploads\/2024\/11\/andreibarseanu.jpg\" alt class=\"lazyload img-responsive wp-image-5497\" srcset=\"data:image\/svg+xml,%3Csvg%20xmlns%3D%27http%3A%2F%2Fwww.w3.org%2F2000%2Fsvg%27%20width%3D%27600%27%20height%3D%27600%27%20viewBox%3D%270%200%20600%20600%27%3E%3Crect%20width%3D%27600%27%20height%3D%27600%27%20fill-opacity%3D%220%22%2F%3E%3C%2Fsvg%3E\" data-srcset=\"https:\/\/andreibarseanu.ro\/wp-content\/uploads\/2024\/11\/andreibarseanu-200x200.jpg 200w, https:\/\/andreibarseanu.ro\/wp-content\/uploads\/2024\/11\/andreibarseanu-400x400.jpg 400w, https:\/\/andreibarseanu.ro\/wp-content\/uploads\/2024\/11\/andreibarseanu.jpg 600w\" data-sizes=\"auto\" data-orig-sizes=\"(max-width: 850px) 100vw, 600px\" \/><\/span><\/div><\/div><\/div><div class=\"fusion-layout-column fusion_builder_column fusion-builder-column-4 fusion_builder_column_1_1 1_1 fusion-flex-column fusion-animated\" style=\"--awb-padding-right:4vw;--awb-padding-bottom:2vw;--awb-padding-left:4vw;--awb-padding-top-small:0px;--awb-padding-right-small:0px;--awb-padding-bottom-small:0px;--awb-padding-left-small:0px;--awb-bg-color:var(--awb-color1);--awb-bg-color-hover:var(--awb-color1);--awb-bg-size:cover;--awb-width-large:100%;--awb-margin-top-large:0px;--awb-spacing-right-large:calc( 0.022 * calc( 100% - 0 ) );--awb-margin-bottom-large:0px;--awb-spacing-left-large:0px;--awb-width-medium:100%;--awb-order-medium:0;--awb-spacing-right-medium:calc( 0.022 * calc( 100% - 0 ) );--awb-spacing-left-medium:0px;--awb-width-small:100%;--awb-order-small:1;--awb-spacing-right-small:0px;--awb-spacing-left-small:0px;\" data-animationtype=\"fadeInUp\" data-animationduration=\"1.3\" data-animationoffset=\"top-into-view\" data-scroll-devices=\"small-visibility,medium-visibility,large-visibility\"><div class=\"fusion-column-wrapper fusion-column-has-shadow fusion-flex-justify-content-flex-start fusion-content-layout-column\"><div class=\"fusion-text fusion-text-4\"><p align=\"justify\">In 1918 he became the vicepresident of The Great National Committte , and  vicepresident of The Dirigent Council in Sibiu.<\/p>\n<p align=\"justify\">Andrei Barseanu is the author of the poem `` Pe-al nostru steag e scris Unire``(our flag has the written word UNITY) , which had a real success among the Romanians and, especially among the Romanian soldires in World War I. Simultaneously with the action in Transylvania, he maintained the links with the educated class from Romania. Together with Jarnik he published works of Romanian folklore from Ardeal.<\/p>\n<p align=\"justify\" class=\"translation-block\">Andrei B\u00e2rseanu a l\u0103sat genera\u0163iilor de ast\u0103zi \u015fi viitoare un mobilizator testament care trebuie executat de to\u0163i cei care \u00ee\u015fi iubesc neamul \u015fi \u0163ara. <em>\u201cA ne mul\u0163umi cu rezultatele de p\u00e2n\u0103 acum, oric\u00e2t de str\u0103lucitoare ar fi ele \u015fi a ne odihni pe laurii biruin\u0163ei, crez\u00e2ndu-ne dispensa\u0163i de ori\u015fice osteneal\u0103 pentru viitor, ar fi cea mai mare gre\u015feal\u0103 pe care am putea-o face.\u201d<\/em><\/p>\n<p align=\"justify\">This legacy ought to be respected and followed from generation to generation, but mainly by the generation of the teachers and students of our highschool. We have the duty to follow it precisely to be worth of the spiritual patron of this school, because Andrei Barseanu` great soul watches us.<\/p>\n<p align=\"justify\" class=\"translation-block\">Research and drafting: teacher Mr. Covrig Ionel<\/p>\n<\/div><\/div><\/div><\/div><\/div>","protected":false},"excerpt":{"rendered":"","protected":false},"author":1,"featured_media":4157,"parent":0,"menu_order":0,"comment_status":"closed","ping_status":"closed","template":"100-width.php","meta":{"footnotes":""},"class_list":["post-5491","page","type-page","status-publish","has-post-thumbnail","hentry"],"_links":{"self":[{"href":"https:\/\/andreibarseanu.ro\/en\/wp-json\/wp\/v2\/pages\/5491","targetHints":{"allow":["GET"]}}],"collection":[{"href":"https:\/\/andreibarseanu.ro\/en\/wp-json\/wp\/v2\/pages"}],"about":[{"href":"https:\/\/andreibarseanu.ro\/en\/wp-json\/wp\/v2\/types\/page"}],"author":[{"embeddable":true,"href":"https:\/\/andreibarseanu.ro\/en\/wp-json\/wp\/v2\/users\/1"}],"replies":[{"embeddable":true,"href":"https:\/\/andreibarseanu.ro\/en\/wp-json\/wp\/v2\/comments?post=5491"}],"version-history":[{"count":14,"href":"https:\/\/andreibarseanu.ro\/en\/wp-json\/wp\/v2\/pages\/5491\/revisions"}],"predecessor-version":[{"id":5669,"href":"https:\/\/andreibarseanu.ro\/en\/wp-json\/wp\/v2\/pages\/5491\/revisions\/5669"}],"wp:featuredmedia":[{"embeddable":true,"href":"https:\/\/andreibarseanu.ro\/en\/wp-json\/"}],"wp:attachment":[{"href":"https:\/\/andreibarseanu.ro\/en\/wp-json\/wp\/v2\/media?parent=5491"}],"curies":[{"name":"wp","href":"https:\/\/api.w.org\/{rel}","templated":true}]}}