{"id":5819,"date":"2025-01-21T14:49:29","date_gmt":"2025-01-21T11:49:29","guid":{"rendered":"https:\/\/andreibarseanu.ro\/?page_id=5819"},"modified":"2025-01-21T17:03:39","modified_gmt":"2025-01-21T14:03:39","slug":"experienta-erasmus-inedita-si-de-neuitat-tamas-beatrice","status":"publish","type":"page","link":"https:\/\/andreibarseanu.ro\/hu\/erasmus\/experienta-erasmus-inedita-si-de-neuitat-tamas-beatrice\/","title":{"rendered":"Experien\u0163a Erasmus+  inedit\u0103 \u0219i de neuitat &#8211; Tamas Beatrice"},"content":{"rendered":"<div class=\"fusion-fullwidth fullwidth-box fusion-builder-row-1 fusion-flex-container has-pattern-background has-mask-background nonhundred-percent-fullwidth non-hundred-percent-height-scrolling fusion-animated\" style=\"--awb-background-position:left top;--awb-background-blend-mode:screen;--awb-border-sizes-top:0px;--awb-border-sizes-bottom:0px;--awb-border-sizes-left:0px;--awb-border-sizes-right:0px;--awb-border-color:var(--awb-color3);--awb-border-radius-top-left:0px;--awb-border-radius-top-right:0px;--awb-border-radius-bottom-right:0px;--awb-border-radius-bottom-left:0px;--awb-padding-top:200px;--awb-padding-right:0px;--awb-padding-bottom:10px;--awb-padding-left:0px;--awb-padding-top-medium:0px;--awb-padding-bottom-medium:0px;--awb-padding-top-small:30px;--awb-margin-top:-120px;--awb-margin-bottom:20px;--awb-margin-top-medium:-80px;--awb-margin-bottom-medium:80px;--awb-margin-top-small:-60px;--awb-margin-bottom-small:30px;--awb-background-color:var(--awb-color1);--awb-flex-wrap:wrap;\" data-animationtype=\"fadeInUp\" data-animationduration=\"1.3\" data-animationoffset=\"top-into-view\" ><div class=\"fusion-builder-row fusion-row fusion-flex-align-items-stretch fusion-flex-justify-content-center fusion-flex-content-wrap\" style=\"max-width:calc( 1320px + 0px );margin-left: calc(-0px \/ 2 );margin-right: calc(-0px \/ 2 );\"><div class=\"fusion-layout-column fusion_builder_column fusion-builder-column-0 fusion_builder_column_1_1 1_1 fusion-flex-column\" style=\"--awb-padding-right-small:30px;--awb-padding-left-small:30px;--awb-bg-size:cover;--awb-width-large:100%;--awb-margin-top-large:60px;--awb-spacing-right-large:0px;--awb-margin-bottom-large:0px;--awb-spacing-left-large:0px;--awb-width-medium:100%;--awb-order-medium:0;--awb-spacing-right-medium:0px;--awb-spacing-left-medium:0px;--awb-width-small:100%;--awb-order-small:0;--awb-spacing-right-small:0px;--awb-spacing-left-small:0px;\" data-scroll-devices=\"small-visibility,medium-visibility,large-visibility\"><div class=\"fusion-column-wrapper fusion-column-has-shadow fusion-flex-justify-content-flex-start fusion-content-layout-column\"><div class=\"fusion-text fusion-text-1\" style=\"--awb-content-alignment:center;--awb-font-size:22px;--awb-text-color:var(--awb-color5);\"><p>Experien\u0163a Erasmus+  inedit\u0103 \u0219i de neuitat &#8211; Tamas Beatrice<\/p>\n<\/div><\/div><\/div><div class=\"fusion-layout-column fusion_builder_column fusion-builder-column-1 fusion_builder_column_1_1 1_1 fusion-flex-column fusion-animated\" style=\"--awb-padding-top:30px;--awb-padding-right:30px;--awb-padding-left:30px;--awb-padding-top-small:0px;--awb-padding-right-small:30px;--awb-padding-bottom-small:0px;--awb-padding-left-small:30px;--awb-bg-color:var(--awb-color1);--awb-bg-color-hover:var(--awb-color1);--awb-bg-size:cover;--awb-width-large:100%;--awb-margin-top-large:0px;--awb-spacing-right-large:calc( 0.022 * calc( 100% - 0 ) );--awb-margin-bottom-large:0px;--awb-spacing-left-large:0px;--awb-width-medium:100%;--awb-order-medium:0;--awb-spacing-right-medium:calc( 0.022 * calc( 100% - 0 ) );--awb-spacing-left-medium:0px;--awb-width-small:100%;--awb-order-small:1;--awb-spacing-right-small:0px;--awb-spacing-left-small:0px;\" data-animationtype=\"fadeInUp\" data-animationduration=\"1.3\" data-animationoffset=\"top-into-view\" data-scroll-devices=\"small-visibility,medium-visibility,large-visibility\"><div class=\"fusion-column-wrapper fusion-column-has-shadow fusion-flex-justify-content-flex-start fusion-content-layout-column\"><div class=\"fusion-text fusion-text-2 sm-text-align-left\"><p><span style=\"font-weight: 400;\">Pot \u00eencepe prin a spune c\u0103 a fost o experien\u021b\u0103 inedit\u0103 \u0219i de neuitat. \u00cen cele cinci zile petrecute \u00een Atena am avut \u0219ansa at\u00e2t s\u0103 interac\u021bionez cu elevii eleni, c\u00e2t \u0219i s\u0103 vizitez obiective turistice \u0219i s\u0103 \u00eenv\u0103\u021b lucruri noi despre cultura greac\u0103.\u00a0<\/span><\/p>\n<p><span style=\"font-weight: 400;\">Am avut ocazia s\u0103 vizit\u0103m dou\u0103 \u0219coli: \u0218coala de Art\u0103 din Peristeri \u0219i \u0218coala Primar\u0103 Nea Ionia, cea din urm\u0103 fiind o \u0219coal\u0103 interna\u021bional\u0103 care are drept obiectiv sus\u021binerea copiilor din familii provenite din toate col\u021burile lumii \u00een adaptarea la stilul de via\u021b\u0103 din Atena, lucru care m-a impresionat. Elevii \u015ecolii de Arte au fost foarte deschi\u0219i \u0219i primitori cu noi, factori care au contribuit la acomodarea mai rapid\u0103 a noastr\u0103 \u00een colectivul lor.<\/span><\/p>\n<p><span style=\"font-weight: 400;\">Printre obiectivele vizitate care m-au impresionat se num\u0103r\u0103 Acropolele \u0219i Muzeul Arheologic care ne-au oferit oportunitatea de a descoperi mai multe despre cultura \u0219i istoria greac\u0103.<\/span><\/p>\n<p><span style=\"font-weight: 400;\">\u00cen concluzie, acest proiect mi-a dat \u0219ansa s\u0103 \u00eemi \u00eembog\u0103\u021besc cultura general\u0103, s\u0103 \u00eenv\u0103\u021b s\u0103 \u00eemi gestionez timpul, s\u0103 devin mai organizat\u0103 \u0219i s\u0103 \u00eemi exersez aptitudinile lingvistice \u00een limba englez\u0103, dar \u0219i s\u0103 leg noi conexiuni \u0219i prietenii.\u00a0\u00a0<\/span><\/p>\n<p style=\"text-align: left;\"><em><span style=\"font-weight: 400;\">T\u0103ma\u015f Beatrice \u2013 elev\u0103 clasa a X-a A, <\/span><span style=\"font-weight: 400;\">participant proiect Erasmus+ KA122\u00a0 Educa\u0163ie \u015ecolar\u0103 al Liceului Teoretic \u201cAndrei B\u00e2rseanu\u201d &#8211; \u201cSub semnul lui \u00eempreun\u0103: g\u00e2ndim, ne motiv\u0103m \u015fi \u00eemp\u0103rt\u0103\u015fim\u201d nr. <\/span>2023-1-RO01-KA122-SCH-000127251<\/em><\/p>\n<\/div><\/div><\/div><div class=\"fusion-layout-column fusion_builder_column fusion-builder-column-2 fusion_builder_column_1_1 1_1 fusion-flex-column fusion-animated\" style=\"--awb-padding-top:30px;--awb-padding-right:30px;--awb-padding-left:30px;--awb-padding-top-small:0px;--awb-padding-right-small:30px;--awb-padding-bottom-small:0px;--awb-padding-left-small:30px;--awb-bg-color:var(--awb-color1);--awb-bg-color-hover:var(--awb-color1);--awb-bg-size:cover;--awb-width-large:100%;--awb-margin-top-large:0px;--awb-spacing-right-large:calc( 0.022 * calc( 100% - 0 ) );--awb-margin-bottom-large:60px;--awb-spacing-left-large:0px;--awb-width-medium:100%;--awb-order-medium:0;--awb-spacing-right-medium:calc( 0.022 * calc( 100% - 0 ) );--awb-spacing-left-medium:0px;--awb-width-small:100%;--awb-order-small:1;--awb-spacing-right-small:0px;--awb-spacing-left-small:0px;\" data-animationtype=\"fadeInUp\" data-animationduration=\"1.3\" data-animationoffset=\"top-into-view\" data-scroll-devices=\"small-visibility,medium-visibility,large-visibility\"><div class=\"fusion-column-wrapper fusion-column-has-shadow fusion-flex-justify-content-flex-start fusion-content-layout-column\"><div class=\"fusion-image-element\" style=\"--awb-caption-title-font-family:var(--h2_typography-font-family);--awb-caption-title-font-weight:var(--h2_typography-font-weight);--awb-caption-title-font-style:var(--h2_typography-font-style);--awb-caption-title-size:var(--h2_typography-font-size);--awb-caption-title-transform:var(--h2_typography-text-transform);--awb-caption-title-line-height:var(--h2_typography-line-height);--awb-caption-title-letter-spacing:var(--h2_typography-letter-spacing);\"><span class=\"fusion-imageframe imageframe-none imageframe-1 hover-type-none\"><img decoding=\"async\" width=\"1600\" height=\"1201\" title=\"MuzeulArheologic\" src=\"https:\/\/andreibarseanu.ro\/wp-content\/uploads\/2025\/01\/MuzeulArheologic.jpeg\" data-orig-src=\"https:\/\/andreibarseanu.ro\/wp-content\/uploads\/2025\/01\/MuzeulArheologic.jpeg\" alt class=\"lazyload img-responsive wp-image-5820\" srcset=\"data:image\/svg+xml,%3Csvg%20xmlns%3D%27http%3A%2F%2Fwww.w3.org%2F2000%2Fsvg%27%20width%3D%271600%27%20height%3D%271201%27%20viewBox%3D%270%200%201600%201201%27%3E%3Crect%20width%3D%271600%27%20height%3D%271201%27%20fill-opacity%3D%220%22%2F%3E%3C%2Fsvg%3E\" data-srcset=\"https:\/\/andreibarseanu.ro\/wp-content\/uploads\/2025\/01\/MuzeulArheologic-200x150.jpeg 200w, https:\/\/andreibarseanu.ro\/wp-content\/uploads\/2025\/01\/MuzeulArheologic-400x300.jpeg 400w, https:\/\/andreibarseanu.ro\/wp-content\/uploads\/2025\/01\/MuzeulArheologic-600x450.jpeg 600w, https:\/\/andreibarseanu.ro\/wp-content\/uploads\/2025\/01\/MuzeulArheologic-800x601.jpeg 800w, https:\/\/andreibarseanu.ro\/wp-content\/uploads\/2025\/01\/MuzeulArheologic-1200x901.jpeg 1200w, https:\/\/andreibarseanu.ro\/wp-content\/uploads\/2025\/01\/MuzeulArheologic.jpeg 1600w\" data-sizes=\"auto\" data-orig-sizes=\"(max-width: 850px) 100vw, 1600px\" \/><\/span><\/div><\/div><\/div><\/div><\/div>","protected":false},"excerpt":{"rendered":"","protected":false},"author":1,"featured_media":4157,"parent":5714,"menu_order":0,"comment_status":"closed","ping_status":"closed","template":"100-width.php","meta":{"footnotes":""},"class_list":["post-5819","page","type-page","status-publish","has-post-thumbnail","hentry"],"_links":{"self":[{"href":"https:\/\/andreibarseanu.ro\/hu\/wp-json\/wp\/v2\/pages\/5819","targetHints":{"allow":["GET"]}}],"collection":[{"href":"https:\/\/andreibarseanu.ro\/hu\/wp-json\/wp\/v2\/pages"}],"about":[{"href":"https:\/\/andreibarseanu.ro\/hu\/wp-json\/wp\/v2\/types\/page"}],"author":[{"embeddable":true,"href":"https:\/\/andreibarseanu.ro\/hu\/wp-json\/wp\/v2\/users\/1"}],"replies":[{"embeddable":true,"href":"https:\/\/andreibarseanu.ro\/hu\/wp-json\/wp\/v2\/comments?post=5819"}],"version-history":[{"count":7,"href":"https:\/\/andreibarseanu.ro\/hu\/wp-json\/wp\/v2\/pages\/5819\/revisions"}],"predecessor-version":[{"id":5856,"href":"https:\/\/andreibarseanu.ro\/hu\/wp-json\/wp\/v2\/pages\/5819\/revisions\/5856"}],"up":[{"embeddable":true,"href":"https:\/\/andreibarseanu.ro\/hu\/wp-json\/wp\/v2\/pages\/5714"}],"wp:featuredmedia":[{"embeddable":true,"href":"https:\/\/andreibarseanu.ro\/hu\/wp-json\/"}],"wp:attachment":[{"href":"https:\/\/andreibarseanu.ro\/hu\/wp-json\/wp\/v2\/media?parent=5819"}],"curies":[{"name":"wp","href":"https:\/\/api.w.org\/{rel}","templated":true}]}}