{"id":5825,"date":"2025-01-21T14:52:27","date_gmt":"2025-01-21T11:52:27","guid":{"rendered":"https:\/\/andreibarseanu.ro\/?page_id=5825"},"modified":"2025-01-21T17:26:59","modified_gmt":"2025-01-21T14:26:59","slug":"experienta-extraordinara-erasmus-vasiu-bogdan","status":"publish","type":"page","link":"https:\/\/andreibarseanu.ro\/hu\/erasmus\/experienta-extraordinara-erasmus-vasiu-bogdan\/","title":{"rendered":"A rendk\u00edv\u00fcli Erasmus+ \u00e9lm\u00e9ny \u2013 Vasiu Bogdan"},"content":{"rendered":"<div class=\"fusion-fullwidth fullwidth-box fusion-builder-row-1 fusion-flex-container has-pattern-background has-mask-background nonhundred-percent-fullwidth non-hundred-percent-height-scrolling fusion-animated\" style=\"--awb-background-position:left top;--awb-background-blend-mode:screen;--awb-border-sizes-top:0px;--awb-border-sizes-bottom:0px;--awb-border-sizes-left:0px;--awb-border-sizes-right:0px;--awb-border-color:var(--awb-color3);--awb-border-radius-top-left:0px;--awb-border-radius-top-right:0px;--awb-border-radius-bottom-right:0px;--awb-border-radius-bottom-left:0px;--awb-padding-top:200px;--awb-padding-right:0px;--awb-padding-bottom:10px;--awb-padding-left:0px;--awb-padding-top-medium:0px;--awb-padding-bottom-medium:0px;--awb-padding-top-small:30px;--awb-margin-top:-120px;--awb-margin-bottom:20px;--awb-margin-top-medium:-80px;--awb-margin-bottom-medium:80px;--awb-margin-top-small:-60px;--awb-margin-bottom-small:30px;--awb-background-color:var(--awb-color1);--awb-flex-wrap:wrap;\" data-animationtype=\"fadeInUp\" data-animationduration=\"1.3\" data-animationoffset=\"top-into-view\" ><div class=\"fusion-builder-row fusion-row fusion-flex-align-items-stretch fusion-flex-content-wrap\" style=\"max-width:calc( 1320px + 0px );margin-left: calc(-0px \/ 2 );margin-right: calc(-0px \/ 2 );\"><div class=\"fusion-layout-column fusion_builder_column fusion-builder-column-0 fusion_builder_column_1_1 1_1 fusion-flex-column\" style=\"--awb-padding-right-small:30px;--awb-padding-left-small:30px;--awb-bg-size:cover;--awb-width-large:100%;--awb-margin-top-large:60px;--awb-spacing-right-large:0px;--awb-margin-bottom-large:0px;--awb-spacing-left-large:0px;--awb-width-medium:100%;--awb-order-medium:0;--awb-spacing-right-medium:0px;--awb-spacing-left-medium:0px;--awb-width-small:100%;--awb-order-small:0;--awb-spacing-right-small:0px;--awb-spacing-left-small:0px;\" data-scroll-devices=\"small-visibility,medium-visibility,large-visibility\"><div class=\"fusion-column-wrapper fusion-column-has-shadow fusion-flex-justify-content-flex-start fusion-content-layout-column\"><div class=\"fusion-text fusion-text-1\" style=\"--awb-content-alignment:center;--awb-font-size:22px;--awb-text-color:var(--awb-color5);\"><p>A rendk\u00edv\u00fcli Erasmus+ \u00e9lm\u00e9ny \u2013 Vasiu Bogdan<\/p>\n<\/div><\/div><\/div><div class=\"fusion-layout-column fusion_builder_column fusion-builder-column-1 fusion_builder_column_1_1 1_1 fusion-flex-column fusion-animated\" style=\"--awb-padding-top:30px;--awb-padding-right:30px;--awb-padding-left:30px;--awb-padding-top-small:0px;--awb-padding-right-small:30px;--awb-padding-bottom-small:0px;--awb-padding-left-small:30px;--awb-bg-color:var(--awb-color1);--awb-bg-color-hover:var(--awb-color1);--awb-bg-size:cover;--awb-width-large:100%;--awb-margin-top-large:0px;--awb-spacing-right-large:calc( 0.022 * calc( 100% - 0 ) );--awb-margin-bottom-large:0px;--awb-spacing-left-large:0px;--awb-width-medium:100%;--awb-order-medium:0;--awb-spacing-right-medium:calc( 0.022 * calc( 100% - 0 ) );--awb-spacing-left-medium:0px;--awb-width-small:100%;--awb-order-small:1;--awb-spacing-right-small:0px;--awb-spacing-left-small:0px;\" data-animationtype=\"fadeInUp\" data-animationduration=\"1.3\" data-animationoffset=\"top-into-view\" data-scroll-devices=\"small-visibility,medium-visibility,large-visibility\"><div class=\"fusion-column-wrapper fusion-column-has-shadow fusion-flex-justify-content-flex-start fusion-content-layout-column\"><div class=\"fusion-text fusion-text-2 sm-text-align-left\"><p><span style=\"font-weight: 400;\">Participarea mea \u00een proiectul Erasmus+ \u00een Atena a fost o experien\u021b\u0103 extraordinar\u0103, plin\u0103 de surprize \u0219i momente de neuitat. Vizitele noastre la cele dou\u0103 \u0219coli, \u0218coala de Art\u0103 Peristeri \u0219i \u0218coala Primar\u0103 Nea Ionia, au fost deosebit de pl\u0103cute. Am fost impresionat de diversitatea cultural\u0103 \u0219i de atmosfera prietenoas\u0103 de la Nea Ionia, unde am avut \u0219ansa s\u0103 interac\u021bion\u0103m cu elevi din mai multe \u021b\u0103ri. La \u0218coala de Art\u0103 Peristeri, de\u0219i la \u00eenceput eram cu to\u021bii pu\u021bin timizi, am fost \u00eent\u00e2mpina\u021bi cu c\u0103ldur\u0103 \u0219i deschidere, iar experien\u021ba noastr\u0103 acolo a fost cu adev\u0103rat frumoas\u0103.<\/span><\/p>\n<p><span style=\"font-weight: 400;\">Proiectul \u00een sine a fost o oportunitate minunat\u0103 de schimb cultural \u0219i interac\u021biune. Am avut \u0219ansa s\u0103 prezent\u0103m Rom\u00e2nia \u00eentr-un mod interactiv \u0219i s\u0103 \u00eenv\u0103\u021b\u0103m despre cultura \u0219i tradi\u021biile Greciei prin activit\u0103\u021bile la care am luat parte. Participarea noastr\u0103 la activit\u0103\u021bi, precum prezent\u0103rile culturale, dansurile \u0219i excursiile la locuri istorice importante cum ar fi Acropolele, Muzeul Na\u021bional de Art\u0103 sau Muzeul Jocurilor Olimpice ne-au deschis orizonturile \u0219i ne-au oferit o mai bun\u0103 \u00een\u021belegere a istoriei \u0219i a culturii grece\u0219ti.<\/span><\/p>\n<p><span style=\"font-weight: 400;\">\u00cen plus, vizit\u00e2nd Castelul Karababa de pe insula Chalkida am avut ocazia s\u0103 \u00eenv\u0103\u021b\u0103m \u0219i mai multe despre mo\u0219tenirea istoric\u0103 \u0219i cultural\u0103 a Greciei. Aceste experien\u021be au avut un impact profund asupra noastr\u0103, contribuind la dezvoltarea noastr\u0103 personal\u0103 \u0219i la \u00eembun\u0103t\u0103\u021birea abilit\u0103\u021bilor de comunicare \u0219i colaborare \u00een echip\u0103.<\/span><\/p>\n<p><span style=\"font-weight: 400;\">Proiectul Erasmus+ \u00een Atena nu numai c\u0103 ne-a oferit amintiri de neuitat, ci ne-a \u0219i ajutat s\u0103 ne dezvolt\u0103m ca indivizi \u0219i s\u0103 \u00een\u021belegem mai bine lumea din jurul nostru. Este o experien\u021b\u0103 pe care cu siguran\u021b\u0103 nu o vom uita niciodat\u0103 \u0219i care ne va influen\u021ba \u00een mod pozitiv pe termen lung.<\/span><\/p>\n<p><em><span style=\"font-weight: 400;\">Vasiu Bogdan elev \u2013 clasa a X-a C, <\/span><span style=\"font-weight: 400;\">participant proiect Erasmus+ KA122\u00a0 Educa\u0163ie \u015ecolar\u0103 al Liceului Teoretic \u201cAndrei B\u00e2rseanu\u201d &#8211; \u201cSub semnul lui \u00eempreun\u0103: g\u00e2ndim, ne motiv\u0103m \u015fi \u00eemp\u0103rt\u0103\u015fim\u201d nr .<\/span>2023-1-RO01-KA122-SCH-000127251<\/em><\/p>\n<\/div><\/div><\/div><div class=\"fusion-layout-column fusion_builder_column fusion-builder-column-2 fusion_builder_column_1_1 1_1 fusion-flex-column fusion-animated\" style=\"--awb-padding-top:30px;--awb-padding-right:30px;--awb-padding-left:30px;--awb-padding-top-small:0px;--awb-padding-right-small:30px;--awb-padding-bottom-small:0px;--awb-padding-left-small:30px;--awb-bg-color:var(--awb-color1);--awb-bg-color-hover:var(--awb-color1);--awb-bg-size:cover;--awb-width-large:100%;--awb-margin-top-large:0px;--awb-spacing-right-large:calc( 0.022 * calc( 100% - 0 ) );--awb-margin-bottom-large:60px;--awb-spacing-left-large:0px;--awb-width-medium:100%;--awb-order-medium:0;--awb-spacing-right-medium:calc( 0.022 * calc( 100% - 0 ) );--awb-spacing-left-medium:0px;--awb-width-small:100%;--awb-order-small:1;--awb-spacing-right-small:0px;--awb-spacing-left-small:0px;\" data-animationtype=\"fadeInUp\" data-animationduration=\"1.3\" data-animationoffset=\"top-into-view\" data-scroll-devices=\"small-visibility,medium-visibility,large-visibility\"><div class=\"fusion-column-wrapper fusion-column-has-shadow fusion-flex-justify-content-flex-start fusion-content-layout-column\"><div class=\"fusion-image-element\" style=\"text-align:left;--awb-caption-title-font-family:var(--h2_typography-font-family);--awb-caption-title-font-weight:var(--h2_typography-font-weight);--awb-caption-title-font-style:var(--h2_typography-font-style);--awb-caption-title-size:var(--h2_typography-font-size);--awb-caption-title-transform:var(--h2_typography-text-transform);--awb-caption-title-line-height:var(--h2_typography-line-height);--awb-caption-title-letter-spacing:var(--h2_typography-letter-spacing);\"><span class=\"fusion-imageframe imageframe-none imageframe-1 hover-type-none\"><img decoding=\"async\" width=\"2040\" height=\"1530\" title=\"Nea Ionia\" src=\"https:\/\/andreibarseanu.ro\/wp-content\/uploads\/2025\/01\/Nea-Ionia.jpeg\" data-orig-src=\"https:\/\/andreibarseanu.ro\/wp-content\/uploads\/2025\/01\/Nea-Ionia.jpeg\" alt class=\"lazyload img-responsive wp-image-5826\" srcset=\"data:image\/svg+xml,%3Csvg%20xmlns%3D%27http%3A%2F%2Fwww.w3.org%2F2000%2Fsvg%27%20width%3D%272040%27%20height%3D%271530%27%20viewBox%3D%270%200%202040%201530%27%3E%3Crect%20width%3D%272040%27%20height%3D%271530%27%20fill-opacity%3D%220%22%2F%3E%3C%2Fsvg%3E\" data-srcset=\"https:\/\/andreibarseanu.ro\/wp-content\/uploads\/2025\/01\/Nea-Ionia-200x150.jpeg 200w, https:\/\/andreibarseanu.ro\/wp-content\/uploads\/2025\/01\/Nea-Ionia-400x300.jpeg 400w, https:\/\/andreibarseanu.ro\/wp-content\/uploads\/2025\/01\/Nea-Ionia-600x450.jpeg 600w, https:\/\/andreibarseanu.ro\/wp-content\/uploads\/2025\/01\/Nea-Ionia-800x600.jpeg 800w, https:\/\/andreibarseanu.ro\/wp-content\/uploads\/2025\/01\/Nea-Ionia-1200x900.jpeg 1200w, https:\/\/andreibarseanu.ro\/wp-content\/uploads\/2025\/01\/Nea-Ionia.jpeg 2040w\" data-sizes=\"auto\" data-orig-sizes=\"(max-width: 850px) 100vw, 2040px\" \/><\/span><\/div><\/div><\/div><\/div><\/div>","protected":false},"excerpt":{"rendered":"","protected":false},"author":1,"featured_media":4157,"parent":5714,"menu_order":0,"comment_status":"closed","ping_status":"closed","template":"100-width.php","meta":{"footnotes":""},"class_list":["post-5825","page","type-page","status-publish","has-post-thumbnail","hentry"],"_links":{"self":[{"href":"https:\/\/andreibarseanu.ro\/hu\/wp-json\/wp\/v2\/pages\/5825","targetHints":{"allow":["GET"]}}],"collection":[{"href":"https:\/\/andreibarseanu.ro\/hu\/wp-json\/wp\/v2\/pages"}],"about":[{"href":"https:\/\/andreibarseanu.ro\/hu\/wp-json\/wp\/v2\/types\/page"}],"author":[{"embeddable":true,"href":"https:\/\/andreibarseanu.ro\/hu\/wp-json\/wp\/v2\/users\/1"}],"replies":[{"embeddable":true,"href":"https:\/\/andreibarseanu.ro\/hu\/wp-json\/wp\/v2\/comments?post=5825"}],"version-history":[{"count":8,"href":"https:\/\/andreibarseanu.ro\/hu\/wp-json\/wp\/v2\/pages\/5825\/revisions"}],"predecessor-version":[{"id":5869,"href":"https:\/\/andreibarseanu.ro\/hu\/wp-json\/wp\/v2\/pages\/5825\/revisions\/5869"}],"up":[{"embeddable":true,"href":"https:\/\/andreibarseanu.ro\/hu\/wp-json\/wp\/v2\/pages\/5714"}],"wp:featuredmedia":[{"embeddable":true,"href":"https:\/\/andreibarseanu.ro\/hu\/wp-json\/"}],"wp:attachment":[{"href":"https:\/\/andreibarseanu.ro\/hu\/wp-json\/wp\/v2\/media?parent=5825"}],"curies":[{"name":"wp","href":"https:\/\/api.w.org\/{rel}","templated":true}]}}