{"id":5830,"date":"2025-01-21T14:55:11","date_gmt":"2025-01-21T11:55:11","guid":{"rendered":"https:\/\/andreibarseanu.ro\/?page_id=5830"},"modified":"2025-01-21T17:05:04","modified_gmt":"2025-01-21T14:05:04","slug":"experienta-erasmus-o-aventura-incredibila-moraru-malina","status":"publish","type":"page","link":"https:\/\/andreibarseanu.ro\/hu\/erasmus\/experienta-erasmus-o-aventura-incredibila-moraru-malina\/","title":{"rendered":"Az Erasmus+ \u00e9lm\u00e9ny - egy hihetetlen kaland \u2013 Moraru Malina"},"content":{"rendered":"<div class=\"fusion-fullwidth fullwidth-box fusion-builder-row-1 fusion-flex-container has-pattern-background has-mask-background nonhundred-percent-fullwidth non-hundred-percent-height-scrolling fusion-animated\" style=\"--awb-background-position:left top;--awb-background-blend-mode:screen;--awb-border-sizes-top:0px;--awb-border-sizes-bottom:0px;--awb-border-sizes-left:0px;--awb-border-sizes-right:0px;--awb-border-color:var(--awb-color3);--awb-border-radius-top-left:0px;--awb-border-radius-top-right:0px;--awb-border-radius-bottom-right:0px;--awb-border-radius-bottom-left:0px;--awb-padding-top:200px;--awb-padding-right:0px;--awb-padding-bottom:10px;--awb-padding-left:0px;--awb-padding-top-medium:0px;--awb-padding-bottom-medium:0px;--awb-padding-top-small:30px;--awb-margin-top:-120px;--awb-margin-bottom:20px;--awb-margin-top-medium:-80px;--awb-margin-bottom-medium:80px;--awb-margin-top-small:-60px;--awb-margin-bottom-small:30px;--awb-background-color:var(--awb-color1);--awb-flex-wrap:wrap;\" data-animationtype=\"fadeInUp\" data-animationduration=\"1.3\" data-animationoffset=\"top-into-view\" ><div class=\"fusion-builder-row fusion-row fusion-flex-align-items-stretch fusion-flex-justify-content-center fusion-flex-content-wrap\" style=\"max-width:calc( 1320px + 0px );margin-left: calc(-0px \/ 2 );margin-right: calc(-0px \/ 2 );\"><div class=\"fusion-layout-column fusion_builder_column fusion-builder-column-0 fusion_builder_column_1_1 1_1 fusion-flex-column\" style=\"--awb-padding-right-small:30px;--awb-padding-left-small:30px;--awb-bg-size:cover;--awb-width-large:100%;--awb-margin-top-large:60px;--awb-spacing-right-large:0px;--awb-margin-bottom-large:0px;--awb-spacing-left-large:0px;--awb-width-medium:100%;--awb-order-medium:0;--awb-spacing-right-medium:0px;--awb-spacing-left-medium:0px;--awb-width-small:100%;--awb-order-small:0;--awb-spacing-right-small:0px;--awb-spacing-left-small:0px;\" data-scroll-devices=\"small-visibility,medium-visibility,large-visibility\"><div class=\"fusion-column-wrapper fusion-column-has-shadow fusion-flex-justify-content-flex-start fusion-content-layout-column\"><div class=\"fusion-text fusion-text-1\" style=\"--awb-content-alignment:center;--awb-font-size:22px;--awb-text-color:var(--awb-color5);\"><p>Az Erasmus+ \u00e9lm\u00e9ny - egy hihetetlen kaland \u2013 Moraru Malina<\/p>\n<\/div><\/div><\/div><div class=\"fusion-layout-column fusion_builder_column fusion-builder-column-1 fusion_builder_column_1_1 1_1 fusion-flex-column fusion-animated\" style=\"--awb-padding-top:30px;--awb-padding-right:30px;--awb-padding-left:30px;--awb-padding-top-small:0px;--awb-padding-right-small:30px;--awb-padding-bottom-small:0px;--awb-padding-left-small:30px;--awb-bg-color:var(--awb-color1);--awb-bg-color-hover:var(--awb-color1);--awb-bg-size:cover;--awb-width-large:100%;--awb-margin-top-large:0px;--awb-spacing-right-large:calc( 0.022 * calc( 100% - 0 ) );--awb-margin-bottom-large:0px;--awb-spacing-left-large:0px;--awb-width-medium:100%;--awb-order-medium:0;--awb-spacing-right-medium:calc( 0.022 * calc( 100% - 0 ) );--awb-spacing-left-medium:0px;--awb-width-small:100%;--awb-order-small:1;--awb-spacing-right-small:0px;--awb-spacing-left-small:0px;\" data-animationtype=\"fadeInUp\" data-animationduration=\"1.3\" data-animationoffset=\"top-into-view\" data-scroll-devices=\"small-visibility,medium-visibility,large-visibility\"><div class=\"fusion-column-wrapper fusion-column-has-shadow fusion-flex-justify-content-flex-start fusion-content-layout-column\"><div class=\"fusion-text fusion-text-2 sm-text-align-left\"><p><span style=\"font-weight: 400;\">Odat\u0103 ajun\u0219i la \u015ecoala de Arte din Atena, am fost \u00eent\u00e2mpina\u021bi cu o energie vibrant\u0103, jucaus\u0103, care umplea fiecare sal\u0103. Elevii \u0219colii ne-au prezentat \u00eemprejurimile \u0219i s\u0103lile lor de arte, dans sau actorie, cu z\u00e2mbetul pe buze \u0219i bucurie \u00een suflet. Am fost primi\u021bi ca ni\u0219te vedete, to\u021bi cei prezen\u021bi fiind entuziasma\u021bi s\u0103 ne cunoasc\u0103 \u0219i s\u0103 \u00eemp\u0103rt\u0103\u0219easc\u0103 experien\u021be cu noi. Atelierele \u0219i activit\u0103\u021bile tr\u0103ite \u00eempreun\u0103 ne-au adus mai aproape unii de al\u021bii, descoperind astfel, fiecare la r\u00e2ndul nostru, o nou\u0103 latur\u0103 a prieteniei dezv\u0103luit\u0103 de diferen\u021bele noastre \u0219i curiozitatea ap\u0103rut\u0103.\u00a0<\/span><\/p>\n<p><span style=\"font-weight: 400;\">Am vorbit, am socializat \u0219i am realizat c\u0103 aveam mai multe \u00een comun dec\u00e2t ne-am fi g\u00e2ndit vreodat\u0103. Petreceam fiecare moment cu o urm\u0103 de triste\u021be \u0219tiind c\u0103 nu avem mult timp \u00eempreun\u0103, dar recunosc\u0103tori pentru darul experien\u021bei. Am \u00eent\u00e2lnit oameni cu suflet frumos, energie de milioane \u0219i o veselie primitoare greu de explicat. \u00cen ciuda diferen\u021belor lor, c\u00e2nd erau pe scen\u0103 se putea observa spiritul de echip\u0103 de la distan\u021b\u0103 \u0219i, \u00een ciuda problemelor tehnice, determinarea \u0219i bucuria echipei au creat o atmosfer\u0103 care nu putea fi redat\u0103 nici de o prezentare perfect\u0103. Am dansat, ne-am distrat \u0219i am fost surprin\u0219i de talentul elevilor de la \u0219coala de arte Peristeri, ace\u0219tia d\u00e2nd dovad\u0103 de talent pe multe arii ale artelor, dar cel mai mare dar al lor r\u0103m\u00e2ne m\u0103rinimia \u0219i sufletul cu care ne-au primit ca parte din familie. Am \u00eenv\u0103\u021bat din aceast\u0103 experien\u021b\u0103 ce \u00eenseamn\u0103 cu adev\u0103rat munca \u00een echip\u0103 \u0219i sus\u021binerea \u00eentre colegi, domeniu \u00een care elevii \u0219colii de arte aveau doctoratul, iar noi ne-am sim\u021bit ca la gr\u0103dini\u021b\u0103.<\/span><\/p>\n<p><span style=\"font-weight: 400;\">Experien\u021ba mea Erasmus \u00een Atena, Grecia, la \u0219coala de arte, a fost o aventur\u0103 incredibil\u0103 \u0219i plin\u0103 de \u00eenv\u0103\u021b\u0103minte. \u00cenc\u0103 de la \u00eenceput, am fost \u00eent\u00e2mpina\u0163i cu bra\u021bele deschise de c\u0103tre oameni talenta\u021bi \u0219i prieteno\u0219i, care ne-au oferit o introducere profund\u0103 \u00een cultura \u0219i tradi\u021biile locale. Am avut privilegiul s\u0103 \u00eent\u00e2lnesc o varietate de persoane deschise la minte \u0219i pline de creativitate, cu care am putut schimba idei \u0219i perspective. \u00cemp\u0103rt\u0103\u0219ind aceast\u0103 experien\u021b\u0103 cu ei, am descoperit nu doar noi modalit\u0103\u021bi de exprimare artistic\u0103, ci \u0219i o mai mare \u00een\u021belegere a lumii din jurul nostru. Atena mi-a oferit nu doar o educa\u021bie \u00een art\u0103, ci \u0219i lec\u021bii pre\u021bioase despre prietenie, colaborare \u0219i diversitate cultural\u0103.<\/span><\/p>\n<p><span style=\"font-weight: 400;\"><em>Moraru M\u0103lina \u2013 elev\u0103 clasa a X-a A, <\/em><\/span><em><span style=\"font-weight: 400;\">participant proiect Erasmus+ KA122\u00a0 Educa\u0163ie \u015ecolar\u0103 al Liceului Teoretic \u201cAndrei B\u00e2rseanu\u201d &#8211; \u201cSub semnul lui \u00eempreun\u0103: g\u00e2ndim, ne motiv\u0103m \u015fi \u00eemp\u0103rt\u0103\u015fim\u201d nr. <\/span>2023-1-RO01-KA122-SCH-000127251<\/em><\/p>\n<\/div><\/div><\/div><div class=\"fusion-layout-column fusion_builder_column fusion-builder-column-2 fusion_builder_column_1_1 1_1 fusion-flex-column fusion-animated\" style=\"--awb-padding-top:30px;--awb-padding-right:30px;--awb-padding-left:30px;--awb-padding-top-small:0px;--awb-padding-right-small:30px;--awb-padding-bottom-small:0px;--awb-padding-left-small:30px;--awb-bg-color:var(--awb-color1);--awb-bg-color-hover:var(--awb-color1);--awb-bg-size:cover;--awb-width-large:100%;--awb-margin-top-large:0px;--awb-spacing-right-large:calc( 0.022 * calc( 100% - 0 ) );--awb-margin-bottom-large:60px;--awb-spacing-left-large:0px;--awb-width-medium:100%;--awb-order-medium:0;--awb-spacing-right-medium:calc( 0.022 * calc( 100% - 0 ) );--awb-spacing-left-medium:0px;--awb-width-small:100%;--awb-order-small:1;--awb-spacing-right-small:0px;--awb-spacing-left-small:0px;\" data-animationtype=\"fadeInUp\" data-animationduration=\"1.3\" data-animationoffset=\"top-into-view\" data-scroll-devices=\"small-visibility,medium-visibility,large-visibility\"><div class=\"fusion-column-wrapper fusion-column-has-shadow fusion-flex-justify-content-flex-start fusion-content-layout-column\"><div class=\"fusion-image-element\" style=\"--awb-caption-title-font-family:var(--h2_typography-font-family);--awb-caption-title-font-weight:var(--h2_typography-font-weight);--awb-caption-title-font-style:var(--h2_typography-font-style);--awb-caption-title-size:var(--h2_typography-font-size);--awb-caption-title-transform:var(--h2_typography-text-transform);--awb-caption-title-line-height:var(--h2_typography-line-height);--awb-caption-title-letter-spacing:var(--h2_typography-letter-spacing);\"><span class=\"fusion-imageframe imageframe-none imageframe-1 hover-type-none\"><img decoding=\"async\" width=\"1200\" height=\"1600\" title=\"poza_Mali\" src=\"https:\/\/andreibarseanu.ro\/wp-content\/uploads\/2025\/01\/poza_Mali.jpeg\" data-orig-src=\"https:\/\/andreibarseanu.ro\/wp-content\/uploads\/2025\/01\/poza_Mali.jpeg\" alt class=\"lazyload img-responsive wp-image-5831\" srcset=\"data:image\/svg+xml,%3Csvg%20xmlns%3D%27http%3A%2F%2Fwww.w3.org%2F2000%2Fsvg%27%20width%3D%271200%27%20height%3D%271600%27%20viewBox%3D%270%200%201200%201600%27%3E%3Crect%20width%3D%271200%27%20height%3D%271600%27%20fill-opacity%3D%220%22%2F%3E%3C%2Fsvg%3E\" data-srcset=\"https:\/\/andreibarseanu.ro\/wp-content\/uploads\/2025\/01\/poza_Mali-200x267.jpeg 200w, https:\/\/andreibarseanu.ro\/wp-content\/uploads\/2025\/01\/poza_Mali-400x533.jpeg 400w, https:\/\/andreibarseanu.ro\/wp-content\/uploads\/2025\/01\/poza_Mali-600x800.jpeg 600w, https:\/\/andreibarseanu.ro\/wp-content\/uploads\/2025\/01\/poza_Mali-800x1067.jpeg 800w, https:\/\/andreibarseanu.ro\/wp-content\/uploads\/2025\/01\/poza_Mali.jpeg 1200w\" data-sizes=\"auto\" data-orig-sizes=\"(max-width: 850px) 100vw, 1200px\" \/><\/span><\/div><\/div><\/div><\/div><\/div>","protected":false},"excerpt":{"rendered":"","protected":false},"author":1,"featured_media":4157,"parent":5714,"menu_order":0,"comment_status":"closed","ping_status":"closed","template":"100-width.php","meta":{"footnotes":""},"class_list":["post-5830","page","type-page","status-publish","has-post-thumbnail","hentry"],"_links":{"self":[{"href":"https:\/\/andreibarseanu.ro\/hu\/wp-json\/wp\/v2\/pages\/5830","targetHints":{"allow":["GET"]}}],"collection":[{"href":"https:\/\/andreibarseanu.ro\/hu\/wp-json\/wp\/v2\/pages"}],"about":[{"href":"https:\/\/andreibarseanu.ro\/hu\/wp-json\/wp\/v2\/types\/page"}],"author":[{"embeddable":true,"href":"https:\/\/andreibarseanu.ro\/hu\/wp-json\/wp\/v2\/users\/1"}],"replies":[{"embeddable":true,"href":"https:\/\/andreibarseanu.ro\/hu\/wp-json\/wp\/v2\/comments?post=5830"}],"version-history":[{"count":4,"href":"https:\/\/andreibarseanu.ro\/hu\/wp-json\/wp\/v2\/pages\/5830\/revisions"}],"predecessor-version":[{"id":5859,"href":"https:\/\/andreibarseanu.ro\/hu\/wp-json\/wp\/v2\/pages\/5830\/revisions\/5859"}],"up":[{"embeddable":true,"href":"https:\/\/andreibarseanu.ro\/hu\/wp-json\/wp\/v2\/pages\/5714"}],"wp:featuredmedia":[{"embeddable":true,"href":"https:\/\/andreibarseanu.ro\/hu\/wp-json\/"}],"wp:attachment":[{"href":"https:\/\/andreibarseanu.ro\/hu\/wp-json\/wp\/v2\/media?parent=5830"}],"curies":[{"name":"wp","href":"https:\/\/api.w.org\/{rel}","templated":true}]}}