{"id":5834,"date":"2025-01-21T14:57:34","date_gmt":"2025-01-21T11:57:34","guid":{"rendered":"https:\/\/andreibarseanu.ro\/?page_id=5834"},"modified":"2025-01-21T17:06:18","modified_gmt":"2025-01-21T14:06:18","slug":"experienta-erasmus-prin-lentila-istoriei-indreica-daria","status":"publish","type":"page","link":"https:\/\/andreibarseanu.ro\/hu\/erasmus\/experienta-erasmus-prin-lentila-istoriei-indreica-daria\/","title":{"rendered":"Az Erasmus+ \u00e9lm\u00e9ny - a t\u00f6rt\u00e9nelem szem\u00fcveg\u00e9n kereszt\u00fcl \u2013 Indreica Daria"},"content":{"rendered":"<div class=\"fusion-fullwidth fullwidth-box fusion-builder-row-1 fusion-flex-container has-pattern-background has-mask-background nonhundred-percent-fullwidth non-hundred-percent-height-scrolling fusion-animated\" style=\"--awb-background-position:left top;--awb-background-blend-mode:screen;--awb-border-sizes-top:0px;--awb-border-sizes-bottom:0px;--awb-border-sizes-left:0px;--awb-border-sizes-right:0px;--awb-border-color:var(--awb-color3);--awb-border-radius-top-left:0px;--awb-border-radius-top-right:0px;--awb-border-radius-bottom-right:0px;--awb-border-radius-bottom-left:0px;--awb-padding-top:200px;--awb-padding-right:0px;--awb-padding-bottom:10px;--awb-padding-left:0px;--awb-padding-top-medium:0px;--awb-padding-bottom-medium:0px;--awb-padding-top-small:30px;--awb-margin-top:-120px;--awb-margin-bottom:20px;--awb-margin-top-medium:-80px;--awb-margin-bottom-medium:80px;--awb-margin-top-small:-60px;--awb-margin-bottom-small:30px;--awb-background-color:var(--awb-color1);--awb-flex-wrap:wrap;\" data-animationtype=\"fadeInUp\" data-animationduration=\"1.3\" data-animationoffset=\"top-into-view\" ><div class=\"fusion-builder-row fusion-row fusion-flex-align-items-stretch fusion-flex-justify-content-center fusion-flex-content-wrap\" style=\"max-width:calc( 1320px + 0px );margin-left: calc(-0px \/ 2 );margin-right: calc(-0px \/ 2 );\"><div class=\"fusion-layout-column fusion_builder_column fusion-builder-column-0 fusion_builder_column_1_1 1_1 fusion-flex-column\" style=\"--awb-padding-right:30px;--awb-padding-left:30px;--awb-bg-size:cover;--awb-width-large:100%;--awb-margin-top-large:60px;--awb-spacing-right-large:0px;--awb-margin-bottom-large:0px;--awb-spacing-left-large:0px;--awb-width-medium:100%;--awb-order-medium:0;--awb-spacing-right-medium:0px;--awb-spacing-left-medium:0px;--awb-width-small:100%;--awb-order-small:0;--awb-spacing-right-small:0px;--awb-spacing-left-small:0px;\" data-scroll-devices=\"small-visibility,medium-visibility,large-visibility\"><div class=\"fusion-column-wrapper fusion-column-has-shadow fusion-flex-justify-content-flex-start fusion-content-layout-column\"><div class=\"fusion-text fusion-text-1\" style=\"--awb-content-alignment:center;--awb-font-size:22px;--awb-text-color:var(--awb-color5);\"><p>Az Erasmus+ \u00e9lm\u00e9ny - a t\u00f6rt\u00e9nelem szem\u00fcveg\u00e9n kereszt\u00fcl \u2013 Indreica Daria<\/p>\n<\/div><\/div><\/div><div class=\"fusion-layout-column fusion_builder_column fusion-builder-column-1 fusion_builder_column_1_1 1_1 fusion-flex-column fusion-animated\" style=\"--awb-padding-top:30px;--awb-padding-right:30px;--awb-padding-left:30px;--awb-padding-top-small:0px;--awb-padding-right-small:30px;--awb-padding-bottom-small:0px;--awb-padding-left-small:30px;--awb-bg-color:var(--awb-color1);--awb-bg-color-hover:var(--awb-color1);--awb-bg-size:cover;--awb-width-large:100%;--awb-margin-top-large:0px;--awb-spacing-right-large:calc( 0.022 * calc( 100% - 0 ) );--awb-margin-bottom-large:0px;--awb-spacing-left-large:0px;--awb-width-medium:100%;--awb-order-medium:0;--awb-spacing-right-medium:calc( 0.022 * calc( 100% - 0 ) );--awb-spacing-left-medium:0px;--awb-width-small:100%;--awb-order-small:1;--awb-spacing-right-small:0px;--awb-spacing-left-small:0px;\" data-animationtype=\"fadeInUp\" data-animationduration=\"1.3\" data-animationoffset=\"top-into-view\" data-scroll-devices=\"small-visibility,medium-visibility,large-visibility\"><div class=\"fusion-column-wrapper fusion-column-has-shadow fusion-flex-justify-content-flex-start fusion-content-layout-column\"><div class=\"fusion-text fusion-text-2 sm-text-align-left\"><p><span style=\"font-weight: 400;\">La suma experien\u021belor din proiectul Erasmus, a\u0219 dori s\u0103 adaug vizita la Muzeul Jocurilor Olimpice, care m-a impresionat cu informa\u021biile istorice.<\/span><\/p>\n<p><span style=\"font-weight: 400;\">Prima \u00eenc\u0103pere a muzeului prezint\u0103 filmule\u021be scurte din momentele cele mai importante ale Jocurilor Olimpice, proiectate pe frunze de p\u00e2nz\u0103. Apoi, am trecut printr-un coridor cu obiecte antice, rezultate ale civiliza\u021biei care a dat na\u0219tere tradi\u021biei Jocurilor Olimpice. Printre acestea se afla o vaz\u0103 pictat\u0103, dedicata zei\u021bei Nike, care este personificarea victoriei \u00een fiecare form\u0103.\u00a0<\/span><\/p>\n<p><span style=\"font-weight: 400;\">Cel mai fascinant obiect din muzeu era unul interactiv, un ecran imens care ne d\u0103dea prilejul de a \u00eenva\u021b\u0103 despre istoria Greciei \u00een anumite ipostaze. Puteam selecta perioada \u0219i obiectul istoric, \u0219i informa\u021bia era redata prin imagini \u0219i anima\u021bii simpatice pe ecran.<\/span><\/p>\n<p><span style=\"font-weight: 400;\">Dup\u0103 ie\u0219ire, ne-am semnat cu totii \u00een cartea muzeului, reprezent\u00e2nd Rom\u00e2nia prin proiectul Erasmus, l\u0103s\u00e2ndu-ne amprenta \u00een locuri dep\u0103rtate de cas\u0103.\u00a0<\/span><\/p>\n<p><span style=\"font-weight: 400;\">\u00cen aceea\u0219i cladire cu muzeul se afl\u0103 \u0219i un mall, pe care l-am vizitat pentru a ne satisface curiozitatea. \u00cen acest timp comunicam cu elevii de la \u0219coala de arte Peristeri, \u00eentreb\u00e2ndu-i ce ne pot recomanda s\u0103 \u00eencerc\u0103m. Ei erau mereu rapizi \u0219i dornici s\u0103 ne fac\u0103 experien\u021ba c\u00e2t de pl\u0103cut\u0103 puteau, chiar dac\u0103 nu erau acolo \u00een persoan\u0103.\u00a0<\/span><\/p>\n<p><span style=\"font-weight: 400;\">Ceea ce am apreciat cel mai mult la aceast\u0103 vizit\u0103 este oportunitatea de a ne informa \u0219i de a avea experien\u021be noi. Spre exemplu, \u00een Muzeul Jocurilor Olimpice am participat la o simulare digital\u0103 a unei curse \u00een scaune cu rotile, parte din actualele Jocuri Paralimpice. Mi s-a p\u0103rut foarte interesant \u0219i mi-a dat o apreciere \u0219i mai bun\u0103 pentru persoanele care folosesc scaune cu rotile, fiind pus\u0103 \u00een locul lor.<\/span><\/p>\n<p><span style=\"font-weight: 400;\">Experien\u021ba Erasmus a fost cu totul incredibil\u0103 \u0219i nu pot mul\u021bumi destul profesoarelor care au f\u0103cut-o posibil\u0103. Am \u00eenva\u021b\u0103t, ne-am distrat \u0219i am legat prietenii cu ni\u0219te oameni talenta\u021bi \u0219i cu suflet bun. Nu o voi uita niciodat\u0103.<\/span><\/p>\n<p><em><span style=\"font-weight: 400;\">Indreica Daria\u00a0 \u2013 elev\u0103 clasa a X-a A, <\/span><span style=\"font-weight: 400;\">participant proiect Erasmus+ KA122\u00a0 Educa\u0163ie \u015ecolar\u0103 al Liceului Teoretic \u201cAndrei B\u00e2rseanu\u201d &#8211; \u201cSub semnul lui \u00eempreun\u0103: g\u00e2ndim, ne motiv\u0103m \u015fi \u00eemp\u0103rt\u0103\u015fim\u201d nr. <\/span>2023-1-RO01-KA122-SCH-000127251<\/em><\/p>\n<\/div><\/div><\/div><div class=\"fusion-layout-column fusion_builder_column fusion-builder-column-2 fusion_builder_column_1_1 1_1 fusion-flex-column fusion-animated\" style=\"--awb-padding-top:30px;--awb-padding-right:30px;--awb-padding-left:30px;--awb-padding-top-small:0px;--awb-padding-right-small:30px;--awb-padding-bottom-small:0px;--awb-padding-left-small:30px;--awb-bg-color:var(--awb-color1);--awb-bg-color-hover:var(--awb-color1);--awb-bg-size:cover;--awb-width-large:100%;--awb-margin-top-large:0px;--awb-spacing-right-large:calc( 0.022 * calc( 100% - 0 ) );--awb-margin-bottom-large:60px;--awb-spacing-left-large:0px;--awb-width-medium:100%;--awb-order-medium:0;--awb-spacing-right-medium:calc( 0.022 * calc( 100% - 0 ) );--awb-spacing-left-medium:0px;--awb-width-small:100%;--awb-order-small:1;--awb-spacing-right-small:0px;--awb-spacing-left-small:0px;\" data-animationtype=\"fadeInUp\" data-animationduration=\"1.3\" data-animationoffset=\"top-into-view\" data-scroll-devices=\"small-visibility,medium-visibility,large-visibility\"><div class=\"fusion-column-wrapper fusion-column-has-shadow fusion-flex-justify-content-flex-start fusion-content-layout-column\"><div class=\"fusion-image-element\" style=\"--awb-caption-title-font-family:var(--h2_typography-font-family);--awb-caption-title-font-weight:var(--h2_typography-font-weight);--awb-caption-title-font-style:var(--h2_typography-font-style);--awb-caption-title-size:var(--h2_typography-font-size);--awb-caption-title-transform:var(--h2_typography-text-transform);--awb-caption-title-line-height:var(--h2_typography-line-height);--awb-caption-title-letter-spacing:var(--h2_typography-letter-spacing);\"><span class=\"fusion-imageframe imageframe-none imageframe-1 hover-type-none\"><img decoding=\"async\" width=\"1600\" height=\"1201\" title=\"MuzeulOlimpic\" src=\"https:\/\/andreibarseanu.ro\/wp-content\/uploads\/2025\/01\/MuzeulOlimpic.jpeg\" data-orig-src=\"https:\/\/andreibarseanu.ro\/wp-content\/uploads\/2025\/01\/MuzeulOlimpic.jpeg\" alt class=\"lazyload img-responsive wp-image-5835\" srcset=\"data:image\/svg+xml,%3Csvg%20xmlns%3D%27http%3A%2F%2Fwww.w3.org%2F2000%2Fsvg%27%20width%3D%271600%27%20height%3D%271201%27%20viewBox%3D%270%200%201600%201201%27%3E%3Crect%20width%3D%271600%27%20height%3D%271201%27%20fill-opacity%3D%220%22%2F%3E%3C%2Fsvg%3E\" data-srcset=\"https:\/\/andreibarseanu.ro\/wp-content\/uploads\/2025\/01\/MuzeulOlimpic-200x150.jpeg 200w, https:\/\/andreibarseanu.ro\/wp-content\/uploads\/2025\/01\/MuzeulOlimpic-400x300.jpeg 400w, https:\/\/andreibarseanu.ro\/wp-content\/uploads\/2025\/01\/MuzeulOlimpic-600x450.jpeg 600w, https:\/\/andreibarseanu.ro\/wp-content\/uploads\/2025\/01\/MuzeulOlimpic-800x601.jpeg 800w, https:\/\/andreibarseanu.ro\/wp-content\/uploads\/2025\/01\/MuzeulOlimpic-1200x901.jpeg 1200w, https:\/\/andreibarseanu.ro\/wp-content\/uploads\/2025\/01\/MuzeulOlimpic.jpeg 1600w\" data-sizes=\"auto\" data-orig-sizes=\"(max-width: 850px) 100vw, 1600px\" \/><\/span><\/div><\/div><\/div><\/div><\/div>","protected":false},"excerpt":{"rendered":"","protected":false},"author":1,"featured_media":4157,"parent":5714,"menu_order":0,"comment_status":"closed","ping_status":"closed","template":"100-width.php","meta":{"footnotes":""},"class_list":["post-5834","page","type-page","status-publish","has-post-thumbnail","hentry"],"_links":{"self":[{"href":"https:\/\/andreibarseanu.ro\/hu\/wp-json\/wp\/v2\/pages\/5834","targetHints":{"allow":["GET"]}}],"collection":[{"href":"https:\/\/andreibarseanu.ro\/hu\/wp-json\/wp\/v2\/pages"}],"about":[{"href":"https:\/\/andreibarseanu.ro\/hu\/wp-json\/wp\/v2\/types\/page"}],"author":[{"embeddable":true,"href":"https:\/\/andreibarseanu.ro\/hu\/wp-json\/wp\/v2\/users\/1"}],"replies":[{"embeddable":true,"href":"https:\/\/andreibarseanu.ro\/hu\/wp-json\/wp\/v2\/comments?post=5834"}],"version-history":[{"count":3,"href":"https:\/\/andreibarseanu.ro\/hu\/wp-json\/wp\/v2\/pages\/5834\/revisions"}],"predecessor-version":[{"id":5861,"href":"https:\/\/andreibarseanu.ro\/hu\/wp-json\/wp\/v2\/pages\/5834\/revisions\/5861"}],"up":[{"embeddable":true,"href":"https:\/\/andreibarseanu.ro\/hu\/wp-json\/wp\/v2\/pages\/5714"}],"wp:featuredmedia":[{"embeddable":true,"href":"https:\/\/andreibarseanu.ro\/hu\/wp-json\/"}],"wp:attachment":[{"href":"https:\/\/andreibarseanu.ro\/hu\/wp-json\/wp\/v2\/media?parent=5834"}],"curies":[{"name":"wp","href":"https:\/\/api.w.org\/{rel}","templated":true}]}}