{"id":5842,"date":"2025-01-21T16:58:18","date_gmt":"2025-01-21T13:58:18","guid":{"rendered":"https:\/\/andreibarseanu.ro\/?page_id=5842"},"modified":"2025-01-21T17:24:24","modified_gmt":"2025-01-21T14:24:24","slug":"experienta-erasmus-vizita-la-acropole-boer-izabella","status":"publish","type":"page","link":"https:\/\/andreibarseanu.ro\/hu\/erasmus\/experienta-erasmus-vizita-la-acropole-boer-izabella\/","title":{"rendered":"Az Erasmus+ \u00e9lm\u00e9ny - Az Akropolisz megl\u00e1togat\u00e1sa \u2013 Boer Izabella"},"content":{"rendered":"<div class=\"fusion-fullwidth fullwidth-box fusion-builder-row-1 fusion-flex-container has-pattern-background has-mask-background nonhundred-percent-fullwidth non-hundred-percent-height-scrolling fusion-animated\" style=\"--awb-background-position:left top;--awb-background-blend-mode:screen;--awb-border-sizes-top:0px;--awb-border-sizes-bottom:0px;--awb-border-sizes-left:0px;--awb-border-sizes-right:0px;--awb-border-color:var(--awb-color3);--awb-border-radius-top-left:0px;--awb-border-radius-top-right:0px;--awb-border-radius-bottom-right:0px;--awb-border-radius-bottom-left:0px;--awb-padding-top:200px;--awb-padding-right:0px;--awb-padding-bottom:10px;--awb-padding-left:0px;--awb-padding-top-medium:0px;--awb-padding-bottom-medium:0px;--awb-padding-top-small:30px;--awb-margin-top:-120px;--awb-margin-bottom:20px;--awb-margin-top-medium:-80px;--awb-margin-bottom-medium:80px;--awb-margin-top-small:-60px;--awb-margin-bottom-small:0px;--awb-background-color:var(--awb-color1);--awb-flex-wrap:wrap;\" data-animationtype=\"fadeInUp\" data-animationduration=\"1.3\" data-animationoffset=\"top-into-view\" ><div class=\"fusion-builder-row fusion-row fusion-flex-align-items-stretch fusion-flex-justify-content-center fusion-flex-content-wrap\" style=\"max-width:calc( 1320px + 0px );margin-left: calc(-0px \/ 2 );margin-right: calc(-0px \/ 2 );\"><div class=\"fusion-layout-column fusion_builder_column fusion-builder-column-0 fusion_builder_column_1_1 1_1 fusion-flex-column\" style=\"--awb-padding-right-small:30px;--awb-padding-left-small:30px;--awb-bg-size:cover;--awb-width-large:100%;--awb-margin-top-large:60px;--awb-spacing-right-large:0px;--awb-margin-bottom-large:0px;--awb-spacing-left-large:0px;--awb-width-medium:100%;--awb-order-medium:0;--awb-spacing-right-medium:0px;--awb-spacing-left-medium:0px;--awb-width-small:100%;--awb-order-small:0;--awb-spacing-right-small:0px;--awb-spacing-left-small:0px;\" data-scroll-devices=\"small-visibility,medium-visibility,large-visibility\"><div class=\"fusion-column-wrapper fusion-column-has-shadow fusion-flex-justify-content-flex-start fusion-content-layout-column\"><div class=\"fusion-text fusion-text-1\" style=\"--awb-content-alignment:center;--awb-font-size:22px;--awb-text-color:var(--awb-color5);\"><p>Az Erasmus+ \u00e9lm\u00e9ny - Az Akropolisz megl\u00e1togat\u00e1sa \u2013 Boer Izabella<\/p>\n<\/div><\/div><\/div><div class=\"fusion-layout-column fusion_builder_column fusion-builder-column-1 fusion_builder_column_1_1 1_1 fusion-flex-column fusion-animated\" style=\"--awb-padding-top:30px;--awb-padding-right:30px;--awb-padding-left:30px;--awb-padding-top-small:0px;--awb-padding-right-small:30px;--awb-padding-bottom-small:0px;--awb-padding-left-small:30px;--awb-bg-color:var(--awb-color1);--awb-bg-color-hover:var(--awb-color1);--awb-bg-size:cover;--awb-width-large:100%;--awb-margin-top-large:0px;--awb-spacing-right-large:calc( 0.022 * calc( 100% - 0 ) );--awb-margin-bottom-large:0px;--awb-spacing-left-large:0px;--awb-width-medium:100%;--awb-order-medium:0;--awb-spacing-right-medium:calc( 0.022 * calc( 100% - 0 ) );--awb-spacing-left-medium:0px;--awb-width-small:100%;--awb-order-small:1;--awb-spacing-right-small:0px;--awb-spacing-left-small:0px;\" data-animationtype=\"fadeInUp\" data-animationduration=\"1.3\" data-animationoffset=\"top-into-view\" data-scroll-devices=\"small-visibility,medium-visibility,large-visibility\"><div class=\"fusion-column-wrapper fusion-column-has-shadow fusion-flex-justify-content-flex-start fusion-content-layout-column\"><div class=\"fusion-text fusion-text-2 sm-text-align-left\"><p><span style=\"font-weight: 400;\">Vizita la Acropole a fost una dintre cele mai memorabile experien\u021be dintre cele tr\u0103ite \u00een timpul programului Erasmus. \u00cenc\u0103 de la intrarea pe acest sit istoric impresionant, am sim\u021bit o emo\u021bie care m-a cuprins, realiz\u00e2nd c\u0103 p\u0103\u0219eam pe urmele unei istorii vechi de mii de ani.<\/span><\/p>\n<p><span style=\"font-weight: 400;\">Cu fiecare pas pe aleile pietruite ale Acropolei, am admirat grandiozitatea \u0219i frumuse\u021bea structurilor antice care m\u0103 \u00eenconjurau. Ruinele templelor \u0219i ale altor cl\u0103diri au vorbit despre o epoc\u0103 de glorie \u0219i de \u00een\u021belepciune, care a l\u0103sat o amprent\u0103 puternic\u0103 asupra istoriei umane.<\/span><\/p>\n<p><span style=\"font-weight: 400;\">Privind la Parthenon, am fost uluit\u0103 de perfec\u021biunea arhitectural\u0103 \u0219i de m\u0103iestria sculpturilor care \u00eel \u00eempodobesc. Fiecare coloan\u0103 \u0219i fiecare detaliu, mi-au amintit de m\u0103re\u021bia civiliza\u021biei antice \u0219i de contribu\u021bia lor la dezvoltarea artei \u0219i a culturii.<\/span><\/p>\n<p><span style=\"font-weight: 400;\">Dar nu doar arhitectura m-a impresionat, ci \u0219i priveli\u0219tea panoramic\u0103 asupra ora\u0219ului Atena, care se \u00eentindea la picioarele noastre.<\/span><\/p>\n<p><span style=\"font-weight: 400;\">\u0218i acum, c\u00e2nd m\u0103 g\u00e2ndesc la acele zile petrecute \u00een Atena, simt o recuno\u0219tin\u021b\u0103 profund\u0103 pentru fiecare moment tr\u0103it, pentru fiecare prietenie nou\u0103 \u0219i pentru fiecare lec\u021bie \u00eenv\u0103\u021bat\u0103.<\/span><\/p>\n<p><em><span style=\"font-weight: 400;\">Boer Izabella\u00a0 \u2013 elev\u0103 clasa a X-a F,<\/span><span style=\"font-weight: 400;\"> participant proiect Erasmus+ KA122\u00a0 Educa\u0163ie \u015ecolar\u0103 al Liceului Teoretic \u201cAndrei B\u00e2rseanu\u201d &#8211; \u201cSub semnul lui \u00eempreun\u0103: g\u00e2ndim, ne motiv\u0103m \u015fi \u00eemp\u0103rt\u0103\u015fim\u201d nr. <\/span>2023-1-RO01-KA122-SCH-000127251<\/em><\/p>\n<\/div><\/div><\/div><div class=\"fusion-layout-column fusion_builder_column fusion-builder-column-2 fusion_builder_column_1_1 1_1 fusion-flex-column fusion-animated\" style=\"--awb-padding-top:30px;--awb-padding-right:30px;--awb-padding-left:30px;--awb-padding-top-small:0px;--awb-padding-right-small:30px;--awb-padding-bottom-small:0px;--awb-padding-left-small:30px;--awb-bg-color:var(--awb-color1);--awb-bg-color-hover:var(--awb-color1);--awb-bg-size:cover;--awb-width-large:100%;--awb-margin-top-large:0px;--awb-spacing-right-large:calc( 0.022 * calc( 100% - 0 ) );--awb-margin-bottom-large:60px;--awb-spacing-left-large:0px;--awb-width-medium:100%;--awb-order-medium:0;--awb-spacing-right-medium:calc( 0.022 * calc( 100% - 0 ) );--awb-spacing-left-medium:0px;--awb-width-small:100%;--awb-order-small:1;--awb-spacing-right-small:0px;--awb-spacing-left-small:0px;\" data-animationtype=\"fadeInUp\" data-animationduration=\"1.3\" data-animationoffset=\"top-into-view\" data-scroll-devices=\"small-visibility,medium-visibility,large-visibility\"><div class=\"fusion-column-wrapper fusion-column-has-shadow fusion-flex-justify-content-flex-start fusion-content-layout-column\"><div class=\"fusion-image-element\" style=\"--awb-margin-bottom:30px;--awb-caption-title-font-family:var(--h2_typography-font-family);--awb-caption-title-font-weight:var(--h2_typography-font-weight);--awb-caption-title-font-style:var(--h2_typography-font-style);--awb-caption-title-size:var(--h2_typography-font-size);--awb-caption-title-transform:var(--h2_typography-text-transform);--awb-caption-title-line-height:var(--h2_typography-line-height);--awb-caption-title-letter-spacing:var(--h2_typography-letter-spacing);\"><span class=\"fusion-imageframe imageframe-none imageframe-1 hover-type-none\"><img decoding=\"async\" width=\"2000\" height=\"1125\" title=\"Acropole2\" src=\"https:\/\/andreibarseanu.ro\/wp-content\/uploads\/2025\/01\/Acropole2.jpg\" data-orig-src=\"https:\/\/andreibarseanu.ro\/wp-content\/uploads\/2025\/01\/Acropole2.jpg\" alt class=\"lazyload img-responsive wp-image-5844\" srcset=\"data:image\/svg+xml,%3Csvg%20xmlns%3D%27http%3A%2F%2Fwww.w3.org%2F2000%2Fsvg%27%20width%3D%272000%27%20height%3D%271125%27%20viewBox%3D%270%200%202000%201125%27%3E%3Crect%20width%3D%272000%27%20height%3D%271125%27%20fill-opacity%3D%220%22%2F%3E%3C%2Fsvg%3E\" data-srcset=\"https:\/\/andreibarseanu.ro\/wp-content\/uploads\/2025\/01\/Acropole2-200x113.jpg 200w, https:\/\/andreibarseanu.ro\/wp-content\/uploads\/2025\/01\/Acropole2-400x225.jpg 400w, https:\/\/andreibarseanu.ro\/wp-content\/uploads\/2025\/01\/Acropole2-600x338.jpg 600w, https:\/\/andreibarseanu.ro\/wp-content\/uploads\/2025\/01\/Acropole2-800x450.jpg 800w, https:\/\/andreibarseanu.ro\/wp-content\/uploads\/2025\/01\/Acropole2-1200x675.jpg 1200w, https:\/\/andreibarseanu.ro\/wp-content\/uploads\/2025\/01\/Acropole2.jpg 2000w\" data-sizes=\"auto\" data-orig-sizes=\"(max-width: 850px) 100vw, 2000px\" \/><\/span><\/div><div class=\"fusion-image-element\" style=\"--awb-caption-title-font-family:var(--h2_typography-font-family);--awb-caption-title-font-weight:var(--h2_typography-font-weight);--awb-caption-title-font-style:var(--h2_typography-font-style);--awb-caption-title-size:var(--h2_typography-font-size);--awb-caption-title-transform:var(--h2_typography-text-transform);--awb-caption-title-line-height:var(--h2_typography-line-height);--awb-caption-title-letter-spacing:var(--h2_typography-letter-spacing);\"><span class=\"fusion-imageframe imageframe-none imageframe-2 hover-type-none\"><img decoding=\"async\" width=\"1125\" height=\"2000\" title=\"Acropole\" src=\"https:\/\/andreibarseanu.ro\/wp-content\/uploads\/2025\/01\/Acropole.jpg\" data-orig-src=\"https:\/\/andreibarseanu.ro\/wp-content\/uploads\/2025\/01\/Acropole.jpg\" alt class=\"lazyload img-responsive wp-image-5843\" srcset=\"data:image\/svg+xml,%3Csvg%20xmlns%3D%27http%3A%2F%2Fwww.w3.org%2F2000%2Fsvg%27%20width%3D%271125%27%20height%3D%272000%27%20viewBox%3D%270%200%201125%202000%27%3E%3Crect%20width%3D%271125%27%20height%3D%272000%27%20fill-opacity%3D%220%22%2F%3E%3C%2Fsvg%3E\" data-srcset=\"https:\/\/andreibarseanu.ro\/wp-content\/uploads\/2025\/01\/Acropole-200x356.jpg 200w, https:\/\/andreibarseanu.ro\/wp-content\/uploads\/2025\/01\/Acropole-400x711.jpg 400w, https:\/\/andreibarseanu.ro\/wp-content\/uploads\/2025\/01\/Acropole-600x1067.jpg 600w, https:\/\/andreibarseanu.ro\/wp-content\/uploads\/2025\/01\/Acropole-800x1422.jpg 800w, https:\/\/andreibarseanu.ro\/wp-content\/uploads\/2025\/01\/Acropole.jpg 1125w\" data-sizes=\"auto\" data-orig-sizes=\"(max-width: 850px) 100vw, 1125px\" \/><\/span><\/div><\/div><\/div><\/div><\/div>","protected":false},"excerpt":{"rendered":"","protected":false},"author":1,"featured_media":4157,"parent":5714,"menu_order":0,"comment_status":"closed","ping_status":"closed","template":"100-width.php","meta":{"footnotes":""},"class_list":["post-5842","page","type-page","status-publish","has-post-thumbnail","hentry"],"_links":{"self":[{"href":"https:\/\/andreibarseanu.ro\/hu\/wp-json\/wp\/v2\/pages\/5842","targetHints":{"allow":["GET"]}}],"collection":[{"href":"https:\/\/andreibarseanu.ro\/hu\/wp-json\/wp\/v2\/pages"}],"about":[{"href":"https:\/\/andreibarseanu.ro\/hu\/wp-json\/wp\/v2\/types\/page"}],"author":[{"embeddable":true,"href":"https:\/\/andreibarseanu.ro\/hu\/wp-json\/wp\/v2\/users\/1"}],"replies":[{"embeddable":true,"href":"https:\/\/andreibarseanu.ro\/hu\/wp-json\/wp\/v2\/comments?post=5842"}],"version-history":[{"count":6,"href":"https:\/\/andreibarseanu.ro\/hu\/wp-json\/wp\/v2\/pages\/5842\/revisions"}],"predecessor-version":[{"id":5863,"href":"https:\/\/andreibarseanu.ro\/hu\/wp-json\/wp\/v2\/pages\/5842\/revisions\/5863"}],"up":[{"embeddable":true,"href":"https:\/\/andreibarseanu.ro\/hu\/wp-json\/wp\/v2\/pages\/5714"}],"wp:featuredmedia":[{"embeddable":true,"href":"https:\/\/andreibarseanu.ro\/hu\/wp-json\/"}],"wp:attachment":[{"href":"https:\/\/andreibarseanu.ro\/hu\/wp-json\/wp\/v2\/media?parent=5842"}],"curies":[{"name":"wp","href":"https:\/\/api.w.org\/{rel}","templated":true}]}}