{"id":5874,"date":"2025-01-21T17:44:01","date_gmt":"2025-01-21T14:44:01","guid":{"rendered":"https:\/\/andreibarseanu.ro\/?page_id=5874"},"modified":"2025-01-21T17:44:01","modified_gmt":"2025-01-21T14:44:01","slug":"experienta-erasmus-muzeu-al-amintirilor-tatar-amalia","status":"publish","type":"page","link":"https:\/\/andreibarseanu.ro\/hu\/erasmus\/experienta-erasmus-muzeu-al-amintirilor-tatar-amalia\/","title":{"rendered":"Az Erasmus+ \u00e9lm\u00e9ny - eml\u00e9kek m\u00fazeuma  \u2013 Tatar Amalia"},"content":{"rendered":"<div class=\"fusion-fullwidth fullwidth-box fusion-builder-row-1 fusion-flex-container has-pattern-background has-mask-background nonhundred-percent-fullwidth non-hundred-percent-height-scrolling fusion-animated\" style=\"--awb-background-position:left top;--awb-background-blend-mode:screen;--awb-border-sizes-top:0px;--awb-border-sizes-bottom:0px;--awb-border-sizes-left:0px;--awb-border-sizes-right:0px;--awb-border-color:var(--awb-color3);--awb-border-radius-top-left:0px;--awb-border-radius-top-right:0px;--awb-border-radius-bottom-right:0px;--awb-border-radius-bottom-left:0px;--awb-padding-top:200px;--awb-padding-right:0px;--awb-padding-bottom:10px;--awb-padding-left:0px;--awb-padding-top-medium:0px;--awb-padding-bottom-medium:0px;--awb-padding-top-small:30px;--awb-margin-top:-120px;--awb-margin-bottom:20px;--awb-margin-top-medium:-80px;--awb-margin-bottom-medium:80px;--awb-margin-top-small:-60px;--awb-margin-bottom-small:0px;--awb-background-color:var(--awb-color1);--awb-flex-wrap:wrap;\" data-animationtype=\"fadeInUp\" data-animationduration=\"1.3\" data-animationoffset=\"top-into-view\" ><div class=\"fusion-builder-row fusion-row fusion-flex-align-items-stretch fusion-flex-justify-content-center fusion-flex-content-wrap\" style=\"max-width:calc( 1320px + 0px );margin-left: calc(-0px \/ 2 );margin-right: calc(-0px \/ 2 );\"><div class=\"fusion-layout-column fusion_builder_column fusion-builder-column-0 fusion_builder_column_1_1 1_1 fusion-flex-column\" style=\"--awb-padding-right-small:30px;--awb-padding-left-small:30px;--awb-bg-size:cover;--awb-width-large:100%;--awb-margin-top-large:60px;--awb-spacing-right-large:0px;--awb-margin-bottom-large:0px;--awb-spacing-left-large:0px;--awb-width-medium:100%;--awb-order-medium:0;--awb-spacing-right-medium:0px;--awb-spacing-left-medium:0px;--awb-width-small:100%;--awb-order-small:0;--awb-spacing-right-small:0px;--awb-spacing-left-small:0px;\" data-scroll-devices=\"small-visibility,medium-visibility,large-visibility\"><div class=\"fusion-column-wrapper fusion-column-has-shadow fusion-flex-justify-content-flex-start fusion-content-layout-column\"><div class=\"fusion-text fusion-text-1\" style=\"--awb-content-alignment:center;--awb-font-size:22px;--awb-text-color:var(--awb-color5);\"><p>Az Erasmus+ \u00e9lm\u00e9ny - eml\u00e9kek m\u00fazeuma  \u2013 Tatar Amalia<\/p>\n<\/div><\/div><\/div><div class=\"fusion-layout-column fusion_builder_column fusion-builder-column-1 fusion_builder_column_1_1 1_1 fusion-flex-column fusion-animated\" style=\"--awb-padding-top:30px;--awb-padding-right:30px;--awb-padding-left:30px;--awb-padding-top-small:0px;--awb-padding-right-small:30px;--awb-padding-bottom-small:0px;--awb-padding-left-small:30px;--awb-bg-color:var(--awb-color1);--awb-bg-color-hover:var(--awb-color1);--awb-bg-size:cover;--awb-width-large:100%;--awb-margin-top-large:0px;--awb-spacing-right-large:calc( 0.022 * calc( 100% - 0 ) );--awb-margin-bottom-large:0px;--awb-spacing-left-large:0px;--awb-width-medium:100%;--awb-order-medium:0;--awb-spacing-right-medium:calc( 0.022 * calc( 100% - 0 ) );--awb-spacing-left-medium:0px;--awb-width-small:100%;--awb-order-small:1;--awb-spacing-right-small:0px;--awb-spacing-left-small:0px;\" data-animationtype=\"fadeInUp\" data-animationduration=\"1.3\" data-animationoffset=\"top-into-view\" data-scroll-devices=\"small-visibility,medium-visibility,large-visibility\"><div class=\"fusion-column-wrapper fusion-column-has-shadow fusion-flex-justify-content-flex-start fusion-content-layout-column\"><div class=\"fusion-text fusion-text-2 sm-text-align-left\"><p><span style=\"font-weight: 400;\">Exist\u0103 anumite momente care nu ne p\u0103r\u0103sesc niciodat\u0103. Anumite experien\u021be ne r\u0103m\u00e2n \u00eentip\u0103rite \u00een minte \u0219i le vom pre\u021bui pentru tot restul vie\u021bii. Eu cred c\u0103 via\u021ba fiec\u0103rui om este precum un muzeu al amintirilor. Mobilitatea din Grecia, din cadrul proiectului Erasmus+, a fost, cu siguran\u021b\u0103, o experien\u021b\u0103 memorabil\u0103, pe care am a\u0219ezat-o \u00een propriul meu muzeu. \u00cemi voi aminti mereu de senza\u021biile tr\u0103ite \u00een anumite momente, sunetele, mirosurile, gusturile, imaginile, fie c\u0103 este vorba de valurile m\u0103rii sp\u0103rg\u00e2ndu-se la picioarele mele sau de mirosul de citrice resim\u021bit \u00een cadrul plimb\u0103rilor pe str\u0103zile \u00eenguste ale Atenei. Acest proiect semnific\u0103 \u00eent\u00e2lnirea cu evenimente inedite, amuzante \u0219i pline de bucurie, dar \u0219i cu provoc\u0103ri \u0219i obstacole gestionate \u00eempreun\u0103.\u00a0<\/span><\/p>\n<p><span style=\"font-weight: 400;\">Vizitele la muzee \u0219i la Acropole au avut un impact profund asupra mea. Sentimentele tr\u0103ite la Acropole nu se pot descrie \u00een cuvinte, pentru c\u0103 par f\u0103r\u0103 con\u021binut dac\u0103 nu tr\u0103ie\u0219ti acolo chiar \u0219i pentru c\u00e2teva zeci de minute. \u00cen acele momente, mi-am dorit s\u0103 opresc timpul, pentru a fi atent\u0103 la ce sentimente treze\u0219te \u00een mine fiecare lucru pe care \u00eel priveam. Pentru mine, Grecia \u00eenseamn\u0103 art\u0103 \u0219i istorie. Eu consider c\u0103 arta este cea mai bun\u0103 poart\u0103 spre nemurire. Fiecare artist \u00ee\u0219i las\u0103 buc\u0103\u021bi din suflet, \u00een lucrurile pe care le creeaz\u0103. Emo\u021biile puse \u00een fiecare crea\u021bie, \u00een contact cu ochii privitorului, vor forma mereu un dialog. Atunci c\u00e2nd se \u00eent\u00e2lne\u0219te o emo\u021bie consumat\u0103, tr\u0103it\u0103 deja, cu una ne\u00eent\u00e2mplat\u0103, iar energia artistului se transmite oamenilor din jur, arta \u00ee\u0219i \u00eendepline\u0219te rolul. St\u0103rile produse de fiecare crea\u021bie \u0219i toate sentimentele artistului sunt efemere, dar, materializate \u00eentr-o sculptur\u0103, tablou sau orice form\u0103 de art\u0103, devin nemuritoare. Fiecare sculptur\u0103 are via\u021ba ei proprie \u0219i ascunde emo\u021bii care au c\u0103l\u0103torit sute de ani. S\u0103 privesc acele sculpturi \u00eenc\u0103rcate cu istorie a fost ca \u0219i cum a\u0219 fi c\u0103l\u0103torit \u00een trecut.<\/span><\/p>\n<p><span style=\"font-weight: 400;\">De asemenea, m-a impresionat energia pozitiv\u0103 \u0219i bun\u0103tatea persoanelor care ne-au \u00eent\u00e2mpinat. Am cunoscut oameni cu suflete frumoase \u0219i cu z\u00e2mbete contagioase. Ne-au primit \u00een \u021bara lor ca \u0219i cum am fi fost ni\u0219te prieteni vechi cu care s-au rev\u0103zut, nicidecum nu ne-au v\u0103zut ca pe ni\u0219te str\u0103ini.\u00a0<\/span><\/p>\n<p><span style=\"font-weight: 400;\">Grecia este \u021bara care ne \u00eendrum\u0103 s\u0103 z\u00e2mbim \u00een exces \u0219i s\u0103 ne \u00eendrept\u0103m aten\u021bia mai mult spre sentimente, dec\u00e2t spre g\u00e2nduri. Sim\u021bim soarele care ne m\u00e2ng\u00e2ie pielea, lumina care ne inund\u0103 ochii \u0219i adierile pl\u0103cute de v\u00e2nt. Sunt foarte recunosc\u0103toare pentru c\u0103 am avut oportunitatea de a participa la programul Erasmus+.<\/span><\/p>\n<p><em><span style=\"font-weight: 400;\">T\u0103tar Amalia\u00a0 \u2013 elev\u0103 clasa a XI-a A,\u00a0<\/span><span style=\"font-weight: 400;\">participant proiect Erasmus+ KA122\u00a0 Educa\u0163ie \u015ecolar\u0103 al Liceului Teoretic \u201cAndrei B\u00e2rseanu\u201d &#8211; \u201cSub semnul lui \u00eempreun\u0103: g\u00e2ndim, ne motiv\u0103m \u015fi \u00eemp\u0103rt\u0103\u015fim\u201d nr. <\/span>2023-1-RO01-KA122-SCH-000127251<\/em><\/p>\n<\/div><\/div><\/div><div class=\"fusion-layout-column fusion_builder_column fusion-builder-column-2 fusion_builder_column_1_1 1_1 fusion-flex-column fusion-animated\" style=\"--awb-padding-top:30px;--awb-padding-right:30px;--awb-padding-left:30px;--awb-padding-top-small:0px;--awb-padding-right-small:30px;--awb-padding-bottom-small:0px;--awb-padding-left-small:30px;--awb-bg-color:var(--awb-color1);--awb-bg-color-hover:var(--awb-color1);--awb-bg-size:cover;--awb-width-large:100%;--awb-margin-top-large:0px;--awb-spacing-right-large:calc( 0.022 * calc( 100% - 0 ) );--awb-margin-bottom-large:60px;--awb-spacing-left-large:0px;--awb-width-medium:100%;--awb-order-medium:0;--awb-spacing-right-medium:calc( 0.022 * calc( 100% - 0 ) );--awb-spacing-left-medium:0px;--awb-width-small:100%;--awb-order-small:1;--awb-spacing-right-small:0px;--awb-spacing-left-small:0px;\" data-animationtype=\"fadeInUp\" data-animationduration=\"1.3\" data-animationoffset=\"top-into-view\" data-scroll-devices=\"small-visibility,medium-visibility,large-visibility\"><div class=\"fusion-column-wrapper fusion-column-has-shadow fusion-flex-justify-content-flex-start fusion-content-layout-column\"><div class=\"fusion-image-element\" style=\"--awb-margin-bottom:30px;--awb-caption-title-font-family:var(--h2_typography-font-family);--awb-caption-title-font-weight:var(--h2_typography-font-weight);--awb-caption-title-font-style:var(--h2_typography-font-style);--awb-caption-title-size:var(--h2_typography-font-size);--awb-caption-title-transform:var(--h2_typography-text-transform);--awb-caption-title-line-height:var(--h2_typography-line-height);--awb-caption-title-letter-spacing:var(--h2_typography-letter-spacing);\"><span class=\"fusion-imageframe imageframe-none imageframe-1 hover-type-none\"><img decoding=\"async\" width=\"959\" height=\"1600\" title=\"Poza Amalia\" src=\"https:\/\/andreibarseanu.ro\/wp-content\/uploads\/2025\/01\/Poza-Amalia.jpeg\" data-orig-src=\"https:\/\/andreibarseanu.ro\/wp-content\/uploads\/2025\/01\/Poza-Amalia.jpeg\" alt class=\"lazyload img-responsive wp-image-5875\" srcset=\"data:image\/svg+xml,%3Csvg%20xmlns%3D%27http%3A%2F%2Fwww.w3.org%2F2000%2Fsvg%27%20width%3D%27959%27%20height%3D%271600%27%20viewBox%3D%270%200%20959%201600%27%3E%3Crect%20width%3D%27959%27%20height%3D%271600%27%20fill-opacity%3D%220%22%2F%3E%3C%2Fsvg%3E\" data-srcset=\"https:\/\/andreibarseanu.ro\/wp-content\/uploads\/2025\/01\/Poza-Amalia-200x334.jpeg 200w, https:\/\/andreibarseanu.ro\/wp-content\/uploads\/2025\/01\/Poza-Amalia-400x667.jpeg 400w, https:\/\/andreibarseanu.ro\/wp-content\/uploads\/2025\/01\/Poza-Amalia-600x1001.jpeg 600w, https:\/\/andreibarseanu.ro\/wp-content\/uploads\/2025\/01\/Poza-Amalia-800x1335.jpeg 800w, https:\/\/andreibarseanu.ro\/wp-content\/uploads\/2025\/01\/Poza-Amalia.jpeg 959w\" data-sizes=\"auto\" data-orig-sizes=\"(max-width: 850px) 100vw, 959px\" \/><\/span><\/div><\/div><\/div><\/div><\/div>","protected":false},"excerpt":{"rendered":"","protected":false},"author":1,"featured_media":4157,"parent":5714,"menu_order":0,"comment_status":"closed","ping_status":"closed","template":"100-width.php","meta":{"footnotes":""},"class_list":["post-5874","page","type-page","status-publish","has-post-thumbnail","hentry"],"_links":{"self":[{"href":"https:\/\/andreibarseanu.ro\/hu\/wp-json\/wp\/v2\/pages\/5874","targetHints":{"allow":["GET"]}}],"collection":[{"href":"https:\/\/andreibarseanu.ro\/hu\/wp-json\/wp\/v2\/pages"}],"about":[{"href":"https:\/\/andreibarseanu.ro\/hu\/wp-json\/wp\/v2\/types\/page"}],"author":[{"embeddable":true,"href":"https:\/\/andreibarseanu.ro\/hu\/wp-json\/wp\/v2\/users\/1"}],"replies":[{"embeddable":true,"href":"https:\/\/andreibarseanu.ro\/hu\/wp-json\/wp\/v2\/comments?post=5874"}],"version-history":[{"count":1,"href":"https:\/\/andreibarseanu.ro\/hu\/wp-json\/wp\/v2\/pages\/5874\/revisions"}],"predecessor-version":[{"id":5876,"href":"https:\/\/andreibarseanu.ro\/hu\/wp-json\/wp\/v2\/pages\/5874\/revisions\/5876"}],"up":[{"embeddable":true,"href":"https:\/\/andreibarseanu.ro\/hu\/wp-json\/wp\/v2\/pages\/5714"}],"wp:featuredmedia":[{"embeddable":true,"href":"https:\/\/andreibarseanu.ro\/hu\/wp-json\/"}],"wp:attachment":[{"href":"https:\/\/andreibarseanu.ro\/hu\/wp-json\/wp\/v2\/media?parent=5874"}],"curies":[{"name":"wp","href":"https:\/\/api.w.org\/{rel}","templated":true}]}}