{"id":5878,"date":"2025-01-21T17:48:19","date_gmt":"2025-01-21T14:48:19","guid":{"rendered":"https:\/\/andreibarseanu.ro\/?page_id=5878"},"modified":"2025-01-21T17:48:19","modified_gmt":"2025-01-21T14:48:19","slug":"experienta-erasmus-o-odisee-captivanta-vasiu-alexia","status":"publish","type":"page","link":"https:\/\/andreibarseanu.ro\/hu\/erasmus\/experienta-erasmus-o-odisee-captivanta-vasiu-alexia\/","title":{"rendered":"Az Erasmus+ \u00e9lm\u00e9ny - egy mag\u00e1val ragad\u00f3 od\u00fcsszea \u2013 Vasiu Alexia"},"content":{"rendered":"<div class=\"fusion-fullwidth fullwidth-box fusion-builder-row-1 fusion-flex-container has-pattern-background has-mask-background nonhundred-percent-fullwidth non-hundred-percent-height-scrolling fusion-animated\" style=\"--awb-background-position:left top;--awb-background-blend-mode:screen;--awb-border-sizes-top:0px;--awb-border-sizes-bottom:0px;--awb-border-sizes-left:0px;--awb-border-sizes-right:0px;--awb-border-color:var(--awb-color3);--awb-border-radius-top-left:0px;--awb-border-radius-top-right:0px;--awb-border-radius-bottom-right:0px;--awb-border-radius-bottom-left:0px;--awb-padding-top:200px;--awb-padding-right:0px;--awb-padding-bottom:10px;--awb-padding-left:0px;--awb-padding-top-medium:0px;--awb-padding-bottom-medium:0px;--awb-padding-top-small:30px;--awb-margin-top:-120px;--awb-margin-bottom:20px;--awb-margin-top-medium:-80px;--awb-margin-bottom-medium:80px;--awb-margin-top-small:-60px;--awb-margin-bottom-small:0px;--awb-background-color:var(--awb-color1);--awb-flex-wrap:wrap;\" data-animationType=\"fadeInUp\" data-animationDuration=\"1.3\" data-animationOffset=\"top-into-view\" ><div class=\"fusion-builder-row fusion-row fusion-flex-align-items-stretch fusion-flex-justify-content-center fusion-flex-content-wrap\" style=\"max-width:calc( 1320px + 0px );margin-left: calc(-0px \/ 2 );margin-right: calc(-0px \/ 2 );\"><div class=\"fusion-layout-column fusion_builder_column fusion-builder-column-0 fusion_builder_column_1_1 1_1 fusion-flex-column\" style=\"--awb-padding-right-small:30px;--awb-padding-left-small:30px;--awb-bg-size:cover;--awb-width-large:100%;--awb-margin-top-large:60px;--awb-spacing-right-large:0px;--awb-margin-bottom-large:0px;--awb-spacing-left-large:0px;--awb-width-medium:100%;--awb-order-medium:0;--awb-spacing-right-medium:0px;--awb-spacing-left-medium:0px;--awb-width-small:100%;--awb-order-small:0;--awb-spacing-right-small:0px;--awb-spacing-left-small:0px;\" data-scroll-devices=\"small-visibility,medium-visibility,large-visibility\"><div class=\"fusion-column-wrapper fusion-column-has-shadow fusion-flex-justify-content-flex-start fusion-content-layout-column\"><div class=\"fusion-text fusion-text-1\" style=\"--awb-content-alignment:center;--awb-font-size:22px;--awb-text-color:var(--awb-color5);\"><p>Experien\u0163a Erasmus+ o odisee captivant\u0103 &#8211; Vasiu Alexia<\/p>\n<\/div><\/div><\/div><div class=\"fusion-layout-column fusion_builder_column fusion-builder-column-1 fusion_builder_column_1_1 1_1 fusion-flex-column fusion-animated\" style=\"--awb-padding-top:30px;--awb-padding-right:30px;--awb-padding-left:30px;--awb-padding-top-small:0px;--awb-padding-right-small:30px;--awb-padding-bottom-small:0px;--awb-padding-left-small:30px;--awb-bg-color:var(--awb-color1);--awb-bg-color-hover:var(--awb-color1);--awb-bg-size:cover;--awb-width-large:100%;--awb-margin-top-large:0px;--awb-spacing-right-large:calc( 0.022 * calc( 100% - 0 ) );--awb-margin-bottom-large:0px;--awb-spacing-left-large:0px;--awb-width-medium:100%;--awb-order-medium:0;--awb-spacing-right-medium:calc( 0.022 * calc( 100% - 0 ) );--awb-spacing-left-medium:0px;--awb-width-small:100%;--awb-order-small:1;--awb-spacing-right-small:0px;--awb-spacing-left-small:0px;\" data-animationType=\"fadeInUp\" data-animationDuration=\"1.3\" data-animationOffset=\"top-into-view\" data-scroll-devices=\"small-visibility,medium-visibility,large-visibility\"><div class=\"fusion-column-wrapper fusion-column-has-shadow fusion-flex-justify-content-flex-start fusion-content-layout-column\"><div class=\"fusion-text fusion-text-2 sm-text-align-left\"><p><span style=\"font-weight: 400;\">Proiectul Erasmus+ desf\u0103\u0219urat \u00een Grecia, \u00een miezul fascinant al Atenei, a fost o odisee captivant\u0103, care a deschis noi orizonturi culturale \u0219i artistice. Colaborarea cu \u0218coala de Art\u0103 Peristeri ne-a scufundat \u00eentr-o atmosfer\u0103 creativ\u0103 \u0219i vibrant\u0103, unde am \u00eent\u00e2lnit oameni remarcabili, pasiona\u021bi de artele frumoase \u0219i dedica\u021bi excelen\u021bei. De la \u00eenceput, am fost impresiona\u021bi de c\u00e2t de u\u0219or ne-am integrat \u00een echipa lor. Gazdele noastre s-au remarcat prin ospitalitate \u0219i deschidere, iar atmosfera de lucru a fost una de cooperare \u0219i sprijin reciproc. Prin interac\u021biunile noastre, am \u00eenv\u0103\u021bat despre valoarea muncii \u00een echip\u0103 \u0219i despre cum colaborarea eficient\u0103 poate aduce rezultate excep\u021bionale.<\/span><\/p>\n<p><span style=\"font-weight: 400;\">Aceast\u0103 aventur\u0103 a fost un moment de revela\u021bie, un privilegiu de a tr\u0103i clipa \u0219i de a m\u0103 abandona frumuse\u021bii cople\u0219itoare a locurilor vizitate. Fie c\u0103 m\u0103 plimbam printre ruinele m\u0103re\u021be ale Acropolelor sau admiram splendoarea artefactelor din Muzeul Na\u021bional de Arheologie, am sim\u021bit cum fiecare pas m\u0103 poart\u0103 \u00eentr-o c\u0103l\u0103torie \u00een timp, c\u0103tre originea unei culturi care a modelat lumea.<\/span><\/p>\n<p><span style=\"font-weight: 400;\">Pe l\u00e2ng\u0103 aceste locuri, am fost cucerit\u0103 de frumuse\u021bea luxuriant\u0103 a vegeta\u021biei grece\u0219ti. Abunden\u021ba portocalilor \u0219i lam\u00e2ilor este de necontestat, at\u00e2t prin coloritul lor intens, c\u00e2t \u0219i prin parfumul \u00eembietor al fructelor coapte sub soarele mediteranean, ad\u0103ug\u00e2nd o dimensiune autentic\u0103 \u0219i profund\u0103 experien\u021bei noastre, f\u0103c\u00e2ndu-ne s\u0103 sim\u021bim c\u0103 suntem parte dintr-o poveste care se desf\u0103\u0219oar\u0103 de secole pe acest p\u0103m\u00e2nt.<\/span><\/p>\n<p><span style=\"font-weight: 400;\">\u00cen concluzie, aceast\u0103 c\u0103l\u0103torie a fost un adev\u0103rat periplu al descoperirii de sine, \u00een care am \u00eenv\u0103\u021bat s\u0103 \u00eemi tr\u0103iesc via\u021ba mai autentic \u0219i mai pasional, eliber\u00e2ndu-m\u0103 de lan\u021burile rutinei.<\/span><\/p>\n<p><em><span style=\"font-weight: 400;\">Vasiu Alexia\u00a0 \u2013 elev\u0103 clasa a XI-a A,\u00a0<\/span><span style=\"font-weight: 400;\">participant proiect Erasmus+ KA122\u00a0 Educa\u0163ie \u015ecolar\u0103 al Liceului Teoretic \u201cAndrei B\u00e2rseanu\u201d &#8211; \u201cSub semnul lui \u00eempreun\u0103: g\u00e2ndim, ne motiv\u0103m \u015fi \u00eemp\u0103rt\u0103\u015fim\u201d nr. <\/span>2023-1-RO01-KA122-SCH-000127251<\/em><\/p>\n<\/div><\/div><\/div><div class=\"fusion-layout-column fusion_builder_column fusion-builder-column-2 fusion_builder_column_1_1 1_1 fusion-flex-column fusion-animated\" style=\"--awb-padding-top:30px;--awb-padding-right:30px;--awb-padding-left:30px;--awb-padding-top-small:0px;--awb-padding-right-small:30px;--awb-padding-bottom-small:0px;--awb-padding-left-small:30px;--awb-bg-color:var(--awb-color1);--awb-bg-color-hover:var(--awb-color1);--awb-bg-size:cover;--awb-width-large:100%;--awb-margin-top-large:0px;--awb-spacing-right-large:calc( 0.022 * calc( 100% - 0 ) );--awb-margin-bottom-large:60px;--awb-spacing-left-large:0px;--awb-width-medium:100%;--awb-order-medium:0;--awb-spacing-right-medium:calc( 0.022 * calc( 100% - 0 ) );--awb-spacing-left-medium:0px;--awb-width-small:100%;--awb-order-small:1;--awb-spacing-right-small:0px;--awb-spacing-left-small:0px;\" data-animationType=\"fadeInUp\" data-animationDuration=\"1.3\" data-animationOffset=\"top-into-view\" data-scroll-devices=\"small-visibility,medium-visibility,large-visibility\"><div class=\"fusion-column-wrapper fusion-column-has-shadow fusion-flex-justify-content-flex-start fusion-content-layout-column\"><div class=\"awb-gallery-wrapper awb-gallery-wrapper-1 button-span-no\" style=\"--more-btn-alignment:center;\"><div style=\"margin:-5px;--awb-aspect-ratio:1 \/ 1;--awb-bordersize:0px;\" class=\"fusion-gallery fusion-gallery-container fusion-grid-4 fusion-columns-total-4 fusion-gallery-layout-grid fusion-gallery-1 has-aspect-ratio\"><div style=\"padding:5px;\" class=\"fusion-grid-column fusion-gallery-column fusion-gallery-column-4 hover-type-none\"><div class=\"fusion-gallery-image\"><a href=\"https:\/\/andreibarseanu.ro\/wp-content\/uploads\/2025\/01\/WhatsApp-Image-2024-05-07-at-17.39.57.jpeg\" rel=\"noreferrer\" data-rel=\"iLightbox[gallery_image_1]\" class=\"fusion-lightbox\" target=\"_self\"><img decoding=\"async\" src=\"https:\/\/andreibarseanu.ro\/wp-content\/uploads\/2025\/01\/WhatsApp-Image-2024-05-07-at-17.39.57.jpeg\" data-orig-src=\"https:\/\/andreibarseanu.ro\/wp-content\/uploads\/2025\/01\/WhatsApp-Image-2024-05-07-at-17.39.57.jpeg\" width=\"900\" height=\"1600\" alt=\"\" title=\"WhatsApp Image 2024-05-07 at 17.39.57\" aria-label=\"WhatsApp Image 2024-05-07 at 17.39.57\" class=\"lazyload img-responsive wp-image-5882\" srcset=\"data:image\/svg+xml,%3Csvg%20xmlns%3D%27http%3A%2F%2Fwww.w3.org%2F2000%2Fsvg%27%20width%3D%27900%27%20height%3D%271600%27%20viewBox%3D%270%200%20900%201600%27%3E%3Crect%20width%3D%27900%27%20height%3D%271600%27%20fill-opacity%3D%220%22%2F%3E%3C%2Fsvg%3E\" data-srcset=\"https:\/\/andreibarseanu.ro\/wp-content\/uploads\/2025\/01\/WhatsApp-Image-2024-05-07-at-17.39.57-200x356.jpeg 200w, https:\/\/andreibarseanu.ro\/wp-content\/uploads\/2025\/01\/WhatsApp-Image-2024-05-07-at-17.39.57-400x711.jpeg 400w, https:\/\/andreibarseanu.ro\/wp-content\/uploads\/2025\/01\/WhatsApp-Image-2024-05-07-at-17.39.57-600x1067.jpeg 600w, https:\/\/andreibarseanu.ro\/wp-content\/uploads\/2025\/01\/WhatsApp-Image-2024-05-07-at-17.39.57-800x1422.jpeg 800w, https:\/\/andreibarseanu.ro\/wp-content\/uploads\/2025\/01\/WhatsApp-Image-2024-05-07-at-17.39.57.jpeg 900w\" data-sizes=\"auto\" data-orig-sizes=\"(min-width: 2200px) 100vw, (min-width: 856px) 326px, (min-width: 784px) 435px, (min-width: 712px) 653px, (min-width: 640px) 712px, \" \/><\/a><\/div><\/div><div style=\"padding:5px;\" class=\"fusion-grid-column fusion-gallery-column fusion-gallery-column-4 hover-type-none\"><div class=\"fusion-gallery-image\"><a href=\"https:\/\/andreibarseanu.ro\/wp-content\/uploads\/2025\/01\/WhatsApp-Image-2024-05-07-at-17.39.57-1.jpeg\" rel=\"noreferrer\" data-rel=\"iLightbox[gallery_image_1]\" class=\"fusion-lightbox\" target=\"_self\"><img decoding=\"async\" src=\"https:\/\/andreibarseanu.ro\/wp-content\/uploads\/2025\/01\/WhatsApp-Image-2024-05-07-at-17.39.57-1.jpeg\" data-orig-src=\"https:\/\/andreibarseanu.ro\/wp-content\/uploads\/2025\/01\/WhatsApp-Image-2024-05-07-at-17.39.57-1.jpeg\" width=\"1200\" height=\"1600\" alt=\"\" title=\"WhatsApp Image 2024-05-07 at 17.39.57 (1)\" aria-label=\"WhatsApp Image 2024-05-07 at 17.39.57 (1)\" class=\"lazyload img-responsive wp-image-5881\" srcset=\"data:image\/svg+xml,%3Csvg%20xmlns%3D%27http%3A%2F%2Fwww.w3.org%2F2000%2Fsvg%27%20width%3D%271200%27%20height%3D%271600%27%20viewBox%3D%270%200%201200%201600%27%3E%3Crect%20width%3D%271200%27%20height%3D%271600%27%20fill-opacity%3D%220%22%2F%3E%3C%2Fsvg%3E\" data-srcset=\"https:\/\/andreibarseanu.ro\/wp-content\/uploads\/2025\/01\/WhatsApp-Image-2024-05-07-at-17.39.57-1-200x267.jpeg 200w, https:\/\/andreibarseanu.ro\/wp-content\/uploads\/2025\/01\/WhatsApp-Image-2024-05-07-at-17.39.57-1-400x533.jpeg 400w, https:\/\/andreibarseanu.ro\/wp-content\/uploads\/2025\/01\/WhatsApp-Image-2024-05-07-at-17.39.57-1-600x800.jpeg 600w, https:\/\/andreibarseanu.ro\/wp-content\/uploads\/2025\/01\/WhatsApp-Image-2024-05-07-at-17.39.57-1-800x1067.jpeg 800w, https:\/\/andreibarseanu.ro\/wp-content\/uploads\/2025\/01\/WhatsApp-Image-2024-05-07-at-17.39.57-1.jpeg 1200w\" data-sizes=\"auto\" data-orig-sizes=\"(min-width: 2200px) 100vw, (min-width: 856px) 326px, (min-width: 784px) 435px, (min-width: 712px) 653px, (min-width: 640px) 712px, \" \/><\/a><\/div><\/div><div style=\"padding:5px;\" class=\"fusion-grid-column fusion-gallery-column fusion-gallery-column-4 hover-type-none\"><div class=\"fusion-gallery-image\"><a href=\"https:\/\/andreibarseanu.ro\/wp-content\/uploads\/2025\/01\/WhatsApp-Image-2024-05-07-at-17.39.56.jpeg\" rel=\"noreferrer\" data-rel=\"iLightbox[gallery_image_1]\" class=\"fusion-lightbox\" target=\"_self\"><img decoding=\"async\" src=\"https:\/\/andreibarseanu.ro\/wp-content\/uploads\/2025\/01\/WhatsApp-Image-2024-05-07-at-17.39.56.jpeg\" data-orig-src=\"https:\/\/andreibarseanu.ro\/wp-content\/uploads\/2025\/01\/WhatsApp-Image-2024-05-07-at-17.39.56.jpeg\" width=\"900\" height=\"1600\" alt=\"\" title=\"WhatsApp Image 2024-05-07 at 17.39.56\" aria-label=\"WhatsApp Image 2024-05-07 at 17.39.56\" class=\"lazyload img-responsive wp-image-5880\" srcset=\"data:image\/svg+xml,%3Csvg%20xmlns%3D%27http%3A%2F%2Fwww.w3.org%2F2000%2Fsvg%27%20width%3D%27900%27%20height%3D%271600%27%20viewBox%3D%270%200%20900%201600%27%3E%3Crect%20width%3D%27900%27%20height%3D%271600%27%20fill-opacity%3D%220%22%2F%3E%3C%2Fsvg%3E\" data-srcset=\"https:\/\/andreibarseanu.ro\/wp-content\/uploads\/2025\/01\/WhatsApp-Image-2024-05-07-at-17.39.56-200x356.jpeg 200w, https:\/\/andreibarseanu.ro\/wp-content\/uploads\/2025\/01\/WhatsApp-Image-2024-05-07-at-17.39.56-400x711.jpeg 400w, https:\/\/andreibarseanu.ro\/wp-content\/uploads\/2025\/01\/WhatsApp-Image-2024-05-07-at-17.39.56-600x1067.jpeg 600w, https:\/\/andreibarseanu.ro\/wp-content\/uploads\/2025\/01\/WhatsApp-Image-2024-05-07-at-17.39.56-800x1422.jpeg 800w, https:\/\/andreibarseanu.ro\/wp-content\/uploads\/2025\/01\/WhatsApp-Image-2024-05-07-at-17.39.56.jpeg 900w\" data-sizes=\"auto\" data-orig-sizes=\"(min-width: 2200px) 100vw, (min-width: 856px) 326px, (min-width: 784px) 435px, (min-width: 712px) 653px, (min-width: 640px) 712px, \" \/><\/a><\/div><\/div><div style=\"padding:5px;\" class=\"fusion-grid-column fusion-gallery-column fusion-gallery-column-4 hover-type-none\"><div class=\"fusion-gallery-image\"><a href=\"https:\/\/andreibarseanu.ro\/wp-content\/uploads\/2025\/01\/WhatsApp-Image-2024-05-07-at-17.39.56-1.jpeg\" rel=\"noreferrer\" data-rel=\"iLightbox[gallery_image_1]\" class=\"fusion-lightbox\" target=\"_self\"><img decoding=\"async\" src=\"https:\/\/andreibarseanu.ro\/wp-content\/uploads\/2025\/01\/WhatsApp-Image-2024-05-07-at-17.39.56-1.jpeg\" data-orig-src=\"https:\/\/andreibarseanu.ro\/wp-content\/uploads\/2025\/01\/WhatsApp-Image-2024-05-07-at-17.39.56-1.jpeg\" width=\"900\" height=\"1600\" alt=\"\" title=\"WhatsApp Image 2024-05-07 at 17.39.56 (1)\" aria-label=\"WhatsApp Image 2024-05-07 at 17.39.56 (1)\" class=\"lazyload img-responsive wp-image-5879\" srcset=\"data:image\/svg+xml,%3Csvg%20xmlns%3D%27http%3A%2F%2Fwww.w3.org%2F2000%2Fsvg%27%20width%3D%27900%27%20height%3D%271600%27%20viewBox%3D%270%200%20900%201600%27%3E%3Crect%20width%3D%27900%27%20height%3D%271600%27%20fill-opacity%3D%220%22%2F%3E%3C%2Fsvg%3E\" data-srcset=\"https:\/\/andreibarseanu.ro\/wp-content\/uploads\/2025\/01\/WhatsApp-Image-2024-05-07-at-17.39.56-1-200x356.jpeg 200w, https:\/\/andreibarseanu.ro\/wp-content\/uploads\/2025\/01\/WhatsApp-Image-2024-05-07-at-17.39.56-1-400x711.jpeg 400w, https:\/\/andreibarseanu.ro\/wp-content\/uploads\/2025\/01\/WhatsApp-Image-2024-05-07-at-17.39.56-1-600x1067.jpeg 600w, https:\/\/andreibarseanu.ro\/wp-content\/uploads\/2025\/01\/WhatsApp-Image-2024-05-07-at-17.39.56-1-800x1422.jpeg 800w, https:\/\/andreibarseanu.ro\/wp-content\/uploads\/2025\/01\/WhatsApp-Image-2024-05-07-at-17.39.56-1.jpeg 900w\" data-sizes=\"auto\" data-orig-sizes=\"(min-width: 2200px) 100vw, (min-width: 856px) 326px, (min-width: 784px) 435px, (min-width: 712px) 653px, (min-width: 640px) 712px, \" \/><\/a><\/div><\/div><div class=\"clearfix\"><\/div><\/div><\/div><\/div><\/div><\/div><\/div>\n","protected":false},"excerpt":{"rendered":"","protected":false},"author":1,"featured_media":4157,"parent":5714,"menu_order":0,"comment_status":"closed","ping_status":"closed","template":"100-width.php","meta":{"footnotes":""},"class_list":["post-5878","page","type-page","status-publish","has-post-thumbnail","hentry"],"_links":{"self":[{"href":"https:\/\/andreibarseanu.ro\/hu\/wp-json\/wp\/v2\/pages\/5878","targetHints":{"allow":["GET"]}}],"collection":[{"href":"https:\/\/andreibarseanu.ro\/hu\/wp-json\/wp\/v2\/pages"}],"about":[{"href":"https:\/\/andreibarseanu.ro\/hu\/wp-json\/wp\/v2\/types\/page"}],"author":[{"embeddable":true,"href":"https:\/\/andreibarseanu.ro\/hu\/wp-json\/wp\/v2\/users\/1"}],"replies":[{"embeddable":true,"href":"https:\/\/andreibarseanu.ro\/hu\/wp-json\/wp\/v2\/comments?post=5878"}],"version-history":[{"count":3,"href":"https:\/\/andreibarseanu.ro\/hu\/wp-json\/wp\/v2\/pages\/5878\/revisions"}],"predecessor-version":[{"id":5885,"href":"https:\/\/andreibarseanu.ro\/hu\/wp-json\/wp\/v2\/pages\/5878\/revisions\/5885"}],"up":[{"embeddable":true,"href":"https:\/\/andreibarseanu.ro\/hu\/wp-json\/wp\/v2\/pages\/5714"}],"wp:featuredmedia":[{"embeddable":true,"href":"https:\/\/andreibarseanu.ro\/hu\/wp-json\/"}],"wp:attachment":[{"href":"https:\/\/andreibarseanu.ro\/hu\/wp-json\/wp\/v2\/media?parent=5878"}],"curies":[{"name":"wp","href":"https:\/\/api.w.org\/{rel}","templated":true}]}}