{"id":5961,"date":"2025-01-21T19:11:06","date_gmt":"2025-01-21T16:11:06","guid":{"rendered":"https:\/\/andreibarseanu.ro\/?page_id=5961"},"modified":"2025-01-21T19:11:06","modified_gmt":"2025-01-21T16:11:06","slug":"erasmus-o-experienta-inedita-director-prof-mago-attila-marton","status":"publish","type":"page","link":"https:\/\/andreibarseanu.ro\/hu\/erasmus\/erasmus-o-experienta-inedita-director-prof-mago-attila-marton\/","title":{"rendered":"Erasmus \u2013 egy egyedi \u00e9lm\u00e9ny \u2013 Mag\u00f3 Attila M\u00e1rton igazgat\u00f3"},"content":{"rendered":"<div class=\"fusion-fullwidth fullwidth-box fusion-builder-row-1 fusion-flex-container has-pattern-background has-mask-background nonhundred-percent-fullwidth non-hundred-percent-height-scrolling fusion-animated\" style=\"--awb-background-position:left top;--awb-background-blend-mode:screen;--awb-border-sizes-top:0px;--awb-border-sizes-bottom:0px;--awb-border-sizes-left:0px;--awb-border-sizes-right:0px;--awb-border-color:var(--awb-color3);--awb-border-radius-top-left:0px;--awb-border-radius-top-right:0px;--awb-border-radius-bottom-right:0px;--awb-border-radius-bottom-left:0px;--awb-padding-top:200px;--awb-padding-right:0px;--awb-padding-bottom:10px;--awb-padding-left:0px;--awb-padding-top-medium:0px;--awb-padding-bottom-medium:0px;--awb-padding-top-small:30px;--awb-margin-top:-120px;--awb-margin-bottom:20px;--awb-margin-top-medium:-80px;--awb-margin-bottom-medium:80px;--awb-margin-top-small:-60px;--awb-margin-bottom-small:0px;--awb-background-color:var(--awb-color1);--awb-flex-wrap:wrap;\" data-animationType=\"fadeInUp\" data-animationDuration=\"1.3\" data-animationOffset=\"top-into-view\" ><div class=\"fusion-builder-row fusion-row fusion-flex-align-items-stretch fusion-flex-justify-content-center fusion-flex-content-wrap\" style=\"max-width:calc( 1320px + 0px );margin-left: calc(-0px \/ 2 );margin-right: calc(-0px \/ 2 );\"><div class=\"fusion-layout-column fusion_builder_column fusion-builder-column-0 fusion_builder_column_1_1 1_1 fusion-flex-column\" style=\"--awb-padding-right-small:30px;--awb-padding-left-small:30px;--awb-bg-size:cover;--awb-width-large:100%;--awb-margin-top-large:60px;--awb-spacing-right-large:0px;--awb-margin-bottom-large:0px;--awb-spacing-left-large:0px;--awb-width-medium:100%;--awb-order-medium:0;--awb-spacing-right-medium:0px;--awb-spacing-left-medium:0px;--awb-width-small:100%;--awb-order-small:0;--awb-spacing-right-small:0px;--awb-spacing-left-small:0px;\" data-scroll-devices=\"small-visibility,medium-visibility,large-visibility\"><div class=\"fusion-column-wrapper fusion-column-has-shadow fusion-flex-justify-content-flex-start fusion-content-layout-column\"><div class=\"fusion-text fusion-text-1\" style=\"--awb-content-alignment:center;--awb-font-size:22px;--awb-text-color:var(--awb-color5);\"><p>Erasmus \u2013 o experien\u0163\u0103 inedit\u0103 \u2013 director \u2013 prof. Mag\u00f3 Attila M\u00e1rton<\/p>\n<\/div><\/div><\/div><div class=\"fusion-layout-column fusion_builder_column fusion-builder-column-1 fusion_builder_column_1_1 1_1 fusion-flex-column fusion-animated\" style=\"--awb-padding-top:30px;--awb-padding-right:30px;--awb-padding-left:30px;--awb-padding-top-small:0px;--awb-padding-right-small:30px;--awb-padding-bottom-small:0px;--awb-padding-left-small:30px;--awb-bg-color:var(--awb-color1);--awb-bg-color-hover:var(--awb-color1);--awb-bg-size:cover;--awb-width-large:100%;--awb-margin-top-large:0px;--awb-spacing-right-large:calc( 0.022 * calc( 100% - 0 ) );--awb-margin-bottom-large:0px;--awb-spacing-left-large:0px;--awb-width-medium:100%;--awb-order-medium:0;--awb-spacing-right-medium:calc( 0.022 * calc( 100% - 0 ) );--awb-spacing-left-medium:0px;--awb-width-small:100%;--awb-order-small:1;--awb-spacing-right-small:0px;--awb-spacing-left-small:0px;\" data-animationType=\"fadeInUp\" data-animationDuration=\"1.3\" data-animationOffset=\"top-into-view\" data-scroll-devices=\"small-visibility,medium-visibility,large-visibility\"><div class=\"fusion-column-wrapper fusion-column-has-shadow fusion-flex-justify-content-flex-start fusion-content-layout-column\"><div class=\"fusion-text fusion-text-2 sm-text-align-left\"><p><span style=\"font-weight: 400;\">Malaga, unul dintre cele mai vechi ora\u015fe ale Europei, printre altele ora\u0219ul unde s-a n\u0103scut Antonio Banderas &#8211; poate nu cel mai important aspect despre acest ora\u0219, dar actorul este un star pe care mai to\u021bi \u00eel cunoa\u0219tem &#8211; a fost loca\u0163ia unde s-a desf\u0103\u015furat cursul \u201eStop bullyingului, \u00eencepe incluziunea! \u2013 preven\u021bie \u0219i interven\u021bie\u201d , la care am avut oportunitatea de a participa prin intermediul proiectului Erasmus+ \u201cSub semnul lui \u00eempreun\u0103: g\u00e2ndim, ne motiv\u0103m \u015fi \u00eemp\u0103rt\u0103\u015fim \u201d, cu num\u0103r de referin\u021b\u0103 2023-1-RO01-KA122-SCH-000127251, derulat la Liceul Teoretic \u201cAndrei B\u00e2rseanu\u201d, \u00een anul \u015fcolar 2023-2024.<\/span><\/p>\n<p><span style=\"font-weight: 400;\">Erasmus+ este programul UE \u00een domeniile educa\u021biei, form\u0103rii, tineretului \u0219i sportului pentru perioada 2021-2027. Educa\u021bia, formarea, tineretul \u0219i sportul sunt domenii-cheie care sprijin\u0103 cet\u0103\u021benii \u00een dezvoltarea lor personal\u0103 \u0219i profesional\u0103. Educa\u021bia \u0219i formarea de \u00eenalt\u0103 calitate, favorabile incluziunii, precum \u0219i \u00eenv\u0103\u021barea informal\u0103 \u0219i nonformal\u0103 confer\u0103, \u00een ultim\u0103 instan\u021b\u0103, tinerilor \u0219i participan\u021bilor de toate v\u00e2rstele, calific\u0103rile \u0219i competen\u021bele necesare pentru participarea lor semnificativ\u0103 la societatea democratic\u0103, pentru \u00een\u021belegerea intercultural\u0103 \u0219i pentru tranzi\u021bia de succes c\u0103tre pia\u021ba muncii.<\/span><\/p>\n<p><span style=\"font-weight: 400;\">\u00cenc\u0103 din 2021, mi-am propus s\u0103 fac tot posibilul ca liceul nostru s\u0103 acceseze un proiect Erasmus+. Am reu\u0219it, \u00eempreun\u0103 cu o echip\u0103 de profesori de la liceu, s\u0103 scriem proiectul \u0219i s\u0103 \u0219i c\u00e2\u0219tig\u0103m, desigur, ajuta\u021bi \u0219i \u00eendruma\u021bi de colegii de la asocia\u021bia Edu2Grow.<\/span><\/p>\n<p><span style=\"font-weight: 400;\">\u00cen cadrul acestui curs am interac\u0163ionat at\u00e2t cu cadre didactice din alte regiuni ale \u0163\u0103rii, c\u00e2t \u015fi cu profesori din Sicilia, Napoli \u0219i desigur Malaga, \u00eentr-o atmosfer\u0103 frumoas\u0103 \u015fi inspira\u0163ional\u0103, creat\u0103 de c\u0103tre formatorii no\u0219tri, care au facilitat aceast\u0103 experien\u0163\u0103 inedit\u0103 de \u00eenv\u0103\u0163are.<\/span><\/p>\n<p><span style=\"font-weight: 400;\">Educa\u021bia nonformal\u0103, despre care ne-am \u00eensu\u0219it informa\u021bii interesante, este o modalitate mai pu\u0163in folosit\u0103 la noi, de\u00a0 noutate, iar noi, profesorii, cel pu\u021bin, din \u021bara noastr\u0103, Rom\u00e2nia, suntem mai reticen\u021bi la acest mod de \u00eenv\u0103\u021bare. Fiecare zi a fost \u00eenceput\u0103 cu diferite jocuri, pentru \u201ca sparge ghea\u021ba\u201d (la aproape 40 de grade), activitate educativ\u0103 care \u0219i-a atins scopul, desigur. \u00cens\u0103, dac\u0103 \u00een curtea liceului noi, profesorii, am \u00eencepe s\u0103 punem \u00een practic\u0103 aceste jocuri,\u00a0 s-ar putea s\u0103 vin\u0103 cineva de pe strad\u0103 s\u0103 ne \u00eentrebe dac\u0103 totul e ok.<\/span><\/p>\n<p><span style=\"font-weight: 400;\">Prin activit\u0103\u0163ile interculturale, pentru c\u0103 un astfel de proiect ca Erasmus+\u00a0 nu const\u0103 numai din \u00eenv\u0103\u021barea diferitelor teorii despre, de exemplu, psihologia educa\u021biei, am f\u0103cut cuno\u015ftint\u0103, \u00eentr-un mod cel pu\u021bin interesant, cu ceilal\u0163i colegi, cu aspira\u0163iile lor, cu povestea fiec\u0103ruia, cu obiceiurile \u015fi tradi\u0163iile zonei sau \u0163\u0103rii din care provin. A\u0219a am reu\u0219it s\u0103 gust\u0103m sl\u0103nina din Craiova, sarmalele din Satu Mare sau limoncello din Sicilia. Desigur, nici noi nu am r\u0103mas mai prejos. \u0218i noi am prezentat m\u00e2nc\u0103ruri tradi\u021bionale din zona T\u00e2rnavelor, iar dac\u0103 ne-am n\u0103scut \u00een aceast\u0103 zon\u0103 a Transilvaniei, nu am putut s\u0103 nu lu\u0103m cu noi \u00een Malaga o sticl\u0103 bun\u0103 de vin de la Jidvei \u0219i s\u0103 le prezent\u0103m bucatele tradi\u021bionale acelor colegi profesori care nu cunosc zona noastr\u0103.<\/span><\/p>\n<p><span style=\"font-weight: 400;\">Activit\u0103\u0163ile \u00een echip\u0103 la care am participat au fost un bun prilej s\u0103 ne cunoa\u015ftem mai bine, s\u0103 leg\u0103m prietenii, precum \u015fi s\u0103 ne exers\u0103m abilit\u0103\u0163ile de colaborare \u0219i comunicare. Dezbaterile purtate cu colegii din alte \u0163\u0103ri ne-au \u00eembog\u0103\u0163it perspectiva \u015fi ne-au f\u0103cut s\u0103 con\u015ftientiz\u0103m importan\u0163a punctelor de vedere diferite \u015fi a interac\u0163iunilor cu alte culturi, care adunate toate, pot conduce la un rezultat spectaculos \u015fi creativ, abilitate at\u00e2t de necesar\u0103 \u00een timpurile de ast\u0103zi. Astfel, lucrul \u00een echip\u0103 a fost una dintre principalele competen\u0163e exersate, al\u0103turi de celelalte competen\u0163e europene, pe care, cu siguran\u0163\u0103, o s\u0103 \u00eencerc s\u0103 le aplic elevilor mei, cu mai mult\u0103 \u00eencredere \u00een abilit\u0103\u0163ile mele de profesor \u015fi facilitator de experin\u0163e de \u00eenv\u0103\u0163are transforma\u0163ionale.<\/span><\/p>\n<p><span style=\"font-weight: 400;\">Discu\u0163iile \u015fi dezbaterile despre \u00eenv\u0103\u0163area formal\u0103, informal\u0103 \u015fi non-formal\u0103 m-au ajutat s\u0103 con\u015ftientizez importan\u0163a mentalit\u0103\u0163ii deschise spre cunoa\u015ftere, pe care e bine s\u0103 o dezvolt\u0103m\u00a0 elevilor no\u015ftri, echip\u00e2ndu-i astfel pentru lumea de m\u00e2ine, care va fi \u00eentr-o continu\u0103 schimbare, iar ei, ca viitori cet\u0103\u0163eni europeni, vor fi astfel preg\u0103ti\u0163i s\u0103 fac\u0103 fa\u0163\u0103 oric\u0103ror provoc\u0103ri, fiind con\u015ftien\u0163i c\u0103 \u00eenv\u0103\u0163area nu se termin\u0103 odat\u0103 cu finalizarea studiilor, ci este un proces care se deruleaz\u0103 pe tot parcursul vie\u0163ii.<\/span><\/p>\n<p><span style=\"font-weight: 400;\">Un alt beneficiu al proiectului Erasmus a fost dat de posibilitatea de a interac\u0163iona cu cultura, tradi\u0163iile \u015fi locurile minunate \u00een care s-au desf\u0103\u015furat activit\u0103\u0163ile. Malaga si localit\u0103\u021bile apropiate sunt cunoscute ca zone turistice fascinante, iar eu, fiind pasionat de fotografie, am reu\u0219it s\u0103-mi satisfac, pe l\u00e2ng\u0103 partea profesional\u0103, \u0219i pl\u0103cerea de a imortaliza c\u00e2teva cadre superbe din Malaga, Marbella, Rhonda, unde am vizitat diferitele obiective turistice locale.<\/span><\/p>\n<p><span style=\"font-weight: 400;\">Astfel, numeroasele activit\u0103\u0163i la care am participat, obiectivele turistice pe care am avut ocazia s\u0103 le vizitez, diversitatea cultural\u0103 pe care am experimentat-o \u015fi modul pl\u0103cut \u00een care toate acestea s-au \u00eembinat, au realizat cadrul perfect de desf\u0103\u015furare a unui proiect care promoveaz\u0103 \u00eenv\u0103\u0163area prin experien\u0163e, deschiderea spre noi perspective \u015fi dezvoltarea noastr\u0103 pe toate planurile spre cooperare intercultural\u0103, cre\u015ftere \u015fi dorin\u0163\u0103 de a duce mai departe aceast\u0103 energie pozitiv\u0103 care ne-a cuprins \u0219i pe noi.<\/span><\/p>\n<p><em>&#8211; Director \u2013 prof. Mag\u00f3 Attila M\u00e1rton<\/em><\/p>\n<\/div><\/div><\/div><div class=\"fusion-layout-column fusion_builder_column fusion-builder-column-2 fusion_builder_column_1_1 1_1 fusion-flex-column fusion-animated\" style=\"--awb-padding-top:30px;--awb-padding-right:30px;--awb-padding-left:30px;--awb-padding-top-small:0px;--awb-padding-right-small:30px;--awb-padding-bottom-small:0px;--awb-padding-left-small:30px;--awb-bg-color:var(--awb-color1);--awb-bg-color-hover:var(--awb-color1);--awb-bg-size:cover;--awb-width-large:100%;--awb-margin-top-large:0px;--awb-spacing-right-large:calc( 0.022 * calc( 100% - 0 ) );--awb-margin-bottom-large:60px;--awb-spacing-left-large:0px;--awb-width-medium:100%;--awb-order-medium:0;--awb-spacing-right-medium:calc( 0.022 * calc( 100% - 0 ) );--awb-spacing-left-medium:0px;--awb-width-small:100%;--awb-order-small:1;--awb-spacing-right-small:0px;--awb-spacing-left-small:0px;\" data-animationType=\"fadeInUp\" data-animationDuration=\"1.3\" data-animationOffset=\"top-into-view\" data-scroll-devices=\"small-visibility,medium-visibility,large-visibility\"><div class=\"fusion-column-wrapper fusion-column-has-shadow fusion-flex-justify-content-flex-start fusion-content-layout-column\"><div class=\"awb-gallery-wrapper awb-gallery-wrapper-1 button-span-no\" style=\"--more-btn-alignment:center;\"><div style=\"margin:-5px;--awb-aspect-ratio:1 \/ 1;--awb-bordersize:0px;\" class=\"fusion-gallery fusion-gallery-container fusion-grid-3 fusion-columns-total-11 fusion-gallery-layout-grid fusion-gallery-1 has-aspect-ratio\"><div style=\"padding:5px;\" class=\"fusion-grid-column fusion-gallery-column fusion-gallery-column-3 hover-type-none\"><div class=\"fusion-gallery-image\"><a href=\"https:\/\/andreibarseanu.ro\/wp-content\/uploads\/2025\/01\/Attila1.jpeg\" rel=\"noreferrer\" data-rel=\"iLightbox[gallery_image_1]\" class=\"fusion-lightbox\" target=\"_self\"><img decoding=\"async\" src=\"https:\/\/andreibarseanu.ro\/wp-content\/uploads\/2025\/01\/Attila1-460x295.jpeg\" width=\"460\" height=\"295\" alt=\"\" title=\"Attila1\" aria-label=\"Attila1\" class=\"img-responsive wp-image-5962 fusion-gallery-image-size-fixed\"  \/><\/a><\/div><\/div><div style=\"padding:5px;\" class=\"fusion-grid-column fusion-gallery-column fusion-gallery-column-3 hover-type-none\"><div class=\"fusion-gallery-image\"><a href=\"https:\/\/andreibarseanu.ro\/wp-content\/uploads\/2025\/01\/Attila2.jpeg\" rel=\"noreferrer\" data-rel=\"iLightbox[gallery_image_1]\" class=\"fusion-lightbox\" target=\"_self\"><img decoding=\"async\" src=\"https:\/\/andreibarseanu.ro\/wp-content\/uploads\/2025\/01\/Attila2-460x295.jpeg\" width=\"460\" height=\"295\" alt=\"\" title=\"Attila2\" aria-label=\"Attila2\" class=\"img-responsive wp-image-5963 fusion-gallery-image-size-fixed\"  \/><\/a><\/div><\/div><div style=\"padding:5px;\" class=\"fusion-grid-column fusion-gallery-column fusion-gallery-column-3 hover-type-none\"><div class=\"fusion-gallery-image\"><a href=\"https:\/\/andreibarseanu.ro\/wp-content\/uploads\/2025\/01\/Attila3.jpeg\" rel=\"noreferrer\" data-rel=\"iLightbox[gallery_image_1]\" class=\"fusion-lightbox\" target=\"_self\"><img decoding=\"async\" src=\"https:\/\/andreibarseanu.ro\/wp-content\/uploads\/2025\/01\/Attila3-460x295.jpeg\" width=\"460\" height=\"295\" alt=\"\" title=\"Attila3\" aria-label=\"Attila3\" class=\"img-responsive wp-image-5964 fusion-gallery-image-size-fixed\"  \/><\/a><\/div><\/div><div class=\"clearfix\"><\/div><div style=\"padding:5px;\" class=\"fusion-grid-column fusion-gallery-column fusion-gallery-column-3 hover-type-none\"><div class=\"fusion-gallery-image\"><a href=\"https:\/\/andreibarseanu.ro\/wp-content\/uploads\/2025\/01\/Attila4.jpeg\" rel=\"noreferrer\" data-rel=\"iLightbox[gallery_image_1]\" class=\"fusion-lightbox\" target=\"_self\"><img decoding=\"async\" src=\"https:\/\/andreibarseanu.ro\/wp-content\/uploads\/2025\/01\/Attila4-460x295.jpeg\" width=\"460\" height=\"295\" alt=\"\" title=\"Attila4\" aria-label=\"Attila4\" class=\"img-responsive wp-image-5965 fusion-gallery-image-size-fixed\"  \/><\/a><\/div><\/div><div style=\"padding:5px;\" class=\"fusion-grid-column fusion-gallery-column fusion-gallery-column-3 hover-type-none\"><div class=\"fusion-gallery-image\"><a href=\"https:\/\/andreibarseanu.ro\/wp-content\/uploads\/2025\/01\/Attila5.jpeg\" rel=\"noreferrer\" data-rel=\"iLightbox[gallery_image_1]\" class=\"fusion-lightbox\" target=\"_self\"><img decoding=\"async\" src=\"https:\/\/andreibarseanu.ro\/wp-content\/uploads\/2025\/01\/Attila5-460x295.jpeg\" width=\"460\" height=\"295\" alt=\"\" title=\"Attila5\" aria-label=\"Attila5\" class=\"img-responsive wp-image-5966 fusion-gallery-image-size-fixed\"  \/><\/a><\/div><\/div><div style=\"padding:5px;\" class=\"fusion-grid-column fusion-gallery-column fusion-gallery-column-3 hover-type-none\"><div class=\"fusion-gallery-image\"><a href=\"https:\/\/andreibarseanu.ro\/wp-content\/uploads\/2025\/01\/Attila6.jpeg\" rel=\"noreferrer\" data-rel=\"iLightbox[gallery_image_1]\" class=\"fusion-lightbox\" target=\"_self\"><img decoding=\"async\" src=\"https:\/\/andreibarseanu.ro\/wp-content\/uploads\/2025\/01\/Attila6-460x295.jpeg\" width=\"460\" height=\"295\" alt=\"\" title=\"Attila6\" aria-label=\"Attila6\" class=\"img-responsive wp-image-5967 fusion-gallery-image-size-fixed\"  \/><\/a><\/div><\/div><div class=\"clearfix\"><\/div><div style=\"padding:5px;\" class=\"fusion-grid-column fusion-gallery-column fusion-gallery-column-3 hover-type-none\"><div class=\"fusion-gallery-image\"><a href=\"https:\/\/andreibarseanu.ro\/wp-content\/uploads\/2025\/01\/Attila7.jpeg\" rel=\"noreferrer\" data-rel=\"iLightbox[gallery_image_1]\" class=\"fusion-lightbox\" target=\"_self\"><img decoding=\"async\" src=\"https:\/\/andreibarseanu.ro\/wp-content\/uploads\/2025\/01\/Attila7-460x295.jpeg\" width=\"460\" height=\"295\" alt=\"\" title=\"Attila7\" aria-label=\"Attila7\" class=\"img-responsive wp-image-5968 fusion-gallery-image-size-fixed\"  \/><\/a><\/div><\/div><div style=\"padding:5px;\" class=\"fusion-grid-column fusion-gallery-column fusion-gallery-column-3 hover-type-none\"><div class=\"fusion-gallery-image\"><a href=\"https:\/\/andreibarseanu.ro\/wp-content\/uploads\/2025\/01\/Attila8.jpeg\" rel=\"noreferrer\" data-rel=\"iLightbox[gallery_image_1]\" class=\"fusion-lightbox\" target=\"_self\"><img decoding=\"async\" src=\"https:\/\/andreibarseanu.ro\/wp-content\/uploads\/2025\/01\/Attila8-460x295.jpeg\" width=\"460\" height=\"295\" alt=\"\" title=\"Attila8\" aria-label=\"Attila8\" class=\"img-responsive wp-image-5969 fusion-gallery-image-size-fixed\"  \/><\/a><\/div><\/div><div style=\"padding:5px;\" class=\"fusion-grid-column fusion-gallery-column fusion-gallery-column-3 hover-type-none\"><div class=\"fusion-gallery-image\"><a href=\"https:\/\/andreibarseanu.ro\/wp-content\/uploads\/2025\/01\/Attila9.jpeg\" rel=\"noreferrer\" data-rel=\"iLightbox[gallery_image_1]\" class=\"fusion-lightbox\" target=\"_self\"><img decoding=\"async\" src=\"https:\/\/andreibarseanu.ro\/wp-content\/uploads\/2025\/01\/Attila9-460x295.jpeg\" width=\"460\" height=\"295\" alt=\"\" title=\"Attila9\" aria-label=\"Attila9\" class=\"img-responsive wp-image-5970 fusion-gallery-image-size-fixed\"  \/><\/a><\/div><\/div><div class=\"clearfix\"><\/div><div style=\"padding:5px;\" class=\"fusion-grid-column fusion-gallery-column fusion-gallery-column-3 hover-type-none\"><div class=\"fusion-gallery-image\"><a href=\"https:\/\/andreibarseanu.ro\/wp-content\/uploads\/2025\/01\/Attila10.jpeg\" rel=\"noreferrer\" data-rel=\"iLightbox[gallery_image_1]\" class=\"fusion-lightbox\" target=\"_self\"><img decoding=\"async\" src=\"https:\/\/andreibarseanu.ro\/wp-content\/uploads\/2025\/01\/Attila10-460x295.jpeg\" width=\"460\" height=\"295\" alt=\"\" title=\"Attila10\" aria-label=\"Attila10\" class=\"img-responsive wp-image-5971 fusion-gallery-image-size-fixed\"  \/><\/a><\/div><\/div><div style=\"padding:5px;\" class=\"fusion-grid-column fusion-gallery-column fusion-gallery-column-3 hover-type-none\"><div class=\"fusion-gallery-image\"><a href=\"https:\/\/andreibarseanu.ro\/wp-content\/uploads\/2025\/01\/Attila11.jpeg\" rel=\"noreferrer\" data-rel=\"iLightbox[gallery_image_1]\" class=\"fusion-lightbox\" target=\"_self\"><img decoding=\"async\" src=\"https:\/\/andreibarseanu.ro\/wp-content\/uploads\/2025\/01\/Attila11-460x295.jpeg\" width=\"460\" height=\"295\" alt=\"\" title=\"Attila11\" aria-label=\"Attila11\" class=\"img-responsive wp-image-5972 fusion-gallery-image-size-fixed\"  \/><\/a><\/div><\/div><\/div><\/div><\/div><\/div><\/div><\/div>\n","protected":false},"excerpt":{"rendered":"","protected":false},"author":1,"featured_media":4157,"parent":5714,"menu_order":0,"comment_status":"closed","ping_status":"closed","template":"100-width.php","meta":{"footnotes":""},"class_list":["post-5961","page","type-page","status-publish","has-post-thumbnail","hentry"],"_links":{"self":[{"href":"https:\/\/andreibarseanu.ro\/hu\/wp-json\/wp\/v2\/pages\/5961","targetHints":{"allow":["GET"]}}],"collection":[{"href":"https:\/\/andreibarseanu.ro\/hu\/wp-json\/wp\/v2\/pages"}],"about":[{"href":"https:\/\/andreibarseanu.ro\/hu\/wp-json\/wp\/v2\/types\/page"}],"author":[{"embeddable":true,"href":"https:\/\/andreibarseanu.ro\/hu\/wp-json\/wp\/v2\/users\/1"}],"replies":[{"embeddable":true,"href":"https:\/\/andreibarseanu.ro\/hu\/wp-json\/wp\/v2\/comments?post=5961"}],"version-history":[{"count":1,"href":"https:\/\/andreibarseanu.ro\/hu\/wp-json\/wp\/v2\/pages\/5961\/revisions"}],"predecessor-version":[{"id":5973,"href":"https:\/\/andreibarseanu.ro\/hu\/wp-json\/wp\/v2\/pages\/5961\/revisions\/5973"}],"up":[{"embeddable":true,"href":"https:\/\/andreibarseanu.ro\/hu\/wp-json\/wp\/v2\/pages\/5714"}],"wp:featuredmedia":[{"embeddable":true,"href":"https:\/\/andreibarseanu.ro\/hu\/wp-json\/"}],"wp:attachment":[{"href":"https:\/\/andreibarseanu.ro\/hu\/wp-json\/wp\/v2\/media?parent=5961"}],"curies":[{"name":"wp","href":"https:\/\/api.w.org\/{rel}","templated":true}]}}