{"id":5976,"date":"2025-01-22T13:38:46","date_gmt":"2025-01-22T10:38:46","guid":{"rendered":"https:\/\/andreibarseanu.ro\/?page_id=5976"},"modified":"2025-03-07T10:20:22","modified_gmt":"2025-03-07T07:20:22","slug":"concursuri","status":"publish","type":"page","link":"https:\/\/andreibarseanu.ro\/hu\/concursuri\/","title":{"rendered":"Versenyek"},"content":{"rendered":"<div class=\"fusion-fullwidth fullwidth-box fusion-builder-row-1 fusion-flex-container has-pattern-background has-mask-background nonhundred-percent-fullwidth non-hundred-percent-height-scrolling fusion-animated\" style=\"--awb-background-position:left top;--awb-background-blend-mode:screen;--awb-border-sizes-top:0px;--awb-border-sizes-bottom:0px;--awb-border-sizes-left:0px;--awb-border-sizes-right:0px;--awb-border-color:var(--awb-color3);--awb-border-radius-top-left:0px;--awb-border-radius-top-right:0px;--awb-border-radius-bottom-right:0px;--awb-border-radius-bottom-left:0px;--awb-padding-top:200px;--awb-padding-right:0px;--awb-padding-bottom:10px;--awb-padding-left:0px;--awb-padding-top-medium:0px;--awb-padding-bottom-medium:0px;--awb-padding-top-small:30px;--awb-margin-top:-120px;--awb-margin-bottom:20px;--awb-margin-top-medium:-80px;--awb-margin-bottom-medium:80px;--awb-margin-top-small:-60px;--awb-margin-bottom-small:60px;--awb-background-color:var(--awb-color1);--awb-flex-wrap:wrap;\" data-animationtype=\"fadeInUp\" data-animationduration=\"1.3\" data-animationoffset=\"top-into-view\" ><div class=\"fusion-builder-row fusion-row fusion-flex-align-items-stretch fusion-flex-justify-content-center fusion-flex-content-wrap\" style=\"max-width:calc( 1320px + 0px );margin-left: calc(-0px \/ 2 );margin-right: calc(-0px \/ 2 );\"><div class=\"fusion-layout-column fusion_builder_column fusion-builder-column-0 fusion_builder_column_1_1 1_1 fusion-flex-column\" style=\"--awb-bg-size:cover;--awb-width-large:100%;--awb-margin-top-large:60px;--awb-spacing-right-large:0px;--awb-margin-bottom-large:0px;--awb-spacing-left-large:0px;--awb-width-medium:100%;--awb-order-medium:0;--awb-spacing-right-medium:0px;--awb-spacing-left-medium:0px;--awb-width-small:100%;--awb-order-small:0;--awb-spacing-right-small:0px;--awb-spacing-left-small:0px;\" data-scroll-devices=\"small-visibility,medium-visibility,large-visibility\"><div class=\"fusion-column-wrapper fusion-column-has-shadow fusion-flex-justify-content-flex-start fusion-content-layout-column\"><div class=\"fusion-text fusion-text-1\" style=\"--awb-content-alignment:center;--awb-font-size:22px;--awb-text-color:var(--awb-color5);\"><p>Versenyek<\/p>\n<\/div><\/div><\/div><div class=\"fusion-layout-column fusion_builder_column fusion-builder-column-1 fusion_builder_column_1_1 1_1 fusion-flex-column fusion-animated\" style=\"--awb-padding-top:30px;--awb-padding-right:4vw;--awb-padding-left:4vw;--awb-padding-top-small:0px;--awb-padding-right-small:30px;--awb-padding-bottom-small:0px;--awb-padding-left-small:30px;--awb-bg-color:var(--awb-color1);--awb-bg-color-hover:var(--awb-color1);--awb-bg-size:cover;--awb-width-large:100%;--awb-margin-top-large:0px;--awb-spacing-right-large:calc( 0.022 * calc( 100% - 0 ) );--awb-margin-bottom-large:0px;--awb-spacing-left-large:0px;--awb-width-medium:100%;--awb-order-medium:0;--awb-spacing-right-medium:calc( 0.022 * calc( 100% - 0 ) );--awb-spacing-left-medium:0px;--awb-width-small:100%;--awb-order-small:1;--awb-spacing-right-small:0px;--awb-spacing-left-small:0px;\" data-animationtype=\"fadeInUp\" data-animationduration=\"1.3\" data-animationoffset=\"top-into-view\" data-scroll-devices=\"small-visibility,medium-visibility,large-visibility\"><div class=\"fusion-column-wrapper fusion-column-has-shadow fusion-flex-justify-content-flex-start fusion-content-layout-column\"><div style=\"text-align:center;\"><a class=\"fusion-button button-flat fusion-button-default-size button-custom fusion-button-default button-1 fusion-button-default-span fusion-button-default-type\" style=\"--button_bevel_color:var(--awb-color5);--button_bevel_color_hover:var(--awb-color8);--button_accent_color:var(--awb-color1);--button_border_color:var(--awb-color5);--button_accent_hover_color:var(--awb-color1);--button_border_hover_color:var(--awb-color6);--button_border_width-top:2px;--button_border_width-right:2px;--button_border_width-bottom:2px;--button_border_width-left:2px;--button_gradient_top_color:var(--awb-color5);--button_gradient_bottom_color:var(--awb-color5);--button_gradient_top_color_hover:var(--awb-color6);--button_gradient_bottom_color_hover:var(--awb-color6);--button_text_transform:var(--awb-typography3-text-transform);--button_font_size:var(--awb-typography3-font-size);--button_line_height:var(--awb-typography3-line-height);--button_padding-top:20px;--button_padding-right:40px;--button_padding-bottom:22px;--button_padding-left:40px;--button_typography-letter-spacing:var(--awb-typography3-letter-spacing);--button_typography-font-family:var(--awb-typography3-font-family);--button_typography-font-weight:var(--awb-typography3-font-weight);--button_typography-font-style:var(--awb-typography3-font-style);--button_margin-top:20px;--button_margin-right:20px;\" target=\"_blank\" rel=\"noopener noreferrer\" href=\"https:\/\/andreibarseanu.ro\/wp-content\/uploads\/2025\/03\/Rezultate-olimpiade-si-concursuri-An-scolar-2023-2024.pdf\"><span class=\"fusion-button-text\">Rezultatele la olimpiade \u0219i concursuri 2023 &#8211; 2024<\/span><i class=\"awb-business-long-arrow-alt-right-solid button-icon-right\" aria-hidden=\"true\"><\/i><\/a><\/div><div style=\"text-align:center;\"><a class=\"fusion-button button-flat fusion-button-default-size button-custom fusion-button-default button-2 fusion-button-default-span fusion-button-default-type\" style=\"--button_bevel_color:var(--awb-color5);--button_bevel_color_hover:var(--awb-color8);--button_accent_color:var(--awb-color1);--button_border_color:var(--awb-color5);--button_accent_hover_color:var(--awb-color1);--button_border_hover_color:var(--awb-color6);--button_border_width-top:2px;--button_border_width-right:2px;--button_border_width-bottom:2px;--button_border_width-left:2px;--button_gradient_top_color:var(--awb-color5);--button_gradient_bottom_color:var(--awb-color5);--button_gradient_top_color_hover:var(--awb-color6);--button_gradient_bottom_color_hover:var(--awb-color6);--button_text_transform:var(--awb-typography3-text-transform);--button_font_size:var(--awb-typography3-font-size);--button_line_height:var(--awb-typography3-line-height);--button_padding-top:20px;--button_padding-right:40px;--button_padding-bottom:22px;--button_padding-left:40px;--button_typography-letter-spacing:var(--awb-typography3-letter-spacing);--button_typography-font-family:var(--awb-typography3-font-family);--button_typography-font-weight:var(--awb-typography3-font-weight);--button_typography-font-style:var(--awb-typography3-font-style);--button_margin-top:20px;--button_margin-right:20px;\" target=\"_blank\" rel=\"noopener noreferrer\" href=\"https:\/\/andreibarseanu.ro\/wp-content\/uploads\/2025\/01\/REZULTATE-la-olimpiade-si-concursuri-2022-2023.pdf\"><span class=\"fusion-button-text\">A 2022-2023-as olimpi\u00e1szokon \u00e9s versenyeken el\u00e9rt eredm\u00e9nyek<\/span><i class=\"awb-business-long-arrow-alt-right-solid button-icon-right\" aria-hidden=\"true\"><\/i><\/a><\/div><div style=\"text-align:center;\"><a class=\"fusion-button button-flat fusion-button-default-size button-custom fusion-button-default button-3 fusion-button-default-span fusion-button-default-type\" style=\"--button_bevel_color:var(--awb-color5);--button_bevel_color_hover:var(--awb-color8);--button_accent_color:var(--awb-color1);--button_border_color:var(--awb-color5);--button_accent_hover_color:var(--awb-color1);--button_border_hover_color:var(--awb-color6);--button_border_width-top:2px;--button_border_width-right:2px;--button_border_width-bottom:2px;--button_border_width-left:2px;--button_gradient_top_color:var(--awb-color5);--button_gradient_bottom_color:var(--awb-color5);--button_gradient_top_color_hover:var(--awb-color6);--button_gradient_bottom_color_hover:var(--awb-color6);--button_text_transform:var(--awb-typography3-text-transform);--button_font_size:var(--awb-typography3-font-size);--button_line_height:var(--awb-typography3-line-height);--button_padding-top:20px;--button_padding-right:40px;--button_padding-bottom:22px;--button_padding-left:40px;--button_typography-letter-spacing:var(--awb-typography3-letter-spacing);--button_typography-font-family:var(--awb-typography3-font-family);--button_typography-font-weight:var(--awb-typography3-font-weight);--button_typography-font-style:var(--awb-typography3-font-style);--button_margin-top:20px;--button_margin-right:20px;\" target=\"_blank\" rel=\"noopener noreferrer\" href=\"https:\/\/andreibarseanu.ro\/wp-content\/uploads\/2025\/01\/REZULTATE-la-olimpiade-si-concursuri-2021-2022.pdf\"><span class=\"fusion-button-text\">A 2021-2022-es olimpi\u00e1szokon \u00e9s versenyeken el\u00e9rt eredm\u00e9nyek<\/span><i class=\"awb-business-long-arrow-alt-right-solid button-icon-right\" aria-hidden=\"true\"><\/i><\/a><\/div><div style=\"text-align:center;\"><a class=\"fusion-button button-flat fusion-button-default-size button-custom fusion-button-default button-4 fusion-button-default-span fusion-button-default-type\" style=\"--button_bevel_color:var(--awb-color5);--button_bevel_color_hover:var(--awb-color8);--button_accent_color:var(--awb-color1);--button_border_color:var(--awb-color5);--button_accent_hover_color:var(--awb-color1);--button_border_hover_color:var(--awb-color6);--button_border_width-top:2px;--button_border_width-right:2px;--button_border_width-bottom:2px;--button_border_width-left:2px;--button_gradient_top_color:var(--awb-color5);--button_gradient_bottom_color:var(--awb-color5);--button_gradient_top_color_hover:var(--awb-color6);--button_gradient_bottom_color_hover:var(--awb-color6);--button_text_transform:var(--awb-typography3-text-transform);--button_font_size:var(--awb-typography3-font-size);--button_line_height:var(--awb-typography3-line-height);--button_padding-top:20px;--button_padding-right:40px;--button_padding-bottom:22px;--button_padding-left:40px;--button_typography-letter-spacing:var(--awb-typography3-letter-spacing);--button_typography-font-family:var(--awb-typography3-font-family);--button_typography-font-weight:var(--awb-typography3-font-weight);--button_typography-font-style:var(--awb-typography3-font-style);--button_margin-top:20px;--button_margin-right:20px;\" target=\"_blank\" rel=\"noopener noreferrer\" href=\"https:\/\/andreibarseanu.ro\/wp-content\/uploads\/2025\/01\/Calendar-Olimpiade-judetene-si-nationale-2025.pdf\"><span class=\"fusion-button-text\">Megyei \u00e9s orsz\u00e1gos tant\u00e1rgyversenyek napt\u00e1ra 2025-re<\/span><i class=\"awb-business-long-arrow-alt-right-solid button-icon-right\" aria-hidden=\"true\"><\/i><\/a><\/div><\/div><\/div><\/div><\/div>","protected":false},"excerpt":{"rendered":"","protected":false},"author":1,"featured_media":4157,"parent":0,"menu_order":0,"comment_status":"closed","ping_status":"closed","template":"100-width.php","meta":{"footnotes":""},"class_list":["post-5976","page","type-page","status-publish","has-post-thumbnail","hentry"],"_links":{"self":[{"href":"https:\/\/andreibarseanu.ro\/hu\/wp-json\/wp\/v2\/pages\/5976","targetHints":{"allow":["GET"]}}],"collection":[{"href":"https:\/\/andreibarseanu.ro\/hu\/wp-json\/wp\/v2\/pages"}],"about":[{"href":"https:\/\/andreibarseanu.ro\/hu\/wp-json\/wp\/v2\/types\/page"}],"author":[{"embeddable":true,"href":"https:\/\/andreibarseanu.ro\/hu\/wp-json\/wp\/v2\/users\/1"}],"replies":[{"embeddable":true,"href":"https:\/\/andreibarseanu.ro\/hu\/wp-json\/wp\/v2\/comments?post=5976"}],"version-history":[{"count":3,"href":"https:\/\/andreibarseanu.ro\/hu\/wp-json\/wp\/v2\/pages\/5976\/revisions"}],"predecessor-version":[{"id":6253,"href":"https:\/\/andreibarseanu.ro\/hu\/wp-json\/wp\/v2\/pages\/5976\/revisions\/6253"}],"wp:featuredmedia":[{"embeddable":true,"href":"https:\/\/andreibarseanu.ro\/hu\/wp-json\/"}],"wp:attachment":[{"href":"https:\/\/andreibarseanu.ro\/hu\/wp-json\/wp\/v2\/media?parent=5976"}],"curies":[{"name":"wp","href":"https:\/\/api.w.org\/{rel}","templated":true}]}}