{"id":5988,"date":"2025-02-17T21:02:00","date_gmt":"2025-02-17T18:02:00","guid":{"rendered":"https:\/\/andreibarseanu.ro\/?page_id=5988"},"modified":"2025-02-17T21:02:00","modified_gmt":"2025-02-17T18:02:00","slug":"termeni-si-conditii","status":"publish","type":"page","link":"https:\/\/andreibarseanu.ro\/hu\/termeni-si-conditii\/","title":{"rendered":"Felt\u00e9telek \u00e9s kik\u00f6t\u00e9sek"},"content":{"rendered":"<div class=\"fusion-fullwidth fullwidth-box fusion-builder-row-1 fusion-flex-container has-pattern-background has-mask-background nonhundred-percent-fullwidth non-hundred-percent-height-scrolling fusion-animated\" style=\"--awb-background-position:left top;--awb-background-blend-mode:screen;--awb-border-sizes-top:0px;--awb-border-sizes-bottom:0px;--awb-border-sizes-left:0px;--awb-border-sizes-right:0px;--awb-border-color:var(--awb-color3);--awb-border-radius-top-left:0px;--awb-border-radius-top-right:0px;--awb-border-radius-bottom-right:0px;--awb-border-radius-bottom-left:0px;--awb-padding-top:200px;--awb-padding-right:0px;--awb-padding-bottom:60px;--awb-padding-left:0px;--awb-padding-top-medium:0px;--awb-padding-bottom-medium:0px;--awb-padding-top-small:30px;--awb-margin-top:-120px;--awb-margin-bottom:0px;--awb-margin-top-medium:-80px;--awb-margin-bottom-medium:80px;--awb-margin-top-small:-60px;--awb-margin-bottom-small:60px;--awb-background-color:var(--awb-color1);--awb-flex-wrap:wrap;\" data-animationtype=\"fadeInUp\" data-animationduration=\"1.3\" data-animationoffset=\"top-into-view\" ><div class=\"fusion-builder-row fusion-row fusion-flex-align-items-stretch fusion-flex-justify-content-center fusion-flex-content-wrap\" style=\"max-width:calc( 1320px + 0px );margin-left: calc(-0px \/ 2 );margin-right: calc(-0px \/ 2 );\"><div class=\"fusion-layout-column fusion_builder_column fusion-builder-column-0 fusion_builder_column_1_1 1_1 fusion-flex-column\" style=\"--awb-bg-size:cover;--awb-width-large:100%;--awb-margin-top-large:60px;--awb-spacing-right-large:0px;--awb-margin-bottom-large:0px;--awb-spacing-left-large:0px;--awb-width-medium:100%;--awb-order-medium:0;--awb-spacing-right-medium:0px;--awb-spacing-left-medium:0px;--awb-width-small:100%;--awb-order-small:0;--awb-spacing-right-small:0px;--awb-spacing-left-small:0px;\" data-scroll-devices=\"small-visibility,medium-visibility,large-visibility\"><div class=\"fusion-column-wrapper fusion-column-has-shadow fusion-flex-justify-content-flex-start fusion-content-layout-column\"><div class=\"fusion-text fusion-text-1\" style=\"--awb-content-alignment:center;--awb-font-size:22px;--awb-text-color:var(--awb-color5);\"><p>Felt\u00e9telek \u00e9s kik\u00f6t\u00e9sek<\/p>\n<\/div><\/div><\/div><div class=\"fusion-layout-column fusion_builder_column fusion-builder-column-1 fusion_builder_column_1_1 1_1 fusion-flex-column fusion-animated\" style=\"--awb-padding-top:30px;--awb-padding-right:10px;--awb-padding-left:10px;--awb-padding-top-small:0px;--awb-padding-right-small:30px;--awb-padding-bottom-small:0px;--awb-padding-left-small:30px;--awb-bg-color:var(--awb-color1);--awb-bg-color-hover:var(--awb-color1);--awb-bg-size:cover;--awb-width-large:100%;--awb-margin-top-large:0px;--awb-spacing-right-large:20px;--awb-margin-bottom-large:0px;--awb-spacing-left-large:20px;--awb-width-medium:100%;--awb-order-medium:0;--awb-spacing-right-medium:20px;--awb-spacing-left-medium:20px;--awb-width-small:100%;--awb-order-small:1;--awb-spacing-right-small:0px;--awb-margin-bottom-small:0px;--awb-spacing-left-small:0px;\" data-animationtype=\"fadeInUp\" data-animationduration=\"1.3\" data-animationoffset=\"top-into-view\" data-scroll-devices=\"small-visibility,medium-visibility,large-visibility\"><div class=\"fusion-column-wrapper fusion-column-has-shadow fusion-flex-justify-content-flex-start fusion-content-layout-column\"><div class=\"fusion-text fusion-text-2 fusion-text-no-margin\" style=\"--awb-margin-bottom:0px;\"><p><span style=\"font-weight: 400;\">Condi\u021bii generale pentru utilizarea site-ului www.andreibarseanu.ro<\/span><\/p>\n<p><span style=\"font-weight: 400;\">Utilizarea acestui site de c\u0103tre dumneavoastr\u0103 este condi\u0163ionat\u0103 de respectarea condi\u0163iilor generale de acces \u015fi de utilizare detaliate mai jos, precum \u015fi de respectarea ansamblului de legi aplicabile.<\/span><\/p>\n<p><span style=\"font-weight: 400;\">Accesarea site-ului, parcurgerea \u015fi utilizarea sa \u00eenseamn\u0103 c\u0103 dumneavoastr\u0103 accepta\u0163i implicit \u015fi necondi\u0163ionat termenii \u0219i condi\u021biile de utilizare.<\/span><\/p>\n<p><b>Drepturi de autor. Drepturi de proprietate intelectual\u0103<\/b><\/p>\n<p><span style=\"font-weight: 400;\">Liceul Teoretic \u201dAndrei B\u00e2rseanu\u201d\u00a0T\u00e2rn\u0103veni este de\u0163in\u0103torul site-ului de fa\u0163\u0103. Fotografiile, textele, sloganurile, desenele, imaginile, secven\u0163ele animate sonore sau nu, precum \u015fi toate conceptele integrate \u00een acest site sunt proprietatea liceului sau a unor ter\u0163i care au autorizat institu\u021bia liceului Liceul Teoretic \u201dAndrei B\u00e2rseanu\u201d\u00a0T\u00e2rn\u0103veni s\u0103 le utilizeze.<\/span><\/p>\n<p><span style=\"font-weight: 400;\">Reproducerile, pe h\u00e2rtie sau digitale, ale site-ului sus men\u0163ionat \u015fi\/sau ale lucr\u0103rilor \u015fi\/sau conceptelor care sunt reproduse pe site sunt autorizate cu condi\u0163ia ca acestea s\u0103 fie destinate unei folosin\u0163e strict personale, excluz\u00e2nd orice utilizare \u00een scopuri publicitare \u015fi\/sau comerciale \u015fi\/sau de informare, astfel \u00eenc\u00e2t s\u0103 se conformeze dispozi\u0163iilor legislative privitoare la proprietatea intelectual\u0103.<\/span><\/p>\n<p><span style=\"font-weight: 400;\">Cu excep\u0163ia dispozi\u0163iilor de mai sus, orice reproducere, prezentare, utilizare sau modificare par\u0163ial\u0103 sau integral\u0103 a site-ului, indiferent prin ce procedeu ori pe ce suport, a diverselor idei \u015fi concepte care \u00eel compun, f\u0103r\u0103 a se fi ob\u0163inut \u00een prealabil autoriza\u0163ia de la Liceul Teoretic \u201dAndrei B\u00e2rseanu\u201d\u00a0T\u00e2rn\u0103veni este strict interzis\u0103 \u015fi constituie infrac\u021biune ce se pedepse\u015fte conform legisla\u0163iei \u00een vigoare.<\/span><\/p>\n<p><span style=\"font-weight: 400;\">\u00a0Liceul Teoretic \u201dAndrei B\u00e2rseanu\u201d\u00a0T\u00e2rn\u0103veni\u00a0 \u00ee\u015fi rezerv\u0103 dreptul de a modifica\/actualiza informa\u0163iile ce alc\u0103tuiesc prezentul site pe internet, mai ales pe cele referitoare la ideile \u0219i conceptele prezentate. Acest lucru se poate \u00eent\u00e2mpla \u00een orice moment, f\u0103r\u0103 preaviz, \u0219i, \u0163in\u00e2nd cont de tr\u0103s\u0103tura interactiv\u0103 a site-ului, f\u0103r\u0103 ca modific\u0103rile s\u0103 presupun\u0103 responsabilitatea liceului, a membrilor re\u0163elei sale sau a angaja\u0163ilor s\u0103i.<\/span><\/p>\n<p><span style=\"font-weight: 400;\">Personalul si secretariatul \u0219colii sunt la dispozi\u0163ia dumneavoastr\u0103 pentru orice informa\u0163ie referitoare la programe, metode de \u00eenv\u0103\u021bare, organizare \u0219i orice informa\u021bie o considera\u021bi util\u0103.<\/span><\/p>\n<p><b>Limitarea responsabilit\u0103\u021bii<\/b><\/p>\n<p><span style=\"font-weight: 400;\">Utilizatorul folose\u015fte site-ul pe riscul propriu. \u00cen nici un caz,\u00a0 Liceul Teoretic \u201dAndrei B\u00e2rseanu\u201d\u00a0T\u00e2rn\u0103veni, afilia\u0163ii s\u0103i, membrii re\u0163elei sale, fiecare \u00een parte sau \u00eempreun\u0103, nu vor putea fi f\u0103cu\u0163i responsabili pentru daune directe sau indirecte \u015fi \u00een special pentru prejudiciul material, pierderea de date sau de program, prejudiciul financiar, rezult\u00e2nd din accesul sau utilizarea acestui site sau a tuturor site-urilor care sunt legate de el. Con\u0163inutul site-ului este prezentat f\u0103r\u0103 nici o garan\u0163ie, de nicio natur\u0103.<\/span><\/p>\n<p><span style=\"font-weight: 400;\">Informa\u0163iile asupra programelor, serviciilor, ideilor, conceptelor \u0219i metodelor acestora corespund unei defini\u0163ii la momentul redact\u0103rii lor sau al actualiz\u0103rii diverselor pagini ale site-ului; ele sunt oferite numai cu titlu informativ.<\/span><\/p>\n<p><b>Actualizarea condi\u021biilor generale<\/b><\/p>\n<p><span style=\"font-weight: 400;\">Liceul Teoretic \u201dAndrei B\u00e2rseanu\u201d\u00a0T\u00e2rn\u0103veni \u00ee\u015fi rezerv\u0103 dreptul de a modifica \u015fi actualiza \u00een orice moment accesul la site, precum \u015fi Termenii \u0219u Condi\u0163iile Generale. Modific\u0103rile \u015fi actualiz\u0103rile f\u0103cute \u00een orice moment sunt opozabile\/aplicabile utilizatorului de \u00eendat\u0103 ce au fost postate pe site. Prin urmare, utilizatorul trebuie s\u0103 se raporteze \u00een mod regulat la aceast\u0103 rubric\u0103 pentru a verifica Condi\u0163iile Generale \u00een vigoare.<\/span><\/p>\n<p><b>Politica de confiden\u021bialitate<\/b><\/p>\n<p><span style=\"font-weight: 400;\">\u00cen calitate de autor\/proprietar\/administrator al website-ului www.andreibarseanu.ro, Liceul Teoretic \u201dAndrei B\u00e2rseanu\u201d\u00a0T\u00e2rn\u0103veni se angajeaz\u0103 s\u0103 p\u0103streze caracterul confiden\u0163ial al informa\u0163iei furnizate de c\u0103tre dumneavoastr\u0103 la accesarea \u015fi completarea formularului electronic de solicitare a informa\u021biilor suplimentare.<\/span><\/p>\n<p><span style=\"font-weight: 400;\">Liceul Teoretic \u201dAndrei B\u00e2rseanu\u201d\u00a0T\u00e2rn\u0103veni utilizeaz\u0103 metode \u015fi tehnici de securitate pentru a proteja datele cu caracter personal colectate \u015fi asigur\u0103 persoanele care transmit date cu caracter personal c\u0103 acestea nu vor fi dezv\u0103luite unor ter\u0163e p\u0103r\u0163i dec\u00e2t \u00een condi\u0163iile legii.<\/span><\/p>\n<p><span style=\"font-weight: 400;\">\u00cen conformitate cu prevederile Legii nr. 677\/2001, v\u0103 inform\u0103m c\u0103 beneficiati, la solicitarea dumneavoastr\u0103, de urm\u0103toarele drepturi:<\/span><\/p>\n<p><span style=\"font-weight: 400;\">\u2013 de confirmare a faptului c\u0103 datele dvs. sunt sau nu prelucrate.de interven\u0163ie asupra datelor personale;<\/span><span style=\"font-weight: 400;\"><br \/>\n<\/span><span style=\"font-weight: 400;\">\u2013 de opozi\u0163ie asupra prelucr\u0103rii datelor pentru motive \u00eentemeiate \u015fi legitime legate de situa\u0163ia datelor personale oferite \u00een formularul de solicitare de informa\u021bii suplimentare, respectiv f\u0103r\u0103 vreo motiva\u0163ie \u00een cazul opozi\u0163iei la prelucrarea datelor \u00een scop de marketing direct;<\/span><\/p>\n<p><span style=\"font-weight: 400;\">Liceul Teoretic \u201dAndrei B\u00e2rseanu\u201d\u00a0T\u00e2rn\u0103veni \u00ee\u015fi rezerv\u0103 dreptul de a schimba \u015fi actualiza \u00een orice moment con\u0163inutul website-ului www.andreibarseanu.ro precum \u015fi Politica de confiden\u0163ialitate f\u0103r\u0103 nici un fel de notificare prealabil\u0103. De aceea, v\u0103 rug\u0103m s\u0103 vizita\u0163i periodic aceast\u0103 sec\u0163iune pentru a verifica termenii \u015fi condi\u0163iile pe care a\u0163i agreat s\u0103 le respecta\u0163i.<\/span><\/p>\n<p><b>Date personale<\/b><\/p>\n<p><span style=\"font-weight: 400;\">Pute\u0163i parcurge acest site f\u0103r\u0103 a v\u0103 dezv\u0103lui identitatea sau f\u0103r\u0103 a da nici cea mai mic\u0103 informa\u0163ie \u00een ceea ce v\u0103 prive\u015fte.<\/span><\/p>\n<p><span style=\"font-weight: 400;\">Informa\u0163iile f\u0103r\u0103 caracter personal pe care ni le ve\u0163i comunica vor fi considerate ca fiind neconfiden\u0163iale \u015fi vor putea fi utilizate \u015fi difuzate de c\u0103tre Liceul Teoretic \u201dAndrei B\u00e2rseanu\u201d\u00a0T\u00e2rn\u0103veni afilia\u0163ilor s\u0103i \u015fi membrilor re\u0163elei sale comerciale \u00een mod liber, cu respectarea dispozi\u0163iilor legale aplicabile.<\/span><\/p>\n<p><span style=\"font-weight: 400;\">Liceul Teoretic \u201dAndrei B\u00e2rseanu\u201d\u00a0T\u00e2rn\u0103veni nu va procura informa\u0163ii care s\u0103 permit\u0103 unor ter\u0163i s\u0103 v\u0103 identifice personal, except\u00e2nd situa\u0163ia \u00een care dumneavoastr\u0103 \u00een\u015fiv\u0103 v\u0103 da\u021bi acordul pentru aceast\u0103 opera\u021biune.<\/span><\/p>\n<p><span style=\"font-weight: 400;\">Aceste informa\u0163ii sunt confiden\u0163iale \u015fi p\u0103strate de c\u0103tre Liceul Teoretic \u201dAndrei B\u00e2rseanu\u201d\u00a0T\u00e2rn\u0103veni, afilia\u0163ii s\u0103i \u015fi membrii re\u0163elei sale comerciale, \u00een conformitate cu prevederile Legii nr. 677\/2001.<\/span><\/p>\n<p><b>Informa\u021biile f\u0103r\u0103 caracter personal<\/b><\/p>\n<p><span style=\"font-weight: 400;\">Informa\u0163iile f\u0103r\u0103 caracter personal pe care ni le comunica\u0163i cu privire la preferin\u0163ele dumneavoastr\u0103, interesele principale \u015fi dorin\u021bele dumneavoastr\u0103 sunt utilizate pentru a crea \u015fi a v\u0103 propune programe \u015fi servicii adaptate nevoilor dumneavoastr\u0103.<\/span><\/p>\n<p><span style=\"font-weight: 400;\">Este posibil s\u0103 ob\u0163inem informa\u0163ii \u00een mod automat, dar care nu pot fi \u00een nici un caz asociate vreunei persoane. Aceste informa\u0163ii se refer\u0103 la tipul de browser pe care \u00eel utiliza\u0163i, la platforma computerului dumneavoastr\u0103 \u015fi la numele domeniului prin care ave\u0163i acces la site-ul nostru.<\/span><\/p>\n<\/div><\/div><\/div><\/div><\/div>","protected":false},"excerpt":{"rendered":"","protected":false},"author":1,"featured_media":4157,"parent":0,"menu_order":0,"comment_status":"closed","ping_status":"closed","template":"100-width.php","meta":{"footnotes":""},"class_list":["post-5988","page","type-page","status-publish","has-post-thumbnail","hentry"],"_links":{"self":[{"href":"https:\/\/andreibarseanu.ro\/hu\/wp-json\/wp\/v2\/pages\/5988","targetHints":{"allow":["GET"]}}],"collection":[{"href":"https:\/\/andreibarseanu.ro\/hu\/wp-json\/wp\/v2\/pages"}],"about":[{"href":"https:\/\/andreibarseanu.ro\/hu\/wp-json\/wp\/v2\/types\/page"}],"author":[{"embeddable":true,"href":"https:\/\/andreibarseanu.ro\/hu\/wp-json\/wp\/v2\/users\/1"}],"replies":[{"embeddable":true,"href":"https:\/\/andreibarseanu.ro\/hu\/wp-json\/wp\/v2\/comments?post=5988"}],"version-history":[{"count":3,"href":"https:\/\/andreibarseanu.ro\/hu\/wp-json\/wp\/v2\/pages\/5988\/revisions"}],"predecessor-version":[{"id":5991,"href":"https:\/\/andreibarseanu.ro\/hu\/wp-json\/wp\/v2\/pages\/5988\/revisions\/5991"}],"wp:featuredmedia":[{"embeddable":true,"href":"https:\/\/andreibarseanu.ro\/hu\/wp-json\/"}],"wp:attachment":[{"href":"https:\/\/andreibarseanu.ro\/hu\/wp-json\/wp\/v2\/media?parent=5988"}],"curies":[{"name":"wp","href":"https:\/\/api.w.org\/{rel}","templated":true}]}}