{"id":6010,"date":"2025-02-20T17:35:24","date_gmt":"2025-02-20T14:35:24","guid":{"rendered":"https:\/\/andreibarseanu.ro\/?page_id=6010"},"modified":"2025-02-24T12:03:21","modified_gmt":"2025-02-24T09:03:21","slug":"resurse-si-facilitati","status":"publish","type":"page","link":"https:\/\/andreibarseanu.ro\/hu\/resurse-si-facilitati\/","title":{"rendered":"Er\u0151forr\u00e1sok \u00e9s l\u00e9tes\u00edtm\u00e9nyek"},"content":{"rendered":"<div class=\"fusion-fullwidth fullwidth-box fusion-builder-row-1 fusion-flex-container has-pattern-background has-mask-background nonhundred-percent-fullwidth non-hundred-percent-height-scrolling fusion-animated\" style=\"--awb-background-position:left top;--awb-background-blend-mode:screen;--awb-border-sizes-top:0px;--awb-border-sizes-bottom:0px;--awb-border-sizes-left:0px;--awb-border-sizes-right:0px;--awb-border-color:var(--awb-color3);--awb-border-radius-top-left:0px;--awb-border-radius-top-right:0px;--awb-border-radius-bottom-right:0px;--awb-border-radius-bottom-left:0px;--awb-padding-top:200px;--awb-padding-right:0px;--awb-padding-bottom:90px;--awb-padding-left:0px;--awb-padding-top-medium:0px;--awb-padding-bottom-medium:0px;--awb-padding-top-small:30px;--awb-margin-top:-120px;--awb-margin-bottom:0px;--awb-margin-top-medium:-80px;--awb-margin-bottom-medium:80px;--awb-margin-top-small:-60px;--awb-margin-bottom-small:60px;--awb-background-color:var(--awb-color1);--awb-flex-wrap:wrap;\" data-animationtype=\"fadeInUp\" data-animationduration=\"1.3\" data-animationoffset=\"top-into-view\" ><div class=\"fusion-builder-row fusion-row fusion-flex-align-items-stretch fusion-flex-justify-content-center fusion-flex-content-wrap\" style=\"max-width:calc( 1320px + 0px );margin-left: calc(-0px \/ 2 );margin-right: calc(-0px \/ 2 );\"><div class=\"fusion-layout-column fusion_builder_column fusion-builder-column-0 fusion_builder_column_1_1 1_1 fusion-flex-column\" style=\"--awb-bg-size:cover;--awb-width-large:100%;--awb-margin-top-large:60px;--awb-spacing-right-large:0px;--awb-margin-bottom-large:0px;--awb-spacing-left-large:0px;--awb-width-medium:100%;--awb-order-medium:0;--awb-spacing-right-medium:0px;--awb-spacing-left-medium:0px;--awb-width-small:100%;--awb-order-small:0;--awb-spacing-right-small:0px;--awb-spacing-left-small:0px;\" data-scroll-devices=\"small-visibility,medium-visibility,large-visibility\"><div class=\"fusion-column-wrapper fusion-column-has-shadow fusion-flex-justify-content-flex-start fusion-content-layout-column\"><div class=\"fusion-text fusion-text-1\" style=\"--awb-content-alignment:center;--awb-font-size:22px;--awb-text-color:var(--awb-color5);\"><p>Er\u0151forr\u00e1sok \u00e9s l\u00e9tes\u00edtm\u00e9nyek<\/p>\n<\/div><\/div><\/div><div class=\"fusion-layout-column fusion_builder_column fusion-builder-column-1 fusion_builder_column_1_1 1_1 fusion-flex-column fusion-animated\" style=\"--awb-padding-top:30px;--awb-padding-right:10px;--awb-padding-left:10px;--awb-padding-top-small:0px;--awb-padding-right-small:30px;--awb-padding-bottom-small:0px;--awb-padding-left-small:30px;--awb-bg-color:var(--awb-color1);--awb-bg-color-hover:var(--awb-color1);--awb-bg-size:cover;--awb-width-large:100%;--awb-margin-top-large:0px;--awb-spacing-right-large:20px;--awb-margin-bottom-large:0px;--awb-spacing-left-large:20px;--awb-width-medium:100%;--awb-order-medium:0;--awb-spacing-right-medium:20px;--awb-spacing-left-medium:20px;--awb-width-small:100%;--awb-order-small:1;--awb-spacing-right-small:0px;--awb-margin-bottom-small:0px;--awb-spacing-left-small:0px;\" data-animationtype=\"fadeInUp\" data-animationduration=\"1.3\" data-animationoffset=\"top-into-view\" data-scroll-devices=\"small-visibility,medium-visibility,large-visibility\"><div class=\"fusion-column-wrapper fusion-column-has-shadow fusion-flex-justify-content-flex-start fusion-content-layout-column\"><div class=\"fusion-text fusion-text-2 fusion-text-no-margin\" style=\"--awb-margin-bottom:0px;\"><p class=\"p1\">K\u00f6z\u00e9piskol\u00e1nk modern \u00e9s j\u00f3l felszerelt k\u00f6rnyezetet k\u00edn\u00e1l, amely t\u00e1mogatja az oktat\u00e1si folyamatot \u00e9s a di\u00e1kok fejl\u0151d\u00e9s\u00e9t. Biztos\u00edtjuk, hogy minden tanul\u00f3nak hozz\u00e1f\u00e9r\u00e9se legyen a k\u00fcl\u00f6nb\u00f6z\u0151 er\u0151forr\u00e1sokhoz \u00e9s a megfelel\u0151 helyis\u00e9gekhez a tanul\u00e1shoz, kutat\u00e1shoz \u00e9s tan\u00f3r\u00e1n k\u00edv\u00fcli tev\u00e9kenys\u00e9gekhez.<\/p>\n<p class=\"p1\">Folyamatosan beruh\u00e1zunk az infrastrukt\u00far\u00e1ba \u00e9s a technol\u00f3gi\u00e1ba, hogy a legjobb tanul\u00e1si felt\u00e9teleket biztos\u00edtsuk di\u00e1kjaink sz\u00e1m\u00e1ra. Legyen sz\u00f3 modern laborat\u00f3riumokr\u00f3l, sportl\u00e9tes\u00edtm\u00e9nyekr\u0151l vagy oktat\u00e1si eszk\u00f6z\u00f6kr\u0151l, c\u00e9lunk, hogy olyan k\u00f6rnyezetet teremts\u00fcnk, amely teljes\u00edtm\u00e9nyre \u00e9s kreativit\u00e1sra \u00f6szt\u00f6n\u00f6z.<\/p>\n<\/div><div class=\"fusion-text fusion-text-3 fusion-text-no-margin\" style=\"--awb-margin-top:20px;--awb-margin-bottom:0px;\"><p class=\"p1\">A k\u00f6vetkez\u0151ket biztos\u00edtjuk:<\/p>\n<p class=\"p2 translation-block\">\u2022 19 megfelel\u0151en felszerelt tanterem a hat\u00e9kony oktat\u00e1si folyamathoz.<\/p>\n<p class=\"p2 translation-block\">\u2022 1 SmartLab, egy innovat\u00edv digit\u00e1lis laborat\u00f3rium az interakt\u00edv tanul\u00e1shoz.<\/p>\n<p class=\"p2 translation-block\">\u2022 1 fizika-k\u00e9mia laborat\u00f3rium k\u00eds\u00e9rletekhez \u00e9s gyakorlati alkalmaz\u00e1sokhoz.<\/p>\n<p class=\"p2 translation-block\">\u2022 1 biol\u00f3gia - f\u00f6ldrajz laborat\u00f3rium a term\u00e9szettudom\u00e1nyok tanulm\u00e1nyoz\u00e1s\u00e1ra.<\/p>\n<p class=\"p2 translation-block\">\u2022 2 modern technol\u00f3gi\u00e1val felszerelt informatika laborat\u00f3rium.<\/p>\n<p class=\"p2 translation-block\">\u2022 1 tornaterem, valamint egy sport- \u00e9s egy atl\u00e9tikap\u00e1lya a fizikai tev\u00e9kenys\u00e9gekhez \u00e9s a versenyekhez.<\/p>\n<p class=\"p2 translation-block\">\u2022 1 k\u00f6nyvt\u00e1r t\u00f6bb mint 24.000 k\u00f6tettel, ide\u00e1lis hely az olvas\u00e1shoz \u00e9s a kutat\u00e1shoz.<\/p>\n<p class=\"p1 translation-block\">\u2022 1 orvosi rendel\u0151, mely a tanul\u00f3k eg\u00e9szs\u00e9g\u00fcgyi ell\u00e1t\u00e1s\u00e1t biztos\u00edtja.<\/p>\n<p class=\"p2 translation-block\">\u2022 1 iskolai tan\u00e1csad\u00f3 kabinet, ahol a di\u00e1kok pszichol\u00f3giai tan\u00e1csad\u00e1sban r\u00e9szes\u00fclhetnek.<\/p>\n<p class=\"p1\">Ezen l\u00e9tes\u00edtm\u00e9nyek c\u00e9lja egy modern tanul\u00e1si k\u00f6rnyezet l\u00e9trehoz\u00e1sa, amely \u00f6szt\u00f6nzi a di\u00e1kok tanulm\u00e1nyi teljes\u00edtm\u00e9ny\u00e9t \u00e9s szem\u00e9lyes fejl\u0151d\u00e9s\u00e9t.<\/p>\n<\/div><\/div><\/div><\/div><\/div>","protected":false},"excerpt":{"rendered":"","protected":false},"author":1,"featured_media":4157,"parent":0,"menu_order":0,"comment_status":"closed","ping_status":"closed","template":"100-width.php","meta":{"footnotes":""},"class_list":["post-6010","page","type-page","status-publish","has-post-thumbnail","hentry"],"_links":{"self":[{"href":"https:\/\/andreibarseanu.ro\/hu\/wp-json\/wp\/v2\/pages\/6010","targetHints":{"allow":["GET"]}}],"collection":[{"href":"https:\/\/andreibarseanu.ro\/hu\/wp-json\/wp\/v2\/pages"}],"about":[{"href":"https:\/\/andreibarseanu.ro\/hu\/wp-json\/wp\/v2\/types\/page"}],"author":[{"embeddable":true,"href":"https:\/\/andreibarseanu.ro\/hu\/wp-json\/wp\/v2\/users\/1"}],"replies":[{"embeddable":true,"href":"https:\/\/andreibarseanu.ro\/hu\/wp-json\/wp\/v2\/comments?post=6010"}],"version-history":[{"count":7,"href":"https:\/\/andreibarseanu.ro\/hu\/wp-json\/wp\/v2\/pages\/6010\/revisions"}],"predecessor-version":[{"id":6249,"href":"https:\/\/andreibarseanu.ro\/hu\/wp-json\/wp\/v2\/pages\/6010\/revisions\/6249"}],"wp:featuredmedia":[{"embeddable":true,"href":"https:\/\/andreibarseanu.ro\/hu\/wp-json\/"}],"wp:attachment":[{"href":"https:\/\/andreibarseanu.ro\/hu\/wp-json\/wp\/v2\/media?parent=6010"}],"curies":[{"name":"wp","href":"https:\/\/api.w.org\/{rel}","templated":true}]}}