{"id":6259,"date":"2025-03-11T19:26:37","date_gmt":"2025-03-11T16:26:37","guid":{"rendered":"https:\/\/andreibarseanu.ro\/?page_id=6259"},"modified":"2025-11-27T13:56:56","modified_gmt":"2025-11-27T10:56:56","slug":"consiliu-de-administratie","status":"publish","type":"page","link":"https:\/\/andreibarseanu.ro\/hu\/consiliu-de-administratie\/","title":{"rendered":"Igazgat\u00f3tan\u00e1cs"},"content":{"rendered":"<div class=\"fusion-fullwidth fullwidth-box fusion-builder-row-1 fusion-flex-container has-pattern-background has-mask-background nonhundred-percent-fullwidth non-hundred-percent-height-scrolling fusion-animated\" style=\"--awb-background-position:left top;--awb-background-blend-mode:screen;--awb-border-sizes-top:0px;--awb-border-sizes-bottom:0px;--awb-border-sizes-left:0px;--awb-border-sizes-right:0px;--awb-border-color:var(--awb-color3);--awb-border-radius-top-left:0px;--awb-border-radius-top-right:0px;--awb-border-radius-bottom-right:0px;--awb-border-radius-bottom-left:0px;--awb-padding-top:200px;--awb-padding-right:0px;--awb-padding-bottom:0px;--awb-padding-left:0px;--awb-padding-top-medium:0px;--awb-padding-bottom-medium:0px;--awb-padding-top-small:30px;--awb-margin-top:-120px;--awb-margin-bottom:60px;--awb-margin-top-medium:-80px;--awb-margin-bottom-medium:80px;--awb-margin-top-small:-60px;--awb-margin-bottom-small:60px;--awb-background-color:var(--awb-color1);--awb-flex-wrap:wrap;\" data-animationtype=\"fadeInUp\" data-animationduration=\"1.3\" data-animationoffset=\"top-into-view\" ><div class=\"fusion-builder-row fusion-row fusion-flex-align-items-stretch fusion-flex-justify-content-center fusion-flex-content-wrap\" style=\"max-width:calc( 1320px + 0px );margin-left: calc(-0px \/ 2 );margin-right: calc(-0px \/ 2 );\"><div class=\"fusion-layout-column fusion_builder_column fusion-builder-column-0 fusion_builder_column_1_1 1_1 fusion-flex-column\" style=\"--awb-bg-size:cover;--awb-width-large:100%;--awb-margin-top-large:60px;--awb-spacing-right-large:0px;--awb-margin-bottom-large:0px;--awb-spacing-left-large:0px;--awb-width-medium:100%;--awb-order-medium:0;--awb-spacing-right-medium:0px;--awb-spacing-left-medium:0px;--awb-width-small:100%;--awb-order-small:0;--awb-spacing-right-small:0px;--awb-spacing-left-small:0px;\" data-scroll-devices=\"small-visibility,medium-visibility,large-visibility\"><div class=\"fusion-column-wrapper fusion-column-has-shadow fusion-flex-justify-content-flex-start fusion-content-layout-column\"><div class=\"fusion-text fusion-text-1\" style=\"--awb-content-alignment:center;--awb-font-size:22px;--awb-text-color:var(--awb-color5);\"><p>Igazgat\u00f3tan\u00e1cs<\/p>\n<\/div><\/div><\/div><div class=\"fusion-layout-column fusion_builder_column fusion-builder-column-1 fusion_builder_column_1_1 1_1 fusion-flex-column fusion-animated\" style=\"--awb-padding-top:30px;--awb-padding-right:10px;--awb-padding-left:10px;--awb-padding-top-small:0px;--awb-padding-right-small:30px;--awb-padding-bottom-small:0px;--awb-padding-left-small:30px;--awb-bg-color:var(--awb-color1);--awb-bg-color-hover:var(--awb-color1);--awb-bg-size:cover;--awb-width-large:100%;--awb-margin-top-large:0px;--awb-spacing-right-large:20px;--awb-margin-bottom-large:0px;--awb-spacing-left-large:20px;--awb-width-medium:100%;--awb-order-medium:0;--awb-spacing-right-medium:20px;--awb-spacing-left-medium:20px;--awb-width-small:100%;--awb-order-small:1;--awb-spacing-right-small:0px;--awb-margin-bottom-small:0px;--awb-spacing-left-small:0px;\" data-animationtype=\"fadeInUp\" data-animationduration=\"1.3\" data-animationoffset=\"top-into-view\" data-scroll-devices=\"small-visibility,medium-visibility,large-visibility\"><div class=\"fusion-column-wrapper fusion-column-has-shadow fusion-flex-justify-content-flex-start fusion-content-layout-column\"><div class=\"fusion-text fusion-text-2 fusion-text-no-margin\" style=\"--awb-margin-bottom:0px;\"><p class=\"p1 translation-block\">A dics\u0151szentm\u00e1rtoni \u201eAndrei B\u00e2rseanu\u201d Elm\u00e9leti L\u00edceum Igazgat\u00f3tan\u00e1csa d\u00f6nt\u00e9shoz\u00f3 szerepet t\u00f6lt be az oktat\u00e1si egys\u00e9g adminisztrat\u00edv \u00e9s szervez\u00e9si ter\u00fclet\u00e9n. Biztos\u00edtja a hat\u00e9kony forr\u00e1sgazd\u00e1lkod\u00e1st \u00e9s a hat\u00e1lyos el\u0151\u00edr\u00e1sok betart\u00e1s\u00e1t, hozz\u00e1j\u00e1rulva a k\u00f6z\u00e9piskola megfelel\u0151 m\u0171k\u00f6d\u00e9s\u00e9hez.<\/p>\n<p class=\"p1\">Az Igazgat\u00f3tan\u00e1cs eln\u00f6ke, t\u00f6rv\u00e9ny szerint, a k\u00f6z\u00e9piskola igazgat\u00f3ja, Mag\u00f3 Attila M\u00e1rton tan\u00e1r.<\/p>\n<p class=\"p3\"><b>Az Igazgat\u00f3tan\u00e1cs \u00f6sszet\u00e9tele<\/b><b><\/b><\/p>\n<p class=\"p1\">A jelenlegi tan\u00e9vben a dics\u0151szentm\u00e1rtoni \u201eAndrei B\u00e2rseanu\u201d Elm\u00e9leti L\u00edceum Igazgat\u00f3tan\u00e1csa, a hat\u00e1lyos szab\u00e1lyoz\u00e1s szerint, a tan\u00e1ri kar, a sz\u00fcl\u0151k, a helyi hat\u00f3s\u00e1gok \u00e9s a di\u00e1kok k\u00e9pvisel\u0151ib\u0151l \u00e1ll.<\/p>\n<p><br style=\"font-weight: 400;\" \/><br style=\"font-weight: 400;\" \/><\/p>\n<\/div><\/div><\/div><div class=\"fusion-layout-column fusion_builder_column fusion-builder-column-2 fusion_builder_column_1_1 1_1 fusion-flex-column fusion-animated\" style=\"--awb-padding-top:20px;--awb-padding-right:10px;--awb-padding-left:20px;--awb-padding-top-small:30px;--awb-padding-right-small:20px;--awb-padding-bottom-small:30px;--awb-padding-left-small:20px;--awb-overflow:hidden;--awb-bg-color:var(--awb-color1);--awb-bg-color-hover:var(--awb-color1);--awb-bg-size:cover;--awb-border-radius:10px 10px 10px 10px;--awb-width-large:100%;--awb-margin-top-large:0px;--awb-spacing-right-large:20px;--awb-margin-bottom-large:30px;--awb-spacing-left-large:20px;--awb-width-medium:100%;--awb-order-medium:0;--awb-spacing-right-medium:20px;--awb-spacing-left-medium:20px;--awb-width-small:100%;--awb-order-small:1;--awb-spacing-right-small:0px;--awb-spacing-left-small:0px;\" data-animationtype=\"fadeInUp\" data-animationduration=\"1.3\" data-animationoffset=\"top-into-view\" data-scroll-devices=\"small-visibility,medium-visibility,large-visibility\"><div class=\"fusion-column-wrapper fusion-column-has-shadow fusion-flex-justify-content-flex-start fusion-content-layout-column\">\n<div class=\"table-1\">\n<table width=\"100%\">\n<thead>\n<tr>\n<th align=\"left\">Csal\u00e1d - \u00e9s keresztn\u00e9v<\/th>\n<th align=\"left\">Funkci\u00f3<\/th>\n<\/tr>\n<\/thead>\n<tbody>\n<tr>\n<td align=\"left\">Mag\u00f3 Attila M\u00e1rton<\/td>\n<td align=\"left\">Igazgat\u00f3<\/td>\n<\/tr>\n<tr>\n<td align=\"left\">Negru Carmen Maria<\/td>\n<td align=\"left\">Director adjunct<\/td>\n<\/tr>\n<tr>\n<td align=\"left\">Andreescu Dorin<\/td>\n<td align=\"left\">Tag - Tan\u00e1r<\/td>\n<\/tr>\n<tr>\n<td align=\"left\">F\u00fcl\u00f6p Erika Anna<\/td>\n<td align=\"left\">Tag - Tan\u00e1r<\/td>\n<\/tr>\n<tr>\n<td align=\"left\">Stoica Daniela<\/td>\n<td align=\"left\">Tag - Tan\u00e1r<\/td>\n<\/tr>\n<tr>\n<td align=\"left\">Costin Nicolae<\/td>\n<td align=\"left\">Reprezentant al primarului<\/td>\n<\/tr>\n<tr>\n<td align=\"left\">Antonya Mihail<\/td>\n<td align=\"left\">Reprezentant consiliul local<\/td>\n<\/tr>\n<tr>\n<td align=\"left\">Tutecean Cristian<\/td>\n<td align=\"left\">Reprezentant consiliul local<\/td>\n<\/tr>\n<tr>\n<td align=\"left\">M\u0103rginean Liliana<\/td>\n<td align=\"left\">Reprezentant al comitetului de p\u0103rin\u021bi<\/td>\n<\/tr>\n<tr>\n<td align=\"left\">Nagy S\u00e1ndor<\/td>\n<td align=\"left\">Reprezentant al comitetului de p\u0103rin\u021bi<\/td>\n<\/tr>\n<tr>\n<td align=\"left\">Cr\u0103ciun Mario Paul<\/td>\n<td align=\"left\">Reprezentantul elevilor CA<\/td>\n<\/tr>\n<tr>\n<td align=\"left\">Stoica Octavian<\/td>\n<td align=\"left\">Reprezentant sindicat<\/td>\n<\/tr>\n<tr>\n<td align=\"left\">Rezan Ancu\u0163a<\/td>\n<td align=\"left\">Secretar CA<\/td>\n<\/tr>\n<\/tbody>\n<\/table>\n<\/div>\n<\/div><\/div><\/div><\/div>","protected":false},"excerpt":{"rendered":"","protected":false},"author":1,"featured_media":4157,"parent":0,"menu_order":0,"comment_status":"closed","ping_status":"closed","template":"100-width.php","meta":{"footnotes":""},"class_list":["post-6259","page","type-page","status-publish","has-post-thumbnail","hentry"],"_links":{"self":[{"href":"https:\/\/andreibarseanu.ro\/hu\/wp-json\/wp\/v2\/pages\/6259","targetHints":{"allow":["GET"]}}],"collection":[{"href":"https:\/\/andreibarseanu.ro\/hu\/wp-json\/wp\/v2\/pages"}],"about":[{"href":"https:\/\/andreibarseanu.ro\/hu\/wp-json\/wp\/v2\/types\/page"}],"author":[{"embeddable":true,"href":"https:\/\/andreibarseanu.ro\/hu\/wp-json\/wp\/v2\/users\/1"}],"replies":[{"embeddable":true,"href":"https:\/\/andreibarseanu.ro\/hu\/wp-json\/wp\/v2\/comments?post=6259"}],"version-history":[{"count":8,"href":"https:\/\/andreibarseanu.ro\/hu\/wp-json\/wp\/v2\/pages\/6259\/revisions"}],"predecessor-version":[{"id":6614,"href":"https:\/\/andreibarseanu.ro\/hu\/wp-json\/wp\/v2\/pages\/6259\/revisions\/6614"}],"wp:featuredmedia":[{"embeddable":true,"href":"https:\/\/andreibarseanu.ro\/hu\/wp-json\/"}],"wp:attachment":[{"href":"https:\/\/andreibarseanu.ro\/hu\/wp-json\/wp\/v2\/media?parent=6259"}],"curies":[{"name":"wp","href":"https:\/\/api.w.org\/{rel}","templated":true}]}}