{"id":6298,"date":"2025-06-29T16:47:46","date_gmt":"2025-06-29T13:47:46","guid":{"rendered":"https:\/\/andreibarseanu.ro\/?page_id=6298"},"modified":"2025-12-09T09:22:21","modified_gmt":"2025-12-09T06:22:21","slug":"unicef","status":"publish","type":"page","link":"https:\/\/andreibarseanu.ro\/hu\/unicef\/","title":{"rendered":"Unicef"},"content":{"rendered":"<div class=\"fusion-fullwidth fullwidth-box fusion-builder-row-1 fusion-flex-container has-pattern-background has-mask-background nonhundred-percent-fullwidth non-hundred-percent-height-scrolling fusion-animated\" style=\"--awb-background-position:left top;--awb-background-blend-mode:screen;--awb-border-sizes-top:0px;--awb-border-sizes-bottom:0px;--awb-border-sizes-left:0px;--awb-border-sizes-right:0px;--awb-border-color:var(--awb-color3);--awb-border-radius-top-left:0px;--awb-border-radius-top-right:0px;--awb-border-radius-bottom-right:0px;--awb-border-radius-bottom-left:0px;--awb-padding-top:200px;--awb-padding-right:0px;--awb-padding-bottom:10px;--awb-padding-left:0px;--awb-padding-top-medium:0px;--awb-padding-bottom-medium:0px;--awb-padding-top-small:30px;--awb-margin-top:-120px;--awb-margin-bottom:20px;--awb-margin-top-medium:-80px;--awb-margin-bottom-medium:80px;--awb-margin-top-small:-60px;--awb-margin-bottom-small:60px;--awb-background-color:var(--awb-color1);--awb-flex-wrap:wrap;\" data-animationtype=\"fadeInUp\" data-animationduration=\"1.3\" data-animationoffset=\"top-into-view\" ><div class=\"fusion-builder-row fusion-row fusion-flex-align-items-stretch fusion-flex-justify-content-center fusion-flex-content-wrap\" style=\"max-width:calc( 1320px + 0px );margin-left: calc(-0px \/ 2 );margin-right: calc(-0px \/ 2 );\"><div class=\"fusion-layout-column fusion_builder_column fusion-builder-column-0 fusion_builder_column_1_1 1_1 fusion-flex-column\" style=\"--awb-bg-size:cover;--awb-width-large:100%;--awb-margin-top-large:60px;--awb-spacing-right-large:0px;--awb-margin-bottom-large:0px;--awb-spacing-left-large:0px;--awb-width-medium:100%;--awb-order-medium:0;--awb-spacing-right-medium:0px;--awb-spacing-left-medium:0px;--awb-width-small:100%;--awb-order-small:0;--awb-spacing-right-small:0px;--awb-spacing-left-small:0px;\" data-scroll-devices=\"small-visibility,medium-visibility,large-visibility\"><div class=\"fusion-column-wrapper fusion-column-has-shadow fusion-flex-justify-content-flex-start fusion-content-layout-column\"><div class=\"fusion-text fusion-text-1\" style=\"--awb-content-alignment:center;--awb-font-size:22px;--awb-text-color:var(--awb-color5);\"><p>Unicef<\/p>\n<\/div><\/div><\/div><div class=\"fusion-layout-column fusion_builder_column fusion-builder-column-1 fusion_builder_column_1_1 1_1 fusion-flex-column fusion-animated\" style=\"--awb-padding-top:30px;--awb-padding-right:4vw;--awb-padding-left:4vw;--awb-padding-top-small:0px;--awb-padding-right-small:30px;--awb-padding-bottom-small:0px;--awb-padding-left-small:30px;--awb-bg-color:var(--awb-color1);--awb-bg-color-hover:var(--awb-color1);--awb-bg-size:cover;--awb-width-large:100%;--awb-margin-top-large:0px;--awb-spacing-right-large:calc( 0.022 * calc( 100% - 0 ) );--awb-margin-bottom-large:0px;--awb-spacing-left-large:0px;--awb-width-medium:100%;--awb-order-medium:0;--awb-spacing-right-medium:calc( 0.022 * calc( 100% - 0 ) );--awb-spacing-left-medium:0px;--awb-width-small:100%;--awb-order-small:1;--awb-spacing-right-small:0px;--awb-spacing-left-small:0px;\" data-animationtype=\"fadeInUp\" data-animationduration=\"1.3\" data-animationoffset=\"top-into-view\" data-scroll-devices=\"small-visibility,medium-visibility,large-visibility\"><div class=\"fusion-column-wrapper fusion-column-has-shadow fusion-flex-justify-content-flex-start fusion-content-layout-column\"><div class=\"fusion-image-element\" style=\"text-align:center;--awb-margin-bottom:60px;--awb-caption-title-font-family:var(--h2_typography-font-family);--awb-caption-title-font-weight:var(--h2_typography-font-weight);--awb-caption-title-font-style:var(--h2_typography-font-style);--awb-caption-title-size:var(--h2_typography-font-size);--awb-caption-title-transform:var(--h2_typography-text-transform);--awb-caption-title-line-height:var(--h2_typography-line-height);--awb-caption-title-letter-spacing:var(--h2_typography-letter-spacing);\"><span class=\"fusion-imageframe imageframe-none imageframe-1 hover-type-none\"><img decoding=\"async\" width=\"800\" height=\"199\" title=\"unicef\" src=\"https:\/\/andreibarseanu.ro\/wp-content\/uploads\/2025\/06\/unicef.jpg\" data-orig-src=\"https:\/\/andreibarseanu.ro\/wp-content\/uploads\/2025\/06\/unicef.jpg\" alt class=\"lazyload img-responsive wp-image-6299\" srcset=\"data:image\/svg+xml,%3Csvg%20xmlns%3D%27http%3A%2F%2Fwww.w3.org%2F2000%2Fsvg%27%20width%3D%27800%27%20height%3D%27199%27%20viewBox%3D%270%200%20800%20199%27%3E%3Crect%20width%3D%27800%27%20height%3D%27199%27%20fill-opacity%3D%220%22%2F%3E%3C%2Fsvg%3E\" data-srcset=\"https:\/\/andreibarseanu.ro\/wp-content\/uploads\/2025\/06\/unicef-200x50.jpg 200w, https:\/\/andreibarseanu.ro\/wp-content\/uploads\/2025\/06\/unicef-400x100.jpg 400w, https:\/\/andreibarseanu.ro\/wp-content\/uploads\/2025\/06\/unicef-600x149.jpg 600w, https:\/\/andreibarseanu.ro\/wp-content\/uploads\/2025\/06\/unicef.jpg 800w\" data-sizes=\"auto\" data-orig-sizes=\"(max-width: 850px) 100vw, 800px\" \/><\/span><\/div><div class=\"fusion-text fusion-text-2 sm-text-align-left fusion-text-no-margin\" style=\"--awb-margin-bottom:30px;\"><p><span style=\"color: #000000;\">O colaborare puternic\u0103 \u00eentre \u0219coal\u0103, p\u0103rin\u021bi \u0219i comunitate \u00eembun\u0103t\u0103\u021be\u0219te performan\u021bele \u0219colare ale copiilor.<\/span><br \/>\n<span style=\"color: #000000;\">UNICEF \u00een Rom\u00e2nia, HoltIS \u0219i Ministerul Educa\u021biei au realizat platforma online <a style=\"color: #000000;\" href=\"http:\/\/www.educatieparentala.ro\/\">www.educatieparentala.ro<\/a> care asigur\u0103 monitorizare, standarde de calitate \u0219i etic\u0103. Instrumentul de lucru: PLATFORMA: <a style=\"color: #000000;\" href=\"https:\/\/www.qie.ro\/platforma\/\">https:\/\/www.qie.ro\/platforma\/<\/a><span class=\"Apple-converted-space\">\u00a0<\/span><\/span><\/p>\n<\/div><div class=\"fusion-image-element\" style=\"text-align:center;--awb-margin-bottom:60px;--awb-max-width:350px;--awb-caption-title-font-family:var(--h2_typography-font-family);--awb-caption-title-font-weight:var(--h2_typography-font-weight);--awb-caption-title-font-style:var(--h2_typography-font-style);--awb-caption-title-size:var(--h2_typography-font-size);--awb-caption-title-transform:var(--h2_typography-text-transform);--awb-caption-title-line-height:var(--h2_typography-line-height);--awb-caption-title-letter-spacing:var(--h2_typography-letter-spacing);\"><span class=\"fusion-imageframe imageframe-none imageframe-2 hover-type-none\"><img decoding=\"async\" width=\"600\" height=\"286\" title=\"qie\" src=\"https:\/\/andreibarseanu.ro\/wp-content\/uploads\/2025\/06\/qie.jpg\" data-orig-src=\"https:\/\/andreibarseanu.ro\/wp-content\/uploads\/2025\/06\/qie.jpg\" alt class=\"lazyload img-responsive wp-image-6302\" srcset=\"data:image\/svg+xml,%3Csvg%20xmlns%3D%27http%3A%2F%2Fwww.w3.org%2F2000%2Fsvg%27%20width%3D%27600%27%20height%3D%27286%27%20viewBox%3D%270%200%20600%20286%27%3E%3Crect%20width%3D%27600%27%20height%3D%27286%27%20fill-opacity%3D%220%22%2F%3E%3C%2Fsvg%3E\" data-srcset=\"https:\/\/andreibarseanu.ro\/wp-content\/uploads\/2025\/06\/qie-200x95.jpg 200w, https:\/\/andreibarseanu.ro\/wp-content\/uploads\/2025\/06\/qie-400x191.jpg 400w, https:\/\/andreibarseanu.ro\/wp-content\/uploads\/2025\/06\/qie.jpg 600w\" data-sizes=\"auto\" data-orig-sizes=\"(max-width: 850px) 100vw, 600px\" \/><\/span><\/div><div class=\"fusion-text fusion-text-3 sm-text-align-left fusion-text-no-margin\" style=\"--awb-margin-bottom:30px;\"><p>Liceul Teoretic \u201cAndrei B\u00e2rseanu\u201d din T\u00e2rn\u0103veni a r\u0103spuns da invita\u021biei UNICEF \u00een Romania de a participa la activit\u0103\u021bile propuse din proiectele derulate pe ani \u0219colari, dup\u0103 cum urmeaz\u0103:<\/p>\n<\/div><div class=\"fusion-text fusion-text-4\" style=\"--awb-text-color:var(--awb-color5);\"><p><strong><u><a style=\"color: #000080;\" href=\"https:\/\/andreibarseanu.ro\/hu\/unicef\/qie-lectia-nationala-2025-ziua-internationala-a-drepturilor-copilului\/\" rel=\"noopener\">QIE \u2013 Lec\u021bie na\u021bional\u0103 \u2013 2025 \u2013 Ziua interna\u021bional\u0103 a drepturilor copilului<\/a><\/u><\/strong><\/p>\n<\/div><div class=\"fusion-text fusion-text-5\" style=\"--awb-text-color:var(--awb-color5);\"><p><strong><u><a style=\"color: #000080;\" href=\"https:\/\/andreibarseanu.ro\/hu\/unicef\/qie-lectie-nationala-2024-actioneaza-pentru-limitarea-schimbarilor-climatice\/\" rel=\"noopener\">QIE \u2013 Lec\u021bie na\u021bional\u0103 \u2013 2024 \u2013 Ac\u021bioneaz\u0103 pentru limitarea schimb\u0103rilor climatice!<\/a><\/u><\/strong><\/p>\n<\/div><div class=\"fusion-text fusion-text-6\" style=\"--awb-text-color:var(--awb-color5);\"><p><strong><u><a style=\"color: #000080;\" href=\"https:\/\/andreibarseanu.ro\/hu\/unicef\/qie-lectie-nationala-2024-prevenirea-bullying-ului-in-mediul-scolar\/\" rel=\"noopener\">QIE \u2013 Lec\u021bie na\u021bional\u0103 \u2013 2024 \u2013 Prevenirea Bullying-ului \u00een mediul \u0219colar<\/a><\/u><\/strong><\/p>\n<\/div><div class=\"fusion-text fusion-text-7\" style=\"--awb-text-color:var(--awb-color5);\"><p><strong><u><a style=\"color: #000080;\" href=\"https:\/\/andreibarseanu.ro\/hu\/unicef\/qie-lectia-nationala-2025-gestionarea-emotiilor\/\" rel=\"noopener\">QIE \u2013 Lec\u021bia Na\u021bional\u0103 \u2013 2025 \u2013 Gestionarea emo\u021biilor<\/a><\/u><\/strong><\/p>\n<\/div><div class=\"fusion-text fusion-text-8\" style=\"--awb-text-color:var(--awb-color5);\"><p><strong><u><a style=\"color: #000080;\" href=\"https:\/\/andreibarseanu.ro\/hu\/unicef\/qie-lectia-nationala-2025-cum-invatam-sa-invatam\/\" rel=\"noopener\">QIE \u2013 Lec\u021bia Na\u021bional\u0103 \u2013 2025 \u2013 Cum \u00eenv\u0103\u021b\u0103m s\u0103 \u00eenv\u0103\u021b\u0103m?<\/a><\/u><\/strong><\/p>\n<\/div><\/div><\/div><\/div><\/div>","protected":false},"excerpt":{"rendered":"","protected":false},"author":1,"featured_media":4157,"parent":0,"menu_order":0,"comment_status":"closed","ping_status":"closed","template":"100-width.php","meta":{"footnotes":""},"class_list":["post-6298","page","type-page","status-publish","has-post-thumbnail","hentry"],"_links":{"self":[{"href":"https:\/\/andreibarseanu.ro\/hu\/wp-json\/wp\/v2\/pages\/6298","targetHints":{"allow":["GET"]}}],"collection":[{"href":"https:\/\/andreibarseanu.ro\/hu\/wp-json\/wp\/v2\/pages"}],"about":[{"href":"https:\/\/andreibarseanu.ro\/hu\/wp-json\/wp\/v2\/types\/page"}],"author":[{"embeddable":true,"href":"https:\/\/andreibarseanu.ro\/hu\/wp-json\/wp\/v2\/users\/1"}],"replies":[{"embeddable":true,"href":"https:\/\/andreibarseanu.ro\/hu\/wp-json\/wp\/v2\/comments?post=6298"}],"version-history":[{"count":17,"href":"https:\/\/andreibarseanu.ro\/hu\/wp-json\/wp\/v2\/pages\/6298\/revisions"}],"predecessor-version":[{"id":6716,"href":"https:\/\/andreibarseanu.ro\/hu\/wp-json\/wp\/v2\/pages\/6298\/revisions\/6716"}],"wp:featuredmedia":[{"embeddable":true,"href":"https:\/\/andreibarseanu.ro\/hu\/wp-json\/"}],"wp:attachment":[{"href":"https:\/\/andreibarseanu.ro\/hu\/wp-json\/wp\/v2\/media?parent=6298"}],"curies":[{"name":"wp","href":"https:\/\/api.w.org\/{rel}","templated":true}]}}